{"id":9566,"date":"2022-03-01T09:01:08","date_gmt":"2022-03-01T09:01:08","guid":{"rendered":"https:\/\/induo.es\/constructeurs\/"},"modified":"2023-01-11T10:35:21","modified_gmt":"2023-01-11T10:35:21","slug":"constructeurs","status":"publish","type":"page","link":"https:\/\/induo.es\/fr\/constructeurs\/","title":{"rendered":"CONSTRUCTEURS"},"content":{"rendered":"\t\t<div data-elementor-type=\"wp-page\" data-elementor-id=\"9566\" class=\"elementor elementor-9566 elementor-39\" data-elementor-settings=\"[]\">\n\t\t\t\t\t\t\t<div class=\"elementor-section-wrap\">\n\t\t\t\t\t\t\t<section class=\"elementor-section elementor-top-section elementor-element elementor-element-8880bd2 elementor-section-boxed elementor-section-height-default elementor-section-height-default\" data-id=\"8880bd2\" data-element_type=\"section\">\n\t\t\t\t\t\t<div class=\"elementor-container elementor-column-gap-default\">\n\t\t\t\t\t<div class=\"elementor-column elementor-col-100 elementor-top-column elementor-element elementor-element-40a9b93\" data-id=\"40a9b93\" data-element_type=\"column\">\n\t\t\t<div class=\"elementor-widget-wrap elementor-element-populated\">\n\t\t\t\t\t\t\t\t<div class=\"elementor-element elementor-element-04f3839 elementor-widget elementor-widget-text-editor\" data-id=\"04f3839\" data-element_type=\"widget\" data-widget_type=\"text-editor.default\">\n\t\t\t\t<div class=\"elementor-widget-container\">\n\t\t\t<style>\/*! elementor - v3.5.6 - 28-02-2022 *\/\n.elementor-widget-text-editor.elementor-drop-cap-view-stacked .elementor-drop-cap{background-color:#818a91;color:#fff}.elementor-widget-text-editor.elementor-drop-cap-view-framed .elementor-drop-cap{color:#818a91;border:3px solid;background-color:transparent}.elementor-widget-text-editor:not(.elementor-drop-cap-view-default) .elementor-drop-cap{margin-top:8px}.elementor-widget-text-editor:not(.elementor-drop-cap-view-default) .elementor-drop-cap-letter{width:1em;height:1em}.elementor-widget-text-editor .elementor-drop-cap{float:left;text-align:center;line-height:1;font-size:50px}.elementor-widget-text-editor .elementor-drop-cap-letter{display:inline-block}<\/style>\t\t\t\t<p style=\"text-align: center;\">CONSTRUCTEURS<\/p>\n\t\t\t\t\t\t<\/div>\n\t\t\t\t<\/div>\n\t\t\t\t<div class=\"elementor-element elementor-element-3d58121 elementor-widget elementor-widget-heading\" data-id=\"3d58121\" data-element_type=\"widget\" data-widget_type=\"heading.default\">\n\t\t\t\t<div class=\"elementor-widget-container\">\n\t\t\t<style>\/*! elementor - v3.5.6 - 28-02-2022 *\/\n.elementor-heading-title{padding:0;margin:0;line-height:1}.elementor-widget-heading .elementor-heading-title[class*=elementor-size-]>a{color:inherit;font-size:inherit;line-height:inherit}.elementor-widget-heading .elementor-heading-title.elementor-size-small{font-size:15px}.elementor-widget-heading .elementor-heading-title.elementor-size-medium{font-size:19px}.elementor-widget-heading .elementor-heading-title.elementor-size-large{font-size:29px}.elementor-widget-heading .elementor-heading-title.elementor-size-xl{font-size:39px}.elementor-widget-heading .elementor-heading-title.elementor-size-xxl{font-size:59px}<\/style><h1 class=\"elementor-heading-title elementor-size-default\">ARMOIRES DESIGN ET QUALIT\u00c9 POUR <br>DE GRANDS PROJETS<\/h1>\t\t<\/div>\n\t\t\t\t<\/div>\n\t\t\t\t<div class=\"elementor-element elementor-element-7e58128 elementor-widget elementor-widget-text-editor\" data-id=\"7e58128\" data-element_type=\"widget\" data-widget_type=\"text-editor.default\">\n\t\t\t\t<div class=\"elementor-widget-container\">\n\t\t\t\t\t\t\t<p style=\"text-align: center;\">Induo travaille main dans la main avec les leaders du secteur pour donner forme \u00e0 des projets immobiliers qui r\u00e9pondent aux attendes de leurs nouveaux locataires. Nos armoires design s&rsquo;adaptent \u00e0 la perfection aux nouvelles constructions gr\u00e2ce aux multiples finitions, mat\u00e9riaux et designs. <\/p>\n\t\t\t\t\t\t<\/div>\n\t\t\t\t<\/div>\n\t\t\t\t\t<\/div>\n\t\t<\/div>\n\t\t\t\t\t\t\t<\/div>\n\t\t<\/section>\n\t\t\t\t<section class=\"elementor-section elementor-top-section elementor-element elementor-element-4769336 elementor-section-boxed elementor-section-height-default elementor-section-height-default\" data-id=\"4769336\" data-element_type=\"section\">\n\t\t\t\t\t\t<div class=\"elementor-container elementor-column-gap-default\">\n\t\t\t\t\t<div class=\"elementor-column elementor-col-50 elementor-top-column elementor-element elementor-element-0ff7f29\" data-id=\"0ff7f29\" data-element_type=\"column\">\n\t\t\t<div class=\"elementor-widget-wrap elementor-element-populated\">\n\t\t\t\t\t\t\t\t<div class=\"elementor-element elementor-element-8e1a49a elementor-widget elementor-widget-image\" data-id=\"8e1a49a\" data-element_type=\"widget\" data-widget_type=\"image.default\">\n\t\t\t\t<div class=\"elementor-widget-container\">\n\t\t\t<style>\/*! elementor - v3.5.6 - 28-02-2022 *\/\n.elementor-widget-image{text-align:center}.elementor-widget-image a{display:inline-block}.elementor-widget-image a img[src$=\".svg\"]{width:48px}.elementor-widget-image img{vertical-align:middle;display:inline-block}<\/style>\t\t\t\t\t\t\t\t\t\t\t\t<img decoding=\"async\" width=\"715\" height=\"450\" src=\"https:\/\/induo.es\/wp-content\/uploads\/2022\/07\/2021T_07425-1.gif\" class=\"attachment-full size-full\" alt=\"Constructoras\" loading=\"lazy\" \/>\t\t\t\t\t\t\t\t\t\t\t\t\t\t\t<\/div>\n\t\t\t\t<\/div>\n\t\t\t\t\t<\/div>\n\t\t<\/div>\n\t\t\t\t<div class=\"elementor-column elementor-col-50 elementor-top-column elementor-element elementor-element-b82977e\" data-id=\"b82977e\" data-element_type=\"column\">\n\t\t\t<div class=\"elementor-widget-wrap elementor-element-populated\">\n\t\t\t\t\t\t\t\t<div class=\"elementor-element elementor-element-0fc3732 elementor-widget elementor-widget-heading\" data-id=\"0fc3732\" data-element_type=\"widget\" data-widget_type=\"heading.default\">\n\t\t\t\t<div class=\"elementor-widget-container\">\n\t\t\t<h2 class=\"elementor-heading-title elementor-size-default\">Innovation, design et fabrication \nresponsable dans chacune de nos armoires.<\/h2>\t\t<\/div>\n\t\t\t\t<\/div>\n\t\t\t\t<div class=\"elementor-element elementor-element-86c3f60 elementor-widget elementor-widget-text-editor\" data-id=\"86c3f60\" data-element_type=\"widget\" data-widget_type=\"text-editor.default\">\n\t\t\t\t<div class=\"elementor-widget-container\">\n\t\t\t\t\t\t\t<p><b>40 ans d\u2019exp\u00e9rience<\/b> garantissent notre professionnalisme et le soin pour notre travail dans chacune de nos armoires. Nous savons que le succ\u00e8s d\u2019un projet r\u00e9side dans le fait de tenter d\u2019atteindre la qualit\u00e9 maximale dans chaque phase et chaque d\u00e9tail, <b>c\u2019est pourquoi, nous travaillons main dans la main avec des constructeurs depuis la conception initiale jusqu\u2019au d\u00e9veloppement final du projet.<\/b><\/p>\n\n<p>Nous misons sur l\u2019innovation, l\u2019\u00e9volution et la <b>fabrication responsable depuis notre propre usine \u00e0 Zarautz.<\/b> Nombreuses sont les entreprises qui font confiance \u00e0 Induo pour r\u00e9aliser le mobilier sur mesure de leurs projets. D\u00e9couvrez-en plus et choisissez-nous.<\/p>\t\t\t\t\t\t<\/div>\n\t\t\t\t<\/div>\n\t\t\t\t<div class=\"elementor-element elementor-element-a87f0a4 elementor-widget elementor-widget-button\" data-id=\"a87f0a4\" data-element_type=\"widget\" data-widget_type=\"button.default\">\n\t\t\t\t<div class=\"elementor-widget-container\">\n\t\t\t\t\t<div class=\"elementor-button-wrapper\">\n\t\t\t<a href=\"\/fr\/projets\" class=\"elementor-button-link elementor-button elementor-size-sm\" role=\"button\">\n\t\t\t\t\t\t<span class=\"elementor-button-content-wrapper\">\n\t\t\t\t\t\t<span class=\"elementor-button-text\">VOIR LES PROJETS D\u2019INDUO<\/span>\n\t\t<\/span>\n\t\t\t\t\t<\/a>\n\t\t<\/div>\n\t\t\t\t<\/div>\n\t\t\t\t<\/div>\n\t\t\t\t\t<\/div>\n\t\t<\/div>\n\t\t\t\t\t\t\t<\/div>\n\t\t<\/section>\n\t\t\t\t<section class=\"elementor-section elementor-top-section elementor-element elementor-element-afcf029 elementor-section-boxed elementor-section-height-default elementor-section-height-default\" data-id=\"afcf029\" data-element_type=\"section\">\n\t\t\t\t\t\t<div class=\"elementor-container elementor-column-gap-default\">\n\t\t\t\t\t<div class=\"elementor-column elementor-col-50 elementor-top-column elementor-element elementor-element-a3606b6\" data-id=\"a3606b6\" data-element_type=\"column\">\n\t\t\t<div class=\"elementor-widget-wrap elementor-element-populated\">\n\t\t\t\t\t\t\t\t<div class=\"elementor-element elementor-element-cbb742c elementor-widget elementor-widget-heading\" data-id=\"cbb742c\" data-element_type=\"widget\" data-widget_type=\"heading.default\">\n\t\t\t\t<div class=\"elementor-widget-container\">\n\t\t\t<h2 class=\"elementor-heading-title elementor-size-default\">LA CONFIANCE DE NOS CLIENTS EST LA MEILLEURE GARANTIE<\/h2>\t\t<\/div>\n\t\t\t\t<\/div>\n\t\t\t\t<div class=\"elementor-element elementor-element-bb56d5b elementor-widget elementor-widget-text-editor\" data-id=\"bb56d5b\" data-element_type=\"widget\" data-widget_type=\"text-editor.default\">\n\t\t\t\t<div class=\"elementor-widget-container\">\n\t\t\t\t\t\t\t<p>Nombreuses sont<b>les entreprises qui nous font d\u00e9j\u00e0 confiance pour le design et la fabrication de leurs armoires.<\/b> Votre entreprise peut \u00eatre la suivante \u00e0 jouir du style et de la qualit\u00e9 d\u2019Induo.<\/p>\n\t\t\t\t\t\t<\/div>\n\t\t\t\t<\/div>\n\t\t\t\t<div class=\"elementor-element elementor-element-4fa8e18 elementor-widget elementor-widget-heading\" data-id=\"4fa8e18\" data-element_type=\"widget\" data-widget_type=\"heading.default\">\n\t\t\t\t<div class=\"elementor-widget-container\">\n\t\t\t<h2 class=\"elementor-heading-title elementor-size-default\">Toujours conforme aux besoin de chaque client<\/h2>\t\t<\/div>\n\t\t\t\t<\/div>\n\t\t\t\t<div class=\"elementor-element elementor-element-247eb61 elementor-widget elementor-widget-text-editor\" data-id=\"247eb61\" data-element_type=\"widget\" data-widget_type=\"text-editor.default\">\n\t\t\t\t<div class=\"elementor-widget-container\">\n\t\t\t\t\t\t\t<p>Induo Armarios travaille pour que &nbsp;chaque foyer <b>soit unique et personnel<\/b>. C\u2019est pourquoi, bien que votre projet de nouveau logement dispose de mod\u00e8les d\u2019armoires standard, vous pourrez offrir \u00e0 vos acheteurs la possibilit\u00e9 de personnaliser leurs armoires en \u00e9change d\u2019un suppl\u00e9ment. Ils pourront visiter le showroom d\u2019Induo situ\u00e9 \u00e0 Zarautz et choisir le mod\u00e8le qui leur plait le plus pour leur nouveau logement, en comparant les mat\u00e9riaux, les couleurs et les finitions.<\/p>\n\t\t\t\t\t\t<\/div>\n\t\t\t\t<\/div>\n\t\t\t\t\t<\/div>\n\t\t<\/div>\n\t\t\t\t<div class=\"elementor-column elementor-col-50 elementor-top-column elementor-element elementor-element-d140d29\" data-id=\"d140d29\" data-element_type=\"column\">\n\t\t\t<div class=\"elementor-widget-wrap elementor-element-populated\">\n\t\t\t\t\t\t\t\t<div class=\"elementor-element elementor-element-508bde3 elementor-widget elementor-widget-image\" data-id=\"508bde3\" data-element_type=\"widget\" data-widget_type=\"image.default\">\n\t\t\t\t<div class=\"elementor-widget-container\">\n\t\t\t\t\t\t\t\t\t\t\t\t\t\t\t\t<a href=\"https:\/\/induo.es\/wp-content\/uploads\/2022\/07\/2021T_16191_2.gif\" data-elementor-open-lightbox=\"yes\" data-elementor-lightbox-title=\"2021T_16191_2\" e-action-hash=\"#elementor-action%3Aaction%3Dlightbox%26settings%3DeyJpZCI6ODk5OCwidXJsIjoiaHR0cHM6XC9cL2luZHVvLmVzXC93cC1jb250ZW50XC91cGxvYWRzXC8yMDIyXC8wN1wvMjAyMVRfMTYxOTFfMi5naWYifQ%3D%3D\">\n\t\t\t\t\t\t\t<img decoding=\"async\" width=\"1000\" height=\"616\" src=\"https:\/\/induo.es\/wp-content\/uploads\/2022\/07\/2021T_16191_2.gif\" class=\"attachment-full size-full\" alt=\"La confianza de nuestros clientes es la mejor garant\u00eda - Induo\" loading=\"lazy\" \/>\t\t\t\t\t\t\t\t<\/a>\n\t\t\t\t\t\t\t\t\t\t\t\t\t\t\t<\/div>\n\t\t\t\t<\/div>\n\t\t\t\t\t<\/div>\n\t\t<\/div>\n\t\t\t\t\t\t\t<\/div>\n\t\t<\/section>\n\t\t\t\t<section class=\"elementor-section elementor-top-section elementor-element elementor-element-21f03dd elementor-section-boxed elementor-section-height-default elementor-section-height-default\" data-id=\"21f03dd\" data-element_type=\"section\">\n\t\t\t\t\t\t<div class=\"elementor-container elementor-column-gap-default\">\n\t\t\t\t\t<div class=\"elementor-column elementor-col-50 elementor-top-column elementor-element elementor-element-9dd5d49\" data-id=\"9dd5d49\" data-element_type=\"column\">\n\t\t\t<div class=\"elementor-widget-wrap elementor-element-populated\">\n\t\t\t\t\t\t\t\t<div class=\"elementor-element elementor-element-83fa118 elementor-widget elementor-widget-image\" data-id=\"83fa118\" data-element_type=\"widget\" data-widget_type=\"image.default\">\n\t\t\t\t<div class=\"elementor-widget-container\">\n\t\t\t\t\t\t\t\t\t\t\t\t\t\t\t<img decoding=\"async\" width=\"660\" height=\"512\" src=\"https:\/\/induo.es\/wp-content\/uploads\/2022\/07\/2021T_03966_3.gif\" class=\"attachment-full size-full\" alt=\"Aprovecha nuestro showroom con tus clientes - Induo\" loading=\"lazy\" \/>\t\t\t\t\t\t\t\t\t\t\t\t\t\t\t<\/div>\n\t\t\t\t<\/div>\n\t\t\t\t<div class=\"elementor-element elementor-element-0c14c37 elementor-widget elementor-widget-heading\" data-id=\"0c14c37\" data-element_type=\"widget\" data-widget_type=\"heading.default\">\n\t\t\t\t<div class=\"elementor-widget-container\">\n\t\t\t<h2 class=\"elementor-heading-title elementor-size-default\"><span style=\"font-size: 33.6px;\">D\u00e9couvrez notre showroom avec vos clients<\/span><\/h2>\t\t<\/div>\n\t\t\t\t<\/div>\n\t\t\t\t<div class=\"elementor-element elementor-element-0f85b43 elementor-widget elementor-widget-text-editor\" data-id=\"0f85b43\" data-element_type=\"widget\" data-widget_type=\"text-editor.default\">\n\t\t\t\t<div class=\"elementor-widget-container\">\n\t\t\t\t\t\t\t<p>Le showroom d\u2019Induo Armarios est un lieu con\u00e7u pour que nos visiteurs trouvent l\u2019option parfaite pour leurs armoires. Nous savons que dans les installations des nouveaux logements, il n\u2019existe pas toujours l\u2019espace suffisant pour montrer toutes les options de finitions, mat\u00e9riaux et couleurs disponibles, c\u2019est pourquoi nous vous donnons la possibilit\u00e9 d\u2019inviter vos acheteurs \u00e0 visiter notre showroom, o\u00f9 nous les accompagnerons et les conseillerons dans le choix de leur nouveau mobilier. <\/p>\n\t\t\t\t\t\t<\/div>\n\t\t\t\t<\/div>\n\t\t\t\t\t<\/div>\n\t\t<\/div>\n\t\t\t\t<div class=\"elementor-column elementor-col-50 elementor-top-column elementor-element elementor-element-8562e90\" data-id=\"8562e90\" data-element_type=\"column\">\n\t\t\t<div class=\"elementor-widget-wrap elementor-element-populated\">\n\t\t\t\t\t\t\t\t<div class=\"elementor-element elementor-element-646477d elementor-widget elementor-widget-image\" data-id=\"646477d\" data-element_type=\"widget\" data-widget_type=\"image.default\">\n\t\t\t\t<div class=\"elementor-widget-container\">\n\t\t\t\t\t\t\t\t\t\t\t\t\t\t\t\t<a href=\"https:\/\/induo.es\/wp-content\/uploads\/2022\/07\/2021T_07429_4.gif\" data-elementor-open-lightbox=\"yes\" data-elementor-lightbox-title=\"2021T_07429_4\" e-action-hash=\"#elementor-action%3Aaction%3Dlightbox%26settings%3DeyJpZCI6ODk5NSwidXJsIjoiaHR0cHM6XC9cL2luZHVvLmVzXC93cC1jb250ZW50XC91cGxvYWRzXC8yMDIyXC8wN1wvMjAyMVRfMDc0MjlfNC5naWYifQ%3D%3D\">\n\t\t\t\t\t\t\t<img decoding=\"async\" width=\"450\" height=\"680\" src=\"https:\/\/induo.es\/wp-content\/uploads\/2022\/07\/2021T_07429_4.gif\" class=\"attachment-full size-full\" alt=\"Aprovecha nuestro showroom con tus clientes - Induo\" loading=\"lazy\" \/>\t\t\t\t\t\t\t\t<\/a>\n\t\t\t\t\t\t\t\t\t\t\t\t\t\t\t<\/div>\n\t\t\t\t<\/div>\n\t\t\t\t\t<\/div>\n\t\t<\/div>\n\t\t\t\t\t\t\t<\/div>\n\t\t<\/section>\n\t\t\t\t<section class=\"elementor-section elementor-top-section elementor-element elementor-element-b2f070c elementor-section-boxed elementor-section-height-default elementor-section-height-default\" data-id=\"b2f070c\" data-element_type=\"section\" data-settings=\"{&quot;background_background&quot;:&quot;classic&quot;}\">\n\t\t\t\t\t\t<div class=\"elementor-container elementor-column-gap-default\">\n\t\t\t\t\t<div class=\"elementor-column elementor-col-100 elementor-top-column elementor-element elementor-element-9ba6c62\" data-id=\"9ba6c62\" data-element_type=\"column\">\n\t\t\t<div class=\"elementor-widget-wrap elementor-element-populated\">\n\t\t\t\t\t\t\t\t<div class=\"elementor-element elementor-element-4bb0c56 elementor-widget elementor-widget-heading\" data-id=\"4bb0c56\" data-element_type=\"widget\" data-widget_type=\"heading.default\">\n\t\t\t\t<div class=\"elementor-widget-container\">\n\t\t\t<h2 class=\"elementor-heading-title elementor-size-default\">NOUS CR\u00c9ONS L\u2019ESPACE DONT VOUS R\u00caVEZ<\/h2>\t\t<\/div>\n\t\t\t\t<\/div>\n\t\t\t\t<div class=\"elementor-element elementor-element-8917f67 elementor-widget elementor-widget-text-editor\" data-id=\"8917f67\" data-element_type=\"widget\" data-widget_type=\"text-editor.default\">\n\t\t\t\t<div class=\"elementor-widget-container\">\n\t\t\t\t\t\t\t<p style=\"text-align: center;\">Si vous souhaitez en savoir plus sur nos armoires, nos cuisines ou sur notre mobilier sur mesure, veuillez nous contacter sans engagement et un de nos sp\u00e9cialistes vous contactera pour vous conseiller<\/p>\n\t\t\t\t\t\t<\/div>\n\t\t\t\t<\/div>\n\t\t\t\t<div class=\"elementor-element elementor-element-1c99681 elementor-align-center elementor-widget elementor-widget-button\" data-id=\"1c99681\" data-element_type=\"widget\" data-widget_type=\"button.default\">\n\t\t\t\t<div class=\"elementor-widget-container\">\n\t\t\t\t\t<div class=\"elementor-button-wrapper\">\n\t\t\t<a href=\"https:\/\/induo.es\/fr\/contact\/\" class=\"elementor-button-link elementor-button elementor-size-sm\" role=\"button\">\n\t\t\t\t\t\t<span class=\"elementor-button-content-wrapper\">\n\t\t\t\t\t\t<span class=\"elementor-button-text\">CONTACTER INDUO<\/span>\n\t\t<\/span>\n\t\t\t\t\t<\/a>\n\t\t<\/div>\n\t\t\t\t<\/div>\n\t\t\t\t<\/div>\n\t\t\t\t\t<\/div>\n\t\t<\/div>\n\t\t\t\t\t\t\t<\/div>\n\t\t<\/section>\n\t\t\t\t\t\t<\/div>\n\t\t\t\t\t<\/div>\n\t\t","protected":false},"excerpt":{"rendered":"<p>CONSTRUCTEURS ARMOIRES DESIGN ET QUALIT\u00c9 POUR DE GRANDS PROJETS Induo travaille main dans la main avec les leaders du secteur pour donner forme \u00e0 des projets immobiliers qui r\u00e9pondent aux attendes de leurs nouveaux locataires. Nos armoires design s&rsquo;adaptent \u00e0 la perfection aux nouvelles constructions gr\u00e2ce aux multiples finitions, mat\u00e9riaux et designs. Innovation, design et [&hellip;]<\/p>\n","protected":false},"author":1,"featured_media":0,"parent":0,"menu_order":3,"comment_status":"closed","ping_status":"closed","template":"","meta":[],"tipos_productos":[],"acf":[],"yoast_head":"<!-- This site is optimized with the Yoast SEO plugin v20.0 - https:\/\/yoast.com\/wordpress\/plugins\/seo\/ -->\n<title>Conception et qualit\u00e9 des armoires pour les entreprises de construction et les grands projets.<\/title>\n<meta name=\"description\" content=\"Les armoires personnalis\u00e9es d&#039;Induo s&#039;adaptent parfaitement aux nouveaux b\u00e2timents gr\u00e2ce aux nombreuses finitions, mat\u00e9riaux et designs diff\u00e9rents.\" \/>\n<meta name=\"robots\" content=\"index, follow, max-snippet:-1, max-image-preview:large, max-video-preview:-1\" \/>\n<link rel=\"canonical\" href=\"https:\/\/induo.es\/fr\/constructeurs\/\" \/>\n<meta property=\"og:locale\" content=\"fr_FR\" \/>\n<meta property=\"og:type\" content=\"article\" \/>\n<meta property=\"og:title\" content=\"Conception et qualit\u00e9 des armoires pour les entreprises de construction et les grands projets.\" \/>\n<meta property=\"og:description\" content=\"Les armoires personnalis\u00e9es d&#039;Induo s&#039;adaptent parfaitement aux nouveaux b\u00e2timents gr\u00e2ce aux nombreuses finitions, mat\u00e9riaux et designs diff\u00e9rents.\" \/>\n<meta property=\"og:url\" content=\"https:\/\/induo.es\/fr\/constructeurs\/\" \/>\n<meta property=\"og:site_name\" content=\"Induo\" \/>\n<meta property=\"article:modified_time\" content=\"2023-01-11T10:35:21+00:00\" \/>\n<meta property=\"og:image\" content=\"https:\/\/induo.es\/wp-content\/uploads\/2022\/07\/2021T_07425-1.gif\" \/>\n<meta name=\"twitter:card\" content=\"summary_large_image\" \/>\n<meta name=\"twitter:label1\" content=\"Dur\u00e9e de lecture estim\u00e9e\" \/>\n\t<meta name=\"twitter:data1\" content=\"3 minutes\" \/>\n<script type=\"application\/ld+json\" class=\"yoast-schema-graph\">{\"@context\":\"https:\/\/schema.org\",\"@graph\":[{\"@type\":\"WebPage\",\"@id\":\"https:\/\/induo.es\/fr\/constructeurs\/\",\"url\":\"https:\/\/induo.es\/fr\/constructeurs\/\",\"name\":\"Conception et qualit\u00e9 des armoires pour les entreprises de construction et les grands projets.\",\"isPartOf\":{\"@id\":\"https:\/\/induo.es\/fr\/#website\"},\"datePublished\":\"2022-03-01T09:01:08+00:00\",\"dateModified\":\"2023-01-11T10:35:21+00:00\",\"description\":\"Les armoires personnalis\u00e9es d'Induo s'adaptent parfaitement aux nouveaux b\u00e2timents gr\u00e2ce aux nombreuses finitions, mat\u00e9riaux et designs diff\u00e9rents.\",\"breadcrumb\":{\"@id\":\"https:\/\/induo.es\/fr\/constructeurs\/#breadcrumb\"},\"inLanguage\":\"fr-FR\",\"potentialAction\":[{\"@type\":\"ReadAction\",\"target\":[\"https:\/\/induo.es\/fr\/constructeurs\/\"]}]},{\"@type\":\"BreadcrumbList\",\"@id\":\"https:\/\/induo.es\/fr\/constructeurs\/#breadcrumb\",\"itemListElement\":[{\"@type\":\"ListItem\",\"position\":1,\"name\":\"Portada\",\"item\":\"https:\/\/induo.es\/fr\/home\/\"},{\"@type\":\"ListItem\",\"position\":2,\"name\":\"CONSTRUCTEURS\"}]},{\"@type\":\"WebSite\",\"@id\":\"https:\/\/induo.es\/fr\/#website\",\"url\":\"https:\/\/induo.es\/fr\/\",\"name\":\"Induo\",\"description\":\"Armarios y Cocinas\",\"publisher\":{\"@id\":\"https:\/\/induo.es\/fr\/#organization\"},\"potentialAction\":[{\"@type\":\"SearchAction\",\"target\":{\"@type\":\"EntryPoint\",\"urlTemplate\":\"https:\/\/induo.es\/fr\/?s={search_term_string}\"},\"query-input\":\"required name=search_term_string\"}],\"inLanguage\":\"fr-FR\"},{\"@type\":\"Organization\",\"@id\":\"https:\/\/induo.es\/fr\/#organization\",\"name\":\"Induo\",\"url\":\"https:\/\/induo.es\/fr\/\",\"logo\":{\"@type\":\"ImageObject\",\"inLanguage\":\"fr-FR\",\"@id\":\"https:\/\/induo.es\/fr\/#\/schema\/logo\/image\/\",\"url\":\"https:\/\/induo.es\/wp-content\/uploads\/2022\/03\/cropped-logo-1.png\",\"contentUrl\":\"https:\/\/induo.es\/wp-content\/uploads\/2022\/03\/cropped-logo-1.png\",\"width\":150,\"height\":42,\"caption\":\"Induo\"},\"image\":{\"@id\":\"https:\/\/induo.es\/fr\/#\/schema\/logo\/image\/\"}}]}<\/script>\n<!-- \/ Yoast SEO plugin. -->","yoast_head_json":{"title":"Conception et qualit\u00e9 des armoires pour les entreprises de construction et les grands projets.","description":"Les armoires personnalis\u00e9es d'Induo s'adaptent parfaitement aux nouveaux b\u00e2timents gr\u00e2ce aux nombreuses finitions, mat\u00e9riaux et designs diff\u00e9rents.","robots":{"index":"index","follow":"follow","max-snippet":"max-snippet:-1","max-image-preview":"max-image-preview:large","max-video-preview":"max-video-preview:-1"},"canonical":"https:\/\/induo.es\/fr\/constructeurs\/","og_locale":"fr_FR","og_type":"article","og_title":"Conception et qualit\u00e9 des armoires pour les entreprises de construction et les grands projets.","og_description":"Les armoires personnalis\u00e9es d'Induo s'adaptent parfaitement aux nouveaux b\u00e2timents gr\u00e2ce aux nombreuses finitions, mat\u00e9riaux et designs diff\u00e9rents.","og_url":"https:\/\/induo.es\/fr\/constructeurs\/","og_site_name":"Induo","article_modified_time":"2023-01-11T10:35:21+00:00","og_image":[{"url":"https:\/\/induo.es\/wp-content\/uploads\/2022\/07\/2021T_07425-1.gif"}],"twitter_card":"summary_large_image","twitter_misc":{"Dur\u00e9e de lecture estim\u00e9e":"3 minutes"},"schema":{"@context":"https:\/\/schema.org","@graph":[{"@type":"WebPage","@id":"https:\/\/induo.es\/fr\/constructeurs\/","url":"https:\/\/induo.es\/fr\/constructeurs\/","name":"Conception et qualit\u00e9 des armoires pour les entreprises de construction et les grands projets.","isPartOf":{"@id":"https:\/\/induo.es\/fr\/#website"},"datePublished":"2022-03-01T09:01:08+00:00","dateModified":"2023-01-11T10:35:21+00:00","description":"Les armoires personnalis\u00e9es d'Induo s'adaptent parfaitement aux nouveaux b\u00e2timents gr\u00e2ce aux nombreuses finitions, mat\u00e9riaux et designs diff\u00e9rents.","breadcrumb":{"@id":"https:\/\/induo.es\/fr\/constructeurs\/#breadcrumb"},"inLanguage":"fr-FR","potentialAction":[{"@type":"ReadAction","target":["https:\/\/induo.es\/fr\/constructeurs\/"]}]},{"@type":"BreadcrumbList","@id":"https:\/\/induo.es\/fr\/constructeurs\/#breadcrumb","itemListElement":[{"@type":"ListItem","position":1,"name":"Portada","item":"https:\/\/induo.es\/fr\/home\/"},{"@type":"ListItem","position":2,"name":"CONSTRUCTEURS"}]},{"@type":"WebSite","@id":"https:\/\/induo.es\/fr\/#website","url":"https:\/\/induo.es\/fr\/","name":"Induo","description":"Armarios y Cocinas","publisher":{"@id":"https:\/\/induo.es\/fr\/#organization"},"potentialAction":[{"@type":"SearchAction","target":{"@type":"EntryPoint","urlTemplate":"https:\/\/induo.es\/fr\/?s={search_term_string}"},"query-input":"required name=search_term_string"}],"inLanguage":"fr-FR"},{"@type":"Organization","@id":"https:\/\/induo.es\/fr\/#organization","name":"Induo","url":"https:\/\/induo.es\/fr\/","logo":{"@type":"ImageObject","inLanguage":"fr-FR","@id":"https:\/\/induo.es\/fr\/#\/schema\/logo\/image\/","url":"https:\/\/induo.es\/wp-content\/uploads\/2022\/03\/cropped-logo-1.png","contentUrl":"https:\/\/induo.es\/wp-content\/uploads\/2022\/03\/cropped-logo-1.png","width":150,"height":42,"caption":"Induo"},"image":{"@id":"https:\/\/induo.es\/fr\/#\/schema\/logo\/image\/"}}]}},"_links":{"self":[{"href":"https:\/\/induo.es\/fr\/wp-json\/wp\/v2\/pages\/9566"}],"collection":[{"href":"https:\/\/induo.es\/fr\/wp-json\/wp\/v2\/pages"}],"about":[{"href":"https:\/\/induo.es\/fr\/wp-json\/wp\/v2\/types\/page"}],"author":[{"embeddable":true,"href":"https:\/\/induo.es\/fr\/wp-json\/wp\/v2\/users\/1"}],"replies":[{"embeddable":true,"href":"https:\/\/induo.es\/fr\/wp-json\/wp\/v2\/comments?post=9566"}],"version-history":[{"count":16,"href":"https:\/\/induo.es\/fr\/wp-json\/wp\/v2\/pages\/9566\/revisions"}],"predecessor-version":[{"id":10955,"href":"https:\/\/induo.es\/fr\/wp-json\/wp\/v2\/pages\/9566\/revisions\/10955"}],"wp:attachment":[{"href":"https:\/\/induo.es\/fr\/wp-json\/wp\/v2\/media?parent=9566"}],"wp:term":[{"taxonomy":"tipos_productos","embeddable":true,"href":"https:\/\/induo.es\/fr\/wp-json\/wp\/v2\/tipos_productos?post=9566"}],"curies":[{"name":"wp","href":"https:\/\/api.w.org\/{rel}","templated":true}]}}