{"id":9564,"date":"2022-03-03T10:35:16","date_gmt":"2022-03-03T10:35:16","guid":{"rendered":"https:\/\/induo.es\/produits\/cuisines\/"},"modified":"2023-11-28T15:31:01","modified_gmt":"2023-11-28T15:31:01","slug":"cuisines","status":"publish","type":"page","link":"https:\/\/induo.es\/fr\/produits\/cuisines\/","title":{"rendered":"Cuisines"},"content":{"rendered":"\t\t<div data-elementor-type=\"wp-page\" data-elementor-id=\"9564\" class=\"elementor elementor-9564 elementor-496\" data-elementor-settings=\"[]\">\n\t\t\t\t\t\t\t<div class=\"elementor-section-wrap\">\n\t\t\t\t\t\t\t<section class=\"elementor-section elementor-top-section elementor-element elementor-element-60d8d978 elementor-section-full_width elementor-section-height-default elementor-section-height-default\" data-id=\"60d8d978\" data-element_type=\"section\">\n\t\t\t\t\t\t<div class=\"elementor-container elementor-column-gap-default\">\n\t\t\t\t\t<div class=\"elementor-column elementor-col-100 elementor-top-column elementor-element elementor-element-7b8adbf\" data-id=\"7b8adbf\" data-element_type=\"column\">\n\t\t\t<div class=\"elementor-widget-wrap elementor-element-populated\">\n\t\t\t\t\t\t\t\t<div class=\"elementor-element elementor-element-416f80de migas-de-pan elementor-widget elementor-widget-breadcrumbs\" data-id=\"416f80de\" data-element_type=\"widget\" data-widget_type=\"breadcrumbs.default\">\n\t\t\t\t<div class=\"elementor-widget-container\">\n\t\t\t<link rel=\"stylesheet\" href=\"https:\/\/induo.es\/wp-content\/plugins\/elementor-pro\/assets\/css\/widget-theme-elements.min.css\"><p id=\"breadcrumbs\"><span><span><a href=\"https:\/\/induo.es\/fr\/home\/\">Portada<\/a><\/span><\/span><\/p>\t\t<\/div>\n\t\t\t\t<\/div>\n\t\t\t\t\t<\/div>\n\t\t<\/div>\n\t\t\t\t\t\t\t<\/div>\n\t\t<\/section>\n\t\t\t\t<section class=\"elementor-section elementor-top-section elementor-element elementor-element-c6636db elementor-section-boxed elementor-section-height-default elementor-section-height-default\" data-id=\"c6636db\" data-element_type=\"section\">\n\t\t\t\t\t\t<div class=\"elementor-container elementor-column-gap-default\">\n\t\t\t\t\t<div class=\"elementor-column elementor-col-100 elementor-top-column elementor-element elementor-element-dddff64\" data-id=\"dddff64\" data-element_type=\"column\">\n\t\t\t<div class=\"elementor-widget-wrap elementor-element-populated\">\n\t\t\t\t\t\t\t\t<div class=\"elementor-element elementor-element-740a2b5 elementor-widget elementor-widget-text-editor\" data-id=\"740a2b5\" data-element_type=\"widget\" data-widget_type=\"text-editor.default\">\n\t\t\t\t<div class=\"elementor-widget-container\">\n\t\t\t<style>\/*! elementor - v3.5.6 - 28-02-2022 *\/\n.elementor-widget-text-editor.elementor-drop-cap-view-stacked .elementor-drop-cap{background-color:#818a91;color:#fff}.elementor-widget-text-editor.elementor-drop-cap-view-framed .elementor-drop-cap{color:#818a91;border:3px solid;background-color:transparent}.elementor-widget-text-editor:not(.elementor-drop-cap-view-default) .elementor-drop-cap{margin-top:8px}.elementor-widget-text-editor:not(.elementor-drop-cap-view-default) .elementor-drop-cap-letter{width:1em;height:1em}.elementor-widget-text-editor .elementor-drop-cap{float:left;text-align:center;line-height:1;font-size:50px}.elementor-widget-text-editor .elementor-drop-cap-letter{display:inline-block}<\/style>\t\t\t\t<p>CUISINES<\/p>\n\t\t\t\t\t\t<\/div>\n\t\t\t\t<\/div>\n\t\t\t\t<div class=\"elementor-element elementor-element-ccc6828 elementor-widget elementor-widget-heading\" data-id=\"ccc6828\" data-element_type=\"widget\" data-widget_type=\"heading.default\">\n\t\t\t\t<div class=\"elementor-widget-container\">\n\t\t\t<style>\/*! elementor - v3.5.6 - 28-02-2022 *\/\n.elementor-heading-title{padding:0;margin:0;line-height:1}.elementor-widget-heading .elementor-heading-title[class*=elementor-size-]>a{color:inherit;font-size:inherit;line-height:inherit}.elementor-widget-heading .elementor-heading-title.elementor-size-small{font-size:15px}.elementor-widget-heading .elementor-heading-title.elementor-size-medium{font-size:19px}.elementor-widget-heading .elementor-heading-title.elementor-size-large{font-size:29px}.elementor-widget-heading .elementor-heading-title.elementor-size-xl{font-size:39px}.elementor-widget-heading .elementor-heading-title.elementor-size-xxl{font-size:59px}<\/style><h1 class=\"elementor-heading-title elementor-size-default\">LA CUISINE ID\u00c9ALE POUR VOTRE PROJET D\u2019ARCHITECTURE OU DE D\u00c9CORATION D\u2019INT\u00c9RIEURS<\/h1>\t\t<\/div>\n\t\t\t\t<\/div>\n\t\t\t\t<div class=\"elementor-element elementor-element-a3d9ad6 elementor-widget elementor-widget-text-editor\" data-id=\"a3d9ad6\" data-element_type=\"widget\" data-widget_type=\"text-editor.default\">\n\t\t\t\t<div class=\"elementor-widget-container\">\n\t\t\t\t\t\t\t<p>La recherche de la perfection, le soin des d\u00e9tails et la fonctionnalit\u00e9 sont seulement trois des qualit\u00e9s que poss\u00e8dent les cuisines d\u2019Induo. Armoires, plans de travail, poign\u00e9es&#8230; Tout dans une composition harmonieuse et adapt\u00e9e aux besoins de votre projet.<\/p>\n<p>Consultez quelques-uns de nos projets r\u00e9els et d\u00e9couvrez pourquoi vous devez faire confiance \u00e0 Induo.<\/p>\n\t\t\t\t\t\t<\/div>\n\t\t\t\t<\/div>\n\t\t\t\t\t<\/div>\n\t\t<\/div>\n\t\t\t\t\t\t\t<\/div>\n\t\t<\/section>\n\t\t\t\t<section class=\"elementor-section elementor-top-section elementor-element elementor-element-677b7cb elementor-section-boxed elementor-section-height-default elementor-section-height-default\" data-id=\"677b7cb\" data-element_type=\"section\">\n\t\t\t\t\t\t<div class=\"elementor-container elementor-column-gap-default\">\n\t\t\t\t\t<div class=\"elementor-column elementor-col-100 elementor-top-column elementor-element elementor-element-7103e14\" data-id=\"7103e14\" data-element_type=\"column\">\n\t\t\t<div class=\"elementor-widget-wrap elementor-element-populated\">\n\t\t\t\t\t\t\t\t<div class=\"elementor-element elementor-element-72bfe93 elementor-widget elementor-widget-image-gallery\" data-id=\"72bfe93\" data-element_type=\"widget\" data-widget_type=\"image-gallery.default\">\n\t\t\t\t<div class=\"elementor-widget-container\">\n\t\t\t<style>\/*! elementor - v3.5.6 - 28-02-2022 *\/\n.elementor-image-gallery .gallery-item{display:inline-block;text-align:center;vertical-align:top;width:100%;max-width:100%;margin:0 auto}.elementor-image-gallery .gallery-item img{margin:0 auto}.elementor-image-gallery .gallery-item .gallery-caption{margin:0}.elementor-image-gallery figure img{display:block}.elementor-image-gallery figure figcaption{width:100%}.gallery-spacing-custom .elementor-image-gallery .gallery-icon{padding:0}@media (min-width:768px){.elementor-image-gallery .gallery-columns-2 .gallery-item{max-width:50%}.elementor-image-gallery .gallery-columns-3 .gallery-item{max-width:33.33%}.elementor-image-gallery .gallery-columns-4 .gallery-item{max-width:25%}.elementor-image-gallery .gallery-columns-5 .gallery-item{max-width:20%}.elementor-image-gallery .gallery-columns-6 .gallery-item{max-width:16.666%}.elementor-image-gallery .gallery-columns-7 .gallery-item{max-width:14.28%}.elementor-image-gallery .gallery-columns-8 .gallery-item{max-width:12.5%}.elementor-image-gallery .gallery-columns-9 .gallery-item{max-width:11.11%}.elementor-image-gallery .gallery-columns-10 .gallery-item{max-width:10%}}@media (min-width:480px) and (max-width:767px){.elementor-image-gallery .gallery.gallery-columns-2 .gallery-item,.elementor-image-gallery .gallery.gallery-columns-3 .gallery-item,.elementor-image-gallery .gallery.gallery-columns-4 .gallery-item,.elementor-image-gallery .gallery.gallery-columns-5 .gallery-item,.elementor-image-gallery .gallery.gallery-columns-6 .gallery-item,.elementor-image-gallery .gallery.gallery-columns-7 .gallery-item,.elementor-image-gallery .gallery.gallery-columns-8 .gallery-item,.elementor-image-gallery .gallery.gallery-columns-9 .gallery-item,.elementor-image-gallery .gallery.gallery-columns-10 .gallery-item{max-width:50%}}@media (max-width:479px){.elementor-image-gallery .gallery.gallery-columns-2 .gallery-item,.elementor-image-gallery .gallery.gallery-columns-3 .gallery-item,.elementor-image-gallery .gallery.gallery-columns-4 .gallery-item,.elementor-image-gallery .gallery.gallery-columns-5 .gallery-item,.elementor-image-gallery .gallery.gallery-columns-6 .gallery-item,.elementor-image-gallery .gallery.gallery-columns-7 .gallery-item,.elementor-image-gallery .gallery.gallery-columns-8 .gallery-item,.elementor-image-gallery .gallery.gallery-columns-9 .gallery-item,.elementor-image-gallery .gallery.gallery-columns-10 .gallery-item{max-width:100%}}<\/style>\t\t<div class=\"elementor-image-gallery\">\n\t\t\t<div id='gallery-1' class='gallery galleryid-9564 gallery-columns-2 gallery-size-large'><figure class='gallery-item'>\n\t\t\t<div class='gallery-icon landscape'>\n\t\t\t\t<a data-elementor-open-lightbox=\"yes\" data-elementor-lightbox-slideshow=\"72bfe93\" data-elementor-lightbox-title=\"2019T_06429_\" e-action-hash=\"#elementor-action%3Aaction%3Dlightbox%26settings%3DeyJpZCI6Nzg5NiwidXJsIjoiaHR0cHM6XC9cL2luZHVvLmVzXC93cC1jb250ZW50XC91cGxvYWRzXC8yMDIyXC8wNVwvMjAxOVRfMDY0MjlfLmpwZyIsInNsaWRlc2hvdyI6IjcyYmZlOTMifQ%3D%3D\" href='https:\/\/induo.es\/wp-content\/uploads\/2022\/05\/2019T_06429_.jpg'><img width=\"800\" height=\"533\" src=\"https:\/\/induo.es\/wp-content\/uploads\/2022\/05\/2019T_06429_-1024x682.jpg\" class=\"attachment-large size-large\" alt=\"\" decoding=\"async\" loading=\"lazy\" srcset=\"https:\/\/induo.es\/wp-content\/uploads\/2022\/05\/2019T_06429_-1024x682.jpg 1024w, https:\/\/induo.es\/wp-content\/uploads\/2022\/05\/2019T_06429_-300x200.jpg 300w, https:\/\/induo.es\/wp-content\/uploads\/2022\/05\/2019T_06429_-768x512.jpg 768w, https:\/\/induo.es\/wp-content\/uploads\/2022\/05\/2019T_06429_.jpg 1100w\" sizes=\"(max-width: 800px) 100vw, 800px\" \/><\/a>\n\t\t\t<\/div><\/figure><figure class='gallery-item'>\n\t\t\t<div class='gallery-icon landscape'>\n\t\t\t\t<a data-elementor-open-lightbox=\"yes\" data-elementor-lightbox-slideshow=\"72bfe93\" data-elementor-lightbox-title=\"Zumalacarregi15\" e-action-hash=\"#elementor-action%3Aaction%3Dlightbox%26settings%3DeyJpZCI6NzYyMCwidXJsIjoiaHR0cHM6XC9cL2luZHVvLmVzXC93cC1jb250ZW50XC91cGxvYWRzXC8yMDIyXC8wNFwvY29jaW5hcy0wOC5qcGciLCJzbGlkZXNob3ciOiI3MmJmZTkzIn0%3D\" href='https:\/\/induo.es\/wp-content\/uploads\/2022\/04\/cocinas-08.jpg'><img width=\"800\" height=\"533\" src=\"https:\/\/induo.es\/wp-content\/uploads\/2022\/04\/cocinas-08-1024x682.jpg\" class=\"attachment-large size-large\" alt=\"\" decoding=\"async\" loading=\"lazy\" srcset=\"https:\/\/induo.es\/wp-content\/uploads\/2022\/04\/cocinas-08-1024x682.jpg 1024w, https:\/\/induo.es\/wp-content\/uploads\/2022\/04\/cocinas-08-300x200.jpg 300w, https:\/\/induo.es\/wp-content\/uploads\/2022\/04\/cocinas-08-768x512.jpg 768w, https:\/\/induo.es\/wp-content\/uploads\/2022\/04\/cocinas-08.jpg 1100w\" sizes=\"(max-width: 800px) 100vw, 800px\" \/><\/a>\n\t\t\t<\/div><\/figure><figure class='gallery-item'>\n\t\t\t<div class='gallery-icon landscape'>\n\t\t\t\t<a data-elementor-open-lightbox=\"yes\" data-elementor-lightbox-slideshow=\"72bfe93\" data-elementor-lightbox-title=\"Induo, Arrona Hnos\" e-action-hash=\"#elementor-action%3Aaction%3Dlightbox%26settings%3DeyJpZCI6NzYxMCwidXJsIjoiaHR0cHM6XC9cL2luZHVvLmVzXC93cC1jb250ZW50XC91cGxvYWRzXC8yMDIyXC8wNFwvY29jaW5hcy0wMy5qcGciLCJzbGlkZXNob3ciOiI3MmJmZTkzIn0%3D\" href='https:\/\/induo.es\/wp-content\/uploads\/2022\/04\/cocinas-03.jpg'><img width=\"800\" height=\"533\" src=\"https:\/\/induo.es\/wp-content\/uploads\/2022\/04\/cocinas-03-1024x682.jpg\" class=\"attachment-large size-large\" alt=\"\" decoding=\"async\" loading=\"lazy\" srcset=\"https:\/\/induo.es\/wp-content\/uploads\/2022\/04\/cocinas-03-1024x682.jpg 1024w, https:\/\/induo.es\/wp-content\/uploads\/2022\/04\/cocinas-03-300x200.jpg 300w, https:\/\/induo.es\/wp-content\/uploads\/2022\/04\/cocinas-03-768x512.jpg 768w, https:\/\/induo.es\/wp-content\/uploads\/2022\/04\/cocinas-03-1536x1024.jpg 1536w, https:\/\/induo.es\/wp-content\/uploads\/2022\/04\/cocinas-03.jpg 1700w\" sizes=\"(max-width: 800px) 100vw, 800px\" \/><\/a>\n\t\t\t<\/div><\/figure><figure class='gallery-item'>\n\t\t\t<div class='gallery-icon landscape'>\n\t\t\t\t<a data-elementor-open-lightbox=\"yes\" data-elementor-lightbox-slideshow=\"72bfe93\" data-elementor-lightbox-title=\"Induo\" e-action-hash=\"#elementor-action%3Aaction%3Dlightbox%26settings%3DeyJpZCI6NzYwNiwidXJsIjoiaHR0cHM6XC9cL2luZHVvLmVzXC93cC1jb250ZW50XC91cGxvYWRzXC8yMDIyXC8wNFwvY29jaW5hcy0wMS5qcGciLCJzbGlkZXNob3ciOiI3MmJmZTkzIn0%3D\" href='https:\/\/induo.es\/wp-content\/uploads\/2022\/04\/cocinas-01.jpg'><img width=\"800\" height=\"533\" src=\"https:\/\/induo.es\/wp-content\/uploads\/2022\/04\/cocinas-01-1024x682.jpg\" class=\"attachment-large size-large\" alt=\"\" decoding=\"async\" loading=\"lazy\" srcset=\"https:\/\/induo.es\/wp-content\/uploads\/2022\/04\/cocinas-01-1024x682.jpg 1024w, https:\/\/induo.es\/wp-content\/uploads\/2022\/04\/cocinas-01-300x200.jpg 300w, https:\/\/induo.es\/wp-content\/uploads\/2022\/04\/cocinas-01-768x512.jpg 768w, https:\/\/induo.es\/wp-content\/uploads\/2022\/04\/cocinas-01-1536x1024.jpg 1536w, https:\/\/induo.es\/wp-content\/uploads\/2022\/04\/cocinas-01.jpg 1700w\" sizes=\"(max-width: 800px) 100vw, 800px\" \/><\/a>\n\t\t\t<\/div><\/figure><figure class='gallery-item'>\n\t\t\t<div class='gallery-icon landscape'>\n\t\t\t\t<a data-elementor-open-lightbox=\"yes\" data-elementor-lightbox-slideshow=\"72bfe93\" data-elementor-lightbox-title=\"Induo, Arrona Hnos\" e-action-hash=\"#elementor-action%3Aaction%3Dlightbox%26settings%3DeyJpZCI6NzYxOCwidXJsIjoiaHR0cHM6XC9cL2luZHVvLmVzXC93cC1jb250ZW50XC91cGxvYWRzXC8yMDIyXC8wNFwvY29jaW5hcy0wNy5qcGciLCJzbGlkZXNob3ciOiI3MmJmZTkzIn0%3D\" href='https:\/\/induo.es\/wp-content\/uploads\/2022\/04\/cocinas-07.jpg'><img width=\"800\" height=\"534\" src=\"https:\/\/induo.es\/wp-content\/uploads\/2022\/04\/cocinas-07-1024x683.jpg\" class=\"attachment-large size-large\" alt=\"\" decoding=\"async\" loading=\"lazy\" srcset=\"https:\/\/induo.es\/wp-content\/uploads\/2022\/04\/cocinas-07-1024x683.jpg 1024w, https:\/\/induo.es\/wp-content\/uploads\/2022\/04\/cocinas-07-300x200.jpg 300w, https:\/\/induo.es\/wp-content\/uploads\/2022\/04\/cocinas-07-768x512.jpg 768w, https:\/\/induo.es\/wp-content\/uploads\/2022\/04\/cocinas-07-1536x1024.jpg 1536w, https:\/\/induo.es\/wp-content\/uploads\/2022\/04\/cocinas-07.jpg 1920w\" sizes=\"(max-width: 800px) 100vw, 800px\" \/><\/a>\n\t\t\t<\/div><\/figure><figure class='gallery-item'>\n\t\t\t<div class='gallery-icon landscape'>\n\t\t\t\t<a data-elementor-open-lightbox=\"yes\" data-elementor-lightbox-slideshow=\"72bfe93\" data-elementor-lightbox-title=\"Induo, Arrona Hnos\" e-action-hash=\"#elementor-action%3Aaction%3Dlightbox%26settings%3DeyJpZCI6NzYxNiwidXJsIjoiaHR0cHM6XC9cL2luZHVvLmVzXC93cC1jb250ZW50XC91cGxvYWRzXC8yMDIyXC8wNFwvY29jaW5hcy0wNi5qcGciLCJzbGlkZXNob3ciOiI3MmJmZTkzIn0%3D\" href='https:\/\/induo.es\/wp-content\/uploads\/2022\/04\/cocinas-06.jpg'><img width=\"800\" height=\"536\" src=\"https:\/\/induo.es\/wp-content\/uploads\/2022\/04\/cocinas-06-1024x686.jpg\" class=\"attachment-large size-large\" alt=\"\" decoding=\"async\" loading=\"lazy\" srcset=\"https:\/\/induo.es\/wp-content\/uploads\/2022\/04\/cocinas-06-1024x686.jpg 1024w, https:\/\/induo.es\/wp-content\/uploads\/2022\/04\/cocinas-06-300x201.jpg 300w, https:\/\/induo.es\/wp-content\/uploads\/2022\/04\/cocinas-06-768x515.jpg 768w, https:\/\/induo.es\/wp-content\/uploads\/2022\/04\/cocinas-06-1536x1030.jpg 1536w, https:\/\/induo.es\/wp-content\/uploads\/2022\/04\/cocinas-06.jpg 1920w\" sizes=\"(max-width: 800px) 100vw, 800px\" \/><\/a>\n\t\t\t<\/div><\/figure><figure class='gallery-item'>\n\t\t\t<div class='gallery-icon landscape'>\n\t\t\t\t<a data-elementor-open-lightbox=\"yes\" data-elementor-lightbox-slideshow=\"72bfe93\" data-elementor-lightbox-title=\"Induo, Arrona Hnos\" e-action-hash=\"#elementor-action%3Aaction%3Dlightbox%26settings%3DeyJpZCI6NzYxNCwidXJsIjoiaHR0cHM6XC9cL2luZHVvLmVzXC93cC1jb250ZW50XC91cGxvYWRzXC8yMDIyXC8wNFwvY29jaW5hcy0wNS5qcGciLCJzbGlkZXNob3ciOiI3MmJmZTkzIn0%3D\" href='https:\/\/induo.es\/wp-content\/uploads\/2022\/04\/cocinas-05.jpg'><img width=\"800\" height=\"534\" src=\"https:\/\/induo.es\/wp-content\/uploads\/2022\/04\/cocinas-05-1024x683.jpg\" class=\"attachment-large size-large\" alt=\"\" decoding=\"async\" loading=\"lazy\" srcset=\"https:\/\/induo.es\/wp-content\/uploads\/2022\/04\/cocinas-05-1024x683.jpg 1024w, https:\/\/induo.es\/wp-content\/uploads\/2022\/04\/cocinas-05-300x200.jpg 300w, https:\/\/induo.es\/wp-content\/uploads\/2022\/04\/cocinas-05-768x512.jpg 768w, https:\/\/induo.es\/wp-content\/uploads\/2022\/04\/cocinas-05-1536x1024.jpg 1536w, https:\/\/induo.es\/wp-content\/uploads\/2022\/04\/cocinas-05.jpg 1920w\" sizes=\"(max-width: 800px) 100vw, 800px\" \/><\/a>\n\t\t\t<\/div><\/figure><figure class='gallery-item'>\n\t\t\t<div class='gallery-icon landscape'>\n\t\t\t\t<a data-elementor-open-lightbox=\"yes\" data-elementor-lightbox-slideshow=\"72bfe93\" data-elementor-lightbox-title=\"Induo. Aia\" e-action-hash=\"#elementor-action%3Aaction%3Dlightbox%26settings%3DeyJpZCI6NzYxMiwidXJsIjoiaHR0cHM6XC9cL2luZHVvLmVzXC93cC1jb250ZW50XC91cGxvYWRzXC8yMDIyXC8wNFwvY29jaW5hcy0wNC5qcGciLCJzbGlkZXNob3ciOiI3MmJmZTkzIn0%3D\" href='https:\/\/induo.es\/wp-content\/uploads\/2022\/04\/cocinas-04.jpg'><img width=\"800\" height=\"534\" src=\"https:\/\/induo.es\/wp-content\/uploads\/2022\/04\/cocinas-04-1024x683.jpg\" class=\"attachment-large size-large\" alt=\"\" decoding=\"async\" loading=\"lazy\" srcset=\"https:\/\/induo.es\/wp-content\/uploads\/2022\/04\/cocinas-04-1024x683.jpg 1024w, https:\/\/induo.es\/wp-content\/uploads\/2022\/04\/cocinas-04-300x200.jpg 300w, https:\/\/induo.es\/wp-content\/uploads\/2022\/04\/cocinas-04-768x512.jpg 768w, https:\/\/induo.es\/wp-content\/uploads\/2022\/04\/cocinas-04-1536x1024.jpg 1536w, https:\/\/induo.es\/wp-content\/uploads\/2022\/04\/cocinas-04.jpg 1920w\" sizes=\"(max-width: 800px) 100vw, 800px\" \/><\/a>\n\t\t\t<\/div><\/figure>\n\t\t<\/div>\n\t\t<\/div>\n\t\t\t\t<\/div>\n\t\t\t\t<\/div>\n\t\t\t\t\t<\/div>\n\t\t<\/div>\n\t\t\t\t\t\t\t<\/div>\n\t\t<\/section>\n\t\t\t\t\t\t<\/div>\n\t\t\t\t\t<\/div>\n\t\t","protected":false},"excerpt":{"rendered":"<p>CUISINES LA CUISINE ID\u00c9ALE POUR VOTRE PROJET D\u2019ARCHITECTURE OU DE D\u00c9CORATION D\u2019INT\u00c9RIEURS La recherche de la perfection, le soin des d\u00e9tails et la fonctionnalit\u00e9 sont seulement trois des qualit\u00e9s que poss\u00e8dent les cuisines d\u2019Induo. Armoires, plans de travail, poign\u00e9es&#8230; Tout dans une composition harmonieuse et adapt\u00e9e aux besoins de votre projet. Consultez quelques-uns de nos [&hellip;]<\/p>\n","protected":false},"author":2,"featured_media":0,"parent":9446,"menu_order":53,"comment_status":"closed","ping_status":"closed","template":"","meta":[],"tipos_productos":[],"acf":[],"yoast_head":"<!-- This site is optimized with the Yoast SEO plugin v20.0 - https:\/\/yoast.com\/wordpress\/plugins\/seo\/ -->\n<title>La Cuisine id\u00e9ale pour votre projet d\u2019architecture ou de d\u00e9coration d\u2019int\u00e9rieurs - Induo<\/title>\n<meta name=\"description\" content=\"La recherche de la perfection, le soin des d\u00e9tails et la fonctionnalit\u00e9 sont seulement trois des qualit\u00e9s que poss\u00e8dent les cuisines d\u2019Induo.\" \/>\n<meta name=\"robots\" content=\"index, follow, max-snippet:-1, max-image-preview:large, max-video-preview:-1\" \/>\n<link rel=\"canonical\" href=\"https:\/\/induo.es\/fr\/produits\/cuisines\/\" \/>\n<meta property=\"og:locale\" content=\"fr_FR\" \/>\n<meta property=\"og:type\" content=\"article\" \/>\n<meta property=\"og:title\" content=\"La Cuisine id\u00e9ale pour votre projet d\u2019architecture ou de d\u00e9coration d\u2019int\u00e9rieurs - Induo\" \/>\n<meta property=\"og:description\" content=\"La recherche de la perfection, le soin des d\u00e9tails et la fonctionnalit\u00e9 sont seulement trois des qualit\u00e9s que poss\u00e8dent les cuisines d\u2019Induo.\" \/>\n<meta property=\"og:url\" content=\"https:\/\/induo.es\/fr\/produits\/cuisines\/\" \/>\n<meta property=\"og:site_name\" content=\"Induo\" \/>\n<meta property=\"article:modified_time\" content=\"2023-11-28T15:31:01+00:00\" \/>\n<meta property=\"og:image\" content=\"https:\/\/induo.es\/wp-content\/uploads\/2022\/05\/2019T_06429_-1024x682.jpg\" \/>\n<meta name=\"twitter:card\" content=\"summary_large_image\" \/>\n<script type=\"application\/ld+json\" class=\"yoast-schema-graph\">{\"@context\":\"https:\/\/schema.org\",\"@graph\":[{\"@type\":\"WebPage\",\"@id\":\"https:\/\/induo.es\/fr\/produits\/cuisines\/\",\"url\":\"https:\/\/induo.es\/fr\/produits\/cuisines\/\",\"name\":\"La Cuisine id\u00e9ale pour votre projet d\u2019architecture ou de d\u00e9coration d\u2019int\u00e9rieurs - Induo\",\"isPartOf\":{\"@id\":\"https:\/\/induo.es\/fr\/#website\"},\"datePublished\":\"2022-03-03T10:35:16+00:00\",\"dateModified\":\"2023-11-28T15:31:01+00:00\",\"description\":\"La recherche de la perfection, le soin des d\u00e9tails et la fonctionnalit\u00e9 sont seulement trois des qualit\u00e9s que poss\u00e8dent les cuisines d\u2019Induo.\",\"breadcrumb\":{\"@id\":\"https:\/\/induo.es\/fr\/produits\/cuisines\/#breadcrumb\"},\"inLanguage\":\"fr-FR\",\"potentialAction\":[{\"@type\":\"ReadAction\",\"target\":[\"https:\/\/induo.es\/fr\/produits\/cuisines\/\"]}]},{\"@type\":\"BreadcrumbList\",\"@id\":\"https:\/\/induo.es\/fr\/produits\/cuisines\/#breadcrumb\",\"itemListElement\":[{\"@type\":\"ListItem\",\"position\":1,\"name\":\"Portada\",\"item\":\"https:\/\/induo.es\/fr\/home\/\"},{\"@type\":\"ListItem\",\"position\":2,\"name\":\"Produits\",\"item\":\"https:\/\/induo.es\/fr\/produits\/\"},{\"@type\":\"ListItem\",\"position\":3,\"name\":\"Cuisines\"}]},{\"@type\":\"WebSite\",\"@id\":\"https:\/\/induo.es\/fr\/#website\",\"url\":\"https:\/\/induo.es\/fr\/\",\"name\":\"Induo\",\"description\":\"Armarios y Cocinas\",\"publisher\":{\"@id\":\"https:\/\/induo.es\/fr\/#organization\"},\"potentialAction\":[{\"@type\":\"SearchAction\",\"target\":{\"@type\":\"EntryPoint\",\"urlTemplate\":\"https:\/\/induo.es\/fr\/?s={search_term_string}\"},\"query-input\":\"required name=search_term_string\"}],\"inLanguage\":\"fr-FR\"},{\"@type\":\"Organization\",\"@id\":\"https:\/\/induo.es\/fr\/#organization\",\"name\":\"Induo\",\"url\":\"https:\/\/induo.es\/fr\/\",\"logo\":{\"@type\":\"ImageObject\",\"inLanguage\":\"fr-FR\",\"@id\":\"https:\/\/induo.es\/fr\/#\/schema\/logo\/image\/\",\"url\":\"https:\/\/induo.es\/wp-content\/uploads\/2022\/03\/cropped-logo-1.png\",\"contentUrl\":\"https:\/\/induo.es\/wp-content\/uploads\/2022\/03\/cropped-logo-1.png\",\"width\":150,\"height\":42,\"caption\":\"Induo\"},\"image\":{\"@id\":\"https:\/\/induo.es\/fr\/#\/schema\/logo\/image\/\"}}]}<\/script>\n<!-- \/ Yoast SEO plugin. -->","yoast_head_json":{"title":"La Cuisine id\u00e9ale pour votre projet d\u2019architecture ou de d\u00e9coration d\u2019int\u00e9rieurs - Induo","description":"La recherche de la perfection, le soin des d\u00e9tails et la fonctionnalit\u00e9 sont seulement trois des qualit\u00e9s que poss\u00e8dent les cuisines d\u2019Induo.","robots":{"index":"index","follow":"follow","max-snippet":"max-snippet:-1","max-image-preview":"max-image-preview:large","max-video-preview":"max-video-preview:-1"},"canonical":"https:\/\/induo.es\/fr\/produits\/cuisines\/","og_locale":"fr_FR","og_type":"article","og_title":"La Cuisine id\u00e9ale pour votre projet d\u2019architecture ou de d\u00e9coration d\u2019int\u00e9rieurs - Induo","og_description":"La recherche de la perfection, le soin des d\u00e9tails et la fonctionnalit\u00e9 sont seulement trois des qualit\u00e9s que poss\u00e8dent les cuisines d\u2019Induo.","og_url":"https:\/\/induo.es\/fr\/produits\/cuisines\/","og_site_name":"Induo","article_modified_time":"2023-11-28T15:31:01+00:00","og_image":[{"url":"https:\/\/induo.es\/wp-content\/uploads\/2022\/05\/2019T_06429_-1024x682.jpg"}],"twitter_card":"summary_large_image","schema":{"@context":"https:\/\/schema.org","@graph":[{"@type":"WebPage","@id":"https:\/\/induo.es\/fr\/produits\/cuisines\/","url":"https:\/\/induo.es\/fr\/produits\/cuisines\/","name":"La Cuisine id\u00e9ale pour votre projet d\u2019architecture ou de d\u00e9coration d\u2019int\u00e9rieurs - Induo","isPartOf":{"@id":"https:\/\/induo.es\/fr\/#website"},"datePublished":"2022-03-03T10:35:16+00:00","dateModified":"2023-11-28T15:31:01+00:00","description":"La recherche de la perfection, le soin des d\u00e9tails et la fonctionnalit\u00e9 sont seulement trois des qualit\u00e9s que poss\u00e8dent les cuisines d\u2019Induo.","breadcrumb":{"@id":"https:\/\/induo.es\/fr\/produits\/cuisines\/#breadcrumb"},"inLanguage":"fr-FR","potentialAction":[{"@type":"ReadAction","target":["https:\/\/induo.es\/fr\/produits\/cuisines\/"]}]},{"@type":"BreadcrumbList","@id":"https:\/\/induo.es\/fr\/produits\/cuisines\/#breadcrumb","itemListElement":[{"@type":"ListItem","position":1,"name":"Portada","item":"https:\/\/induo.es\/fr\/home\/"},{"@type":"ListItem","position":2,"name":"Produits","item":"https:\/\/induo.es\/fr\/produits\/"},{"@type":"ListItem","position":3,"name":"Cuisines"}]},{"@type":"WebSite","@id":"https:\/\/induo.es\/fr\/#website","url":"https:\/\/induo.es\/fr\/","name":"Induo","description":"Armarios y Cocinas","publisher":{"@id":"https:\/\/induo.es\/fr\/#organization"},"potentialAction":[{"@type":"SearchAction","target":{"@type":"EntryPoint","urlTemplate":"https:\/\/induo.es\/fr\/?s={search_term_string}"},"query-input":"required name=search_term_string"}],"inLanguage":"fr-FR"},{"@type":"Organization","@id":"https:\/\/induo.es\/fr\/#organization","name":"Induo","url":"https:\/\/induo.es\/fr\/","logo":{"@type":"ImageObject","inLanguage":"fr-FR","@id":"https:\/\/induo.es\/fr\/#\/schema\/logo\/image\/","url":"https:\/\/induo.es\/wp-content\/uploads\/2022\/03\/cropped-logo-1.png","contentUrl":"https:\/\/induo.es\/wp-content\/uploads\/2022\/03\/cropped-logo-1.png","width":150,"height":42,"caption":"Induo"},"image":{"@id":"https:\/\/induo.es\/fr\/#\/schema\/logo\/image\/"}}]}},"_links":{"self":[{"href":"https:\/\/induo.es\/fr\/wp-json\/wp\/v2\/pages\/9564"}],"collection":[{"href":"https:\/\/induo.es\/fr\/wp-json\/wp\/v2\/pages"}],"about":[{"href":"https:\/\/induo.es\/fr\/wp-json\/wp\/v2\/types\/page"}],"author":[{"embeddable":true,"href":"https:\/\/induo.es\/fr\/wp-json\/wp\/v2\/users\/2"}],"replies":[{"embeddable":true,"href":"https:\/\/induo.es\/fr\/wp-json\/wp\/v2\/comments?post=9564"}],"version-history":[{"count":3,"href":"https:\/\/induo.es\/fr\/wp-json\/wp\/v2\/pages\/9564\/revisions"}],"predecessor-version":[{"id":11323,"href":"https:\/\/induo.es\/fr\/wp-json\/wp\/v2\/pages\/9564\/revisions\/11323"}],"up":[{"embeddable":true,"href":"https:\/\/induo.es\/fr\/wp-json\/wp\/v2\/pages\/9446"}],"wp:attachment":[{"href":"https:\/\/induo.es\/fr\/wp-json\/wp\/v2\/media?parent=9564"}],"wp:term":[{"taxonomy":"tipos_productos","embeddable":true,"href":"https:\/\/induo.es\/fr\/wp-json\/wp\/v2\/tipos_productos?post=9564"}],"curies":[{"name":"wp","href":"https:\/\/api.w.org\/{rel}","templated":true}]}}