{"id":9556,"date":"2022-03-03T12:13:06","date_gmt":"2022-03-03T12:13:06","guid":{"rendered":"https:\/\/induo.es\/produits\/dressings\/laga\/"},"modified":"2023-11-28T15:26:10","modified_gmt":"2023-11-28T15:26:10","slug":"laga","status":"publish","type":"page","link":"https:\/\/induo.es\/fr\/produits\/dressings\/laga\/","title":{"rendered":"Laga"},"content":{"rendered":"\t\t<div data-elementor-type=\"wp-page\" data-elementor-id=\"9556\" class=\"elementor elementor-9556 elementor-605\" data-elementor-settings=\"[]\">\n\t\t\t\t\t\t\t<div class=\"elementor-section-wrap\">\n\t\t\t\t\t\t\t<section class=\"elementor-section elementor-top-section elementor-element elementor-element-81318ba elementor-section-full_width elementor-section-height-default elementor-section-height-default\" data-id=\"81318ba\" data-element_type=\"section\">\n\t\t\t\t\t\t<div class=\"elementor-container elementor-column-gap-default\">\n\t\t\t\t\t<div class=\"elementor-column elementor-col-50 elementor-top-column elementor-element elementor-element-dcbb935\" data-id=\"dcbb935\" data-element_type=\"column\">\n\t\t\t<div class=\"elementor-widget-wrap elementor-element-populated\">\n\t\t\t\t\t\t\t\t<div class=\"elementor-element elementor-element-c456613 migas-de-pan elementor-widget elementor-widget-breadcrumbs\" data-id=\"c456613\" data-element_type=\"widget\" data-widget_type=\"breadcrumbs.default\">\n\t\t\t\t<div class=\"elementor-widget-container\">\n\t\t\t<link rel=\"stylesheet\" href=\"https:\/\/induo.es\/wp-content\/plugins\/elementor-pro\/assets\/css\/widget-theme-elements.min.css\"><p id=\"breadcrumbs\"><span><span><a href=\"https:\/\/induo.es\/fr\/home\/\">Portada<\/a><\/span><\/span><\/p>\t\t<\/div>\n\t\t\t\t<\/div>\n\t\t\t\t\t<\/div>\n\t\t<\/div>\n\t\t\t\t<div class=\"elementor-column elementor-col-50 elementor-top-column elementor-element elementor-element-038e383\" data-id=\"038e383\" data-element_type=\"column\">\n\t\t\t<div class=\"elementor-widget-wrap elementor-element-populated\">\n\t\t\t\t\t\t\t\t<div class=\"elementor-element elementor-element-91f8d6a menu-proyectos menu-productos elementor-widget elementor-widget-post-navigation\" data-id=\"91f8d6a\" data-element_type=\"widget\" data-widget_type=\"post-navigation.default\">\n\t\t\t\t<div class=\"elementor-widget-container\">\n\t\t\t\t\t<div class=\"elementor-post-navigation\">\n\t\t\t<div class=\"elementor-post-navigation__prev elementor-post-navigation__link\">\n\t\t\t\t<a href=\"https:\/\/induo.es\/fr\/produits\/dressings\/hanna\/\" rel=\"prev\"><span class=\"post-navigation__arrow-wrapper post-navigation__arrow-prev\"><i class=\"fa fa-angle-left\" aria-hidden=\"true\"><\/i><span class=\"elementor-screen-only\">Pr\u00e9c\u00e9dent<\/span><\/span><span class=\"elementor-post-navigation__link__prev\"><\/span><\/a>\t\t\t<\/div>\n\t\t\t<span class=\"post-navigation-ayuda\">Men\u00fa<\/span>\n\t\t\t\t\t\t<div class=\"elementor-post-navigation__next elementor-post-navigation__link\">\n\t\t\t\t<a href=\"https:\/\/induo.es\/fr\/produits\/dressings\/hendaya\/\" rel=\"next\"><span class=\"elementor-post-navigation__link__next\"><\/span><span class=\"post-navigation__arrow-wrapper post-navigation__arrow-next\"><i class=\"fa fa-angle-right\" aria-hidden=\"true\"><\/i><span class=\"elementor-screen-only\">Suivant<\/span><\/span><\/a>\t\t\t<\/div>\n\t\t<\/div>\n\t\t\t\t<\/div>\n\t\t\t\t<\/div>\n\t\t\t\t\t<\/div>\n\t\t<\/div>\n\t\t\t\t\t\t\t<\/div>\n\t\t<\/section>\n\t\t\t\t<section class=\"elementor-section elementor-top-section elementor-element elementor-element-2529158b elementor-section-full_width portadafullwidth elementor-section-height-default elementor-section-height-default\" data-id=\"2529158b\" data-element_type=\"section\">\n\t\t\t\t\t\t<div class=\"elementor-container elementor-column-gap-default\">\n\t\t\t\t\t<div class=\"elementor-column elementor-col-100 elementor-top-column elementor-element elementor-element-10183745\" data-id=\"10183745\" data-element_type=\"column\">\n\t\t\t<div class=\"elementor-widget-wrap elementor-element-populated\">\n\t\t\t\t\t\t\t\t<div class=\"elementor-element elementor-element-1935bcbb elementor-widget elementor-widget-image\" data-id=\"1935bcbb\" data-element_type=\"widget\" data-widget_type=\"image.default\">\n\t\t\t\t<div class=\"elementor-widget-container\">\n\t\t\t<style>\/*! elementor - v3.5.6 - 28-02-2022 *\/\n.elementor-widget-image{text-align:center}.elementor-widget-image a{display:inline-block}.elementor-widget-image a img[src$=\".svg\"]{width:48px}.elementor-widget-image img{vertical-align:middle;display:inline-block}<\/style>\t\t\t\t\t\t\t\t\t\t\t\t\t<a href=\"https:\/\/induo.es\/wp-content\/uploads\/2022\/06\/laga.jpg\" data-elementor-open-lightbox=\"yes\" data-elementor-lightbox-title=\"laga\" e-action-hash=\"#elementor-action%3Aaction%3Dlightbox%26settings%3DeyJpZCI6ODc2NiwidXJsIjoiaHR0cHM6XC9cL2luZHVvLmVzXC93cC1jb250ZW50XC91cGxvYWRzXC8yMDIyXC8wNlwvbGFnYS5qcGcifQ%3D%3D\">\n\t\t\t\t\t\t\t<img decoding=\"async\" width=\"1920\" height=\"1280\" src=\"https:\/\/induo.es\/wp-content\/uploads\/2022\/06\/laga.jpg\" class=\"attachment-full size-full\" alt=\"\" loading=\"lazy\" srcset=\"https:\/\/induo.es\/wp-content\/uploads\/2022\/06\/laga.jpg 1920w, https:\/\/induo.es\/wp-content\/uploads\/2022\/06\/laga-300x200.jpg 300w, https:\/\/induo.es\/wp-content\/uploads\/2022\/06\/laga-1024x683.jpg 1024w, https:\/\/induo.es\/wp-content\/uploads\/2022\/06\/laga-768x512.jpg 768w, https:\/\/induo.es\/wp-content\/uploads\/2022\/06\/laga-1536x1024.jpg 1536w\" sizes=\"(max-width: 1920px) 100vw, 1920px\" \/>\t\t\t\t\t\t\t\t<\/a>\n\t\t\t\t\t\t\t\t\t\t\t\t\t\t\t<\/div>\n\t\t\t\t<\/div>\n\t\t\t\t\t<\/div>\n\t\t<\/div>\n\t\t\t\t\t\t\t<\/div>\n\t\t<\/section>\n\t\t\t\t<section class=\"elementor-section elementor-top-section elementor-element elementor-element-275f46d6 elementor-section-boxed elementor-section-height-default elementor-section-height-default\" data-id=\"275f46d6\" data-element_type=\"section\">\n\t\t\t\t\t\t<div class=\"elementor-container elementor-column-gap-default\">\n\t\t\t\t\t<div class=\"elementor-column elementor-col-50 elementor-top-column elementor-element elementor-element-3bdec61b\" data-id=\"3bdec61b\" data-element_type=\"column\">\n\t\t\t<div class=\"elementor-widget-wrap elementor-element-populated\">\n\t\t\t\t\t\t\t\t<div class=\"elementor-element elementor-element-1253b333 elementor-widget elementor-widget-heading\" data-id=\"1253b333\" data-element_type=\"widget\" data-widget_type=\"heading.default\">\n\t\t\t\t<div class=\"elementor-widget-container\">\n\t\t\t<style>\/*! elementor - v3.5.6 - 28-02-2022 *\/\n.elementor-heading-title{padding:0;margin:0;line-height:1}.elementor-widget-heading .elementor-heading-title[class*=elementor-size-]>a{color:inherit;font-size:inherit;line-height:inherit}.elementor-widget-heading .elementor-heading-title.elementor-size-small{font-size:15px}.elementor-widget-heading .elementor-heading-title.elementor-size-medium{font-size:19px}.elementor-widget-heading .elementor-heading-title.elementor-size-large{font-size:29px}.elementor-widget-heading .elementor-heading-title.elementor-size-xl{font-size:39px}.elementor-widget-heading .elementor-heading-title.elementor-size-xxl{font-size:59px}<\/style><h1 class=\"elementor-heading-title elementor-size-default\">Laga<\/h1>\t\t<\/div>\n\t\t\t\t<\/div>\n\t\t\t\t<div class=\"elementor-element elementor-element-492463dd elementor-widget elementor-widget-text-editor\" data-id=\"492463dd\" data-element_type=\"widget\" data-widget_type=\"text-editor.default\">\n\t\t\t\t<div class=\"elementor-widget-container\">\n\t\t\t<style>\/*! elementor - v3.5.6 - 28-02-2022 *\/\n.elementor-widget-text-editor.elementor-drop-cap-view-stacked .elementor-drop-cap{background-color:#818a91;color:#fff}.elementor-widget-text-editor.elementor-drop-cap-view-framed .elementor-drop-cap{color:#818a91;border:3px solid;background-color:transparent}.elementor-widget-text-editor:not(.elementor-drop-cap-view-default) .elementor-drop-cap{margin-top:8px}.elementor-widget-text-editor:not(.elementor-drop-cap-view-default) .elementor-drop-cap-letter{width:1em;height:1em}.elementor-widget-text-editor .elementor-drop-cap{float:left;text-align:center;line-height:1;font-size:50px}.elementor-widget-text-editor .elementor-drop-cap-letter{display:inline-block}<\/style>\t\t\t\t<p>dressings<\/p>\n\t\t\t\t\t\t<\/div>\n\t\t\t\t<\/div>\n\t\t\t\t\t<\/div>\n\t\t<\/div>\n\t\t\t\t<div class=\"elementor-column elementor-col-50 elementor-top-column elementor-element elementor-element-6da69423\" data-id=\"6da69423\" data-element_type=\"column\">\n\t\t\t<div class=\"elementor-widget-wrap\">\n\t\t\t\t\t\t\t\t\t<\/div>\n\t\t<\/div>\n\t\t\t\t\t\t\t<\/div>\n\t\t<\/section>\n\t\t\t\t<section class=\"elementor-section elementor-top-section elementor-element elementor-element-3e4d0adb elementor-section-boxed elementor-section-height-default elementor-section-height-default\" data-id=\"3e4d0adb\" data-element_type=\"section\">\n\t\t\t\t\t\t<div class=\"elementor-container elementor-column-gap-default\">\n\t\t\t\t\t<div class=\"elementor-column elementor-col-50 elementor-top-column elementor-element elementor-element-54702609\" data-id=\"54702609\" data-element_type=\"column\">\n\t\t\t<div class=\"elementor-widget-wrap elementor-element-populated\">\n\t\t\t\t\t\t\t\t<div class=\"elementor-element elementor-element-d00ddd2 elementor-align-left boton-ficha elementor-widget elementor-widget-global elementor-global-11005 elementor-widget-button\" data-id=\"d00ddd2\" data-element_type=\"widget\" data-widget_type=\"button.default\">\n\t\t\t\t<div class=\"elementor-widget-container\">\n\t\t\t\t\t<div class=\"elementor-button-wrapper\">\n\t\t\t<a href=\"https:\/\/induo.es\/wp-content\/uploads\/2023\/11\/FichaTecnicaGeneral-2023.pdf\" target=\"_blank\" class=\"elementor-button-link elementor-button elementor-size-sm\" role=\"button\">\n\t\t\t\t\t\t<span class=\"elementor-button-content-wrapper\">\n\t\t\t\t\t\t<span class=\"elementor-button-icon elementor-align-icon-left\">\n\t\t\t\t<svg xmlns=\"http:\/\/www.w3.org\/2000\/svg\" width=\"14\" height=\"17\" viewBox=\"0 0 14 17\"><path id=\"Trazado_4278\" data-name=\"Trazado 4278\" d=\"M16.59,9H15V4a1,1,0,0,0-1-1H10A1,1,0,0,0,9,4V9H7.41a1,1,0,0,0-.71,1.71l4.59,4.59a1,1,0,0,0,1.41,0l4.59-4.59A1,1,0,0,0,16.59,9ZM5,19a1,1,0,0,0,1,1H18a1,1,0,0,0,0-2H6A1,1,0,0,0,5,19Z\" transform=\"translate(-5 -3)\" fill=\"#e6007e\"><\/path><\/svg>\t\t\t<\/span>\n\t\t\t\t\t\t<span class=\"elementor-button-text\"><span class=\"fuerte\">DATOS T\u00c9CNICOS<\/span> <BR>Ficha T\u00e9cnica<\/span>\n\t\t<\/span>\n\t\t\t\t\t<\/a>\n\t\t<\/div>\n\t\t\t\t<\/div>\n\t\t\t\t<\/div>\n\t\t\t\t\t<\/div>\n\t\t<\/div>\n\t\t\t\t<div class=\"elementor-column elementor-col-50 elementor-top-column elementor-element elementor-element-47fedc91\" data-id=\"47fedc91\" data-element_type=\"column\">\n\t\t\t<div class=\"elementor-widget-wrap elementor-element-populated\">\n\t\t\t\t\t\t\t\t<div class=\"elementor-element elementor-element-64f63403 elementor-widget elementor-widget-text-editor\" data-id=\"64f63403\" data-element_type=\"widget\" data-widget_type=\"text-editor.default\">\n\t\t\t\t<div class=\"elementor-widget-container\">\n\t\t\t\t\t\t\t<p>Le dressing Laga est un mod\u00e8le sans cloison verticale, ce qui donne une continuit\u00e9 \u00e0 l\u2019espace et g\u00e9n\u00e8re plus d\u2019ampleur. Son montage est r\u00e9alis\u00e9 avec des panneaux ancr\u00e9s, avec des profil\u00e9s verticaux semi-cach\u00e9s, qui fonctionnent comme support pour tous les \u00e9l\u00e9ments qui composent l\u2019armoire. Vous pourrez choisir ces \u00e9l\u00e9ments et les panneaux dans diff\u00e9rentes finitions qui combinent \u00e0 la perfection avec votre projet.&nbsp;&nbsp;<\/p>\n<p>Si les murs sont en placopl\u00e2tre, veuillez consulter Induo Armarios.&nbsp;<\/p>\n\t\t\t\t\t\t<\/div>\n\t\t\t\t<\/div>\n\t\t\t\t\t<\/div>\n\t\t<\/div>\n\t\t\t\t\t\t\t<\/div>\n\t\t<\/section>\n\t\t\t\t<section class=\"elementor-section elementor-top-section elementor-element elementor-element-be68152 elementor-section-boxed elementor-section-height-default elementor-section-height-default\" data-id=\"be68152\" data-element_type=\"section\">\n\t\t\t\t\t\t<div class=\"elementor-container elementor-column-gap-default\">\n\t\t\t\t\t<div class=\"elementor-column elementor-col-100 elementor-top-column elementor-element elementor-element-343dfff5\" data-id=\"343dfff5\" data-element_type=\"column\">\n\t\t\t<div class=\"elementor-widget-wrap elementor-element-populated\">\n\t\t\t\t\t\t\t\t<div class=\"elementor-element elementor-element-5226d84 elementor-widget elementor-widget-image\" data-id=\"5226d84\" data-element_type=\"widget\" data-widget_type=\"image.default\">\n\t\t\t\t<div class=\"elementor-widget-container\">\n\t\t\t\t\t\t\t\t\t\t\t\t\t\t\t\t<a href=\"https:\/\/induo.es\/wp-content\/uploads\/2022\/06\/2021T_04375.jpg\" data-elementor-open-lightbox=\"yes\" data-elementor-lightbox-title=\"Induo, Arrona Hnos\" e-action-hash=\"#elementor-action%3Aaction%3Dlightbox%26settings%3DeyJpZCI6ODc2NCwidXJsIjoiaHR0cHM6XC9cL2luZHVvLmVzXC93cC1jb250ZW50XC91cGxvYWRzXC8yMDIyXC8wNlwvMjAyMVRfMDQzNzUuanBnIn0%3D\">\n\t\t\t\t\t\t\t<img decoding=\"async\" width=\"1133\" height=\"1700\" src=\"https:\/\/induo.es\/wp-content\/uploads\/2022\/06\/2021T_04375.jpg\" class=\"attachment-full size-full\" alt=\"\" loading=\"lazy\" srcset=\"https:\/\/induo.es\/wp-content\/uploads\/2022\/06\/2021T_04375.jpg 1133w, https:\/\/induo.es\/wp-content\/uploads\/2022\/06\/2021T_04375-200x300.jpg 200w, https:\/\/induo.es\/wp-content\/uploads\/2022\/06\/2021T_04375-682x1024.jpg 682w, https:\/\/induo.es\/wp-content\/uploads\/2022\/06\/2021T_04375-768x1152.jpg 768w, https:\/\/induo.es\/wp-content\/uploads\/2022\/06\/2021T_04375-1024x1536.jpg 1024w\" sizes=\"(max-width: 1133px) 100vw, 1133px\" \/>\t\t\t\t\t\t\t\t<\/a>\n\t\t\t\t\t\t\t\t\t\t\t\t\t\t\t<\/div>\n\t\t\t\t<\/div>\n\t\t\t\t\t<\/div>\n\t\t<\/div>\n\t\t\t\t\t\t\t<\/div>\n\t\t<\/section>\n\t\t\t\t<section class=\"elementor-section elementor-top-section elementor-element elementor-element-1332baa8 elementor-section-boxed elementor-section-height-default elementor-section-height-default\" data-id=\"1332baa8\" data-element_type=\"section\">\n\t\t\t\t\t\t<div class=\"elementor-container elementor-column-gap-default\">\n\t\t\t\t\t<div class=\"elementor-column elementor-col-100 elementor-top-column elementor-element elementor-element-6d1bec66\" data-id=\"6d1bec66\" data-element_type=\"column\">\n\t\t\t<div class=\"elementor-widget-wrap elementor-element-populated\">\n\t\t\t\t\t\t\t\t<div class=\"elementor-element elementor-element-712732ab menu-proyectos menu-proyectos-footer elementor-widget__width-initial elementor-widget elementor-widget-post-navigation\" data-id=\"712732ab\" data-element_type=\"widget\" data-widget_type=\"post-navigation.default\">\n\t\t\t\t<div class=\"elementor-widget-container\">\n\t\t\t\t\t<div class=\"elementor-post-navigation\">\n\t\t\t<div class=\"elementor-post-navigation__prev elementor-post-navigation__link\">\n\t\t\t\t<a href=\"https:\/\/induo.es\/fr\/produits\/dressings\/hanna\/\" rel=\"prev\"><span class=\"post-navigation__arrow-wrapper post-navigation__arrow-prev\"><i class=\"fa fa-angle-left\" aria-hidden=\"true\"><\/i><span class=\"elementor-screen-only\">Pr\u00e9c\u00e9dent<\/span><\/span><span class=\"elementor-post-navigation__link__prev\"><\/span><\/a>\t\t\t<\/div>\n\t\t\t<span class=\"post-navigation-ayuda\">Men\u00fa<\/span>\n\t\t\t\t\t\t<div class=\"elementor-post-navigation__next elementor-post-navigation__link\">\n\t\t\t\t<a href=\"https:\/\/induo.es\/fr\/produits\/dressings\/hendaya\/\" rel=\"next\"><span class=\"elementor-post-navigation__link__next\"><\/span><span class=\"post-navigation__arrow-wrapper post-navigation__arrow-next\"><i class=\"fa fa-angle-right\" aria-hidden=\"true\"><\/i><span class=\"elementor-screen-only\">Suivant<\/span><\/span><\/a>\t\t\t<\/div>\n\t\t<\/div>\n\t\t\t\t<\/div>\n\t\t\t\t<\/div>\n\t\t\t\t\t<\/div>\n\t\t<\/div>\n\t\t\t\t\t\t\t<\/div>\n\t\t<\/section>\n\t\t\t\t\t\t<\/div>\n\t\t\t\t\t<\/div>\n\t\t","protected":false},"excerpt":{"rendered":"<p>Laga dressings DATOS T\u00c9CNICOS Ficha T\u00e9cnica Le dressing Laga est un mod\u00e8le sans cloison verticale, ce qui donne une continuit\u00e9 \u00e0 l\u2019espace et g\u00e9n\u00e8re plus d\u2019ampleur. Son montage est r\u00e9alis\u00e9 avec des panneaux ancr\u00e9s, avec des profil\u00e9s verticaux semi-cach\u00e9s, qui fonctionnent comme support pour tous les \u00e9l\u00e9ments qui composent l\u2019armoire. Vous pourrez choisir ces \u00e9l\u00e9ments [&hellip;]<\/p>\n","protected":false},"author":2,"featured_media":0,"parent":9552,"menu_order":55,"comment_status":"closed","ping_status":"closed","template":"","meta":[],"tipos_productos":[230],"acf":[],"yoast_head":"<!-- This site is optimized with the Yoast SEO plugin v20.0 - https:\/\/yoast.com\/wordpress\/plugins\/seo\/ -->\n<title>Laga - Dressings - Induo<\/title>\n<meta name=\"description\" content=\"Le dressing Laga est un mod\u00e8le sans cloison verticale, ce qui donne une continuit\u00e9 \u00e0 l\u2019espace et g\u00e9n\u00e8re plus d\u2019ampleur. Son montage est r\u00e9alis\u00e9 avec des panneaux ancr\u00e9s, avec des profil\u00e9s verticaux semi-cach\u00e9s, qui fonctionnent comme support pour tous les \u00e9l\u00e9ments qui composent l\u2019armoire. Vous pourrez choisir ces \u00e9l\u00e9ments et les panneaux dans diff\u00e9rentes finitions qui combinent \u00e0 la perfection avec votre projet. Si les murs sont en placopl\u00e2tre, veuillez consulter Induo Armarios.\" \/>\n<meta name=\"robots\" content=\"index, follow, max-snippet:-1, max-image-preview:large, max-video-preview:-1\" \/>\n<link rel=\"canonical\" href=\"https:\/\/induo.es\/fr\/produits\/dressings\/laga\/\" \/>\n<meta property=\"og:locale\" content=\"fr_FR\" \/>\n<meta property=\"og:type\" content=\"article\" \/>\n<meta property=\"og:title\" content=\"Laga - Dressings - Induo\" \/>\n<meta property=\"og:description\" content=\"Le dressing Laga est un mod\u00e8le sans cloison verticale, ce qui donne une continuit\u00e9 \u00e0 l\u2019espace et g\u00e9n\u00e8re plus d\u2019ampleur. Son montage est r\u00e9alis\u00e9 avec des panneaux ancr\u00e9s, avec des profil\u00e9s verticaux semi-cach\u00e9s, qui fonctionnent comme support pour tous les \u00e9l\u00e9ments qui composent l\u2019armoire. Vous pourrez choisir ces \u00e9l\u00e9ments et les panneaux dans diff\u00e9rentes finitions qui combinent \u00e0 la perfection avec votre projet. Si les murs sont en placopl\u00e2tre, veuillez consulter Induo Armarios.\" \/>\n<meta property=\"og:url\" content=\"https:\/\/induo.es\/fr\/produits\/dressings\/laga\/\" \/>\n<meta property=\"og:site_name\" content=\"Induo\" \/>\n<meta property=\"article:modified_time\" content=\"2023-11-28T15:26:10+00:00\" \/>\n<meta property=\"og:image\" content=\"https:\/\/induo.es\/wp-content\/uploads\/2022\/06\/laga.jpg\" \/>\n<meta name=\"twitter:card\" content=\"summary_large_image\" \/>\n<script type=\"application\/ld+json\" class=\"yoast-schema-graph\">{\"@context\":\"https:\/\/schema.org\",\"@graph\":[{\"@type\":\"WebPage\",\"@id\":\"https:\/\/induo.es\/fr\/produits\/dressings\/laga\/\",\"url\":\"https:\/\/induo.es\/fr\/produits\/dressings\/laga\/\",\"name\":\"Laga - Dressings - Induo\",\"isPartOf\":{\"@id\":\"https:\/\/induo.es\/fr\/#website\"},\"datePublished\":\"2022-03-03T12:13:06+00:00\",\"dateModified\":\"2023-11-28T15:26:10+00:00\",\"description\":\"Le dressing Laga est un mod\u00e8le sans cloison verticale, ce qui donne une continuit\u00e9 \u00e0 l\u2019espace et g\u00e9n\u00e8re plus d\u2019ampleur. Son montage est r\u00e9alis\u00e9 avec des panneaux ancr\u00e9s, avec des profil\u00e9s verticaux semi-cach\u00e9s, qui fonctionnent comme support pour tous les \u00e9l\u00e9ments qui composent l\u2019armoire. Vous pourrez choisir ces \u00e9l\u00e9ments et les panneaux dans diff\u00e9rentes finitions qui combinent \u00e0 la perfection avec votre projet. Si les murs sont en placopl\u00e2tre, veuillez consulter Induo Armarios.\",\"breadcrumb\":{\"@id\":\"https:\/\/induo.es\/fr\/produits\/dressings\/laga\/#breadcrumb\"},\"inLanguage\":\"fr-FR\",\"potentialAction\":[{\"@type\":\"ReadAction\",\"target\":[\"https:\/\/induo.es\/fr\/produits\/dressings\/laga\/\"]}]},{\"@type\":\"BreadcrumbList\",\"@id\":\"https:\/\/induo.es\/fr\/produits\/dressings\/laga\/#breadcrumb\",\"itemListElement\":[{\"@type\":\"ListItem\",\"position\":1,\"name\":\"Portada\",\"item\":\"https:\/\/induo.es\/fr\/home\/\"},{\"@type\":\"ListItem\",\"position\":2,\"name\":\"Produits\",\"item\":\"https:\/\/induo.es\/fr\/produits\/\"},{\"@type\":\"ListItem\",\"position\":3,\"name\":\"Dressings\",\"item\":\"https:\/\/induo.es\/fr\/productos\/vestidores\/\"},{\"@type\":\"ListItem\",\"position\":4,\"name\":\"Laga\"}]},{\"@type\":\"WebSite\",\"@id\":\"https:\/\/induo.es\/fr\/#website\",\"url\":\"https:\/\/induo.es\/fr\/\",\"name\":\"Induo\",\"description\":\"Armarios y Cocinas\",\"publisher\":{\"@id\":\"https:\/\/induo.es\/fr\/#organization\"},\"potentialAction\":[{\"@type\":\"SearchAction\",\"target\":{\"@type\":\"EntryPoint\",\"urlTemplate\":\"https:\/\/induo.es\/fr\/?s={search_term_string}\"},\"query-input\":\"required name=search_term_string\"}],\"inLanguage\":\"fr-FR\"},{\"@type\":\"Organization\",\"@id\":\"https:\/\/induo.es\/fr\/#organization\",\"name\":\"Induo\",\"url\":\"https:\/\/induo.es\/fr\/\",\"logo\":{\"@type\":\"ImageObject\",\"inLanguage\":\"fr-FR\",\"@id\":\"https:\/\/induo.es\/fr\/#\/schema\/logo\/image\/\",\"url\":\"https:\/\/induo.es\/wp-content\/uploads\/2022\/03\/cropped-logo-1.png\",\"contentUrl\":\"https:\/\/induo.es\/wp-content\/uploads\/2022\/03\/cropped-logo-1.png\",\"width\":150,\"height\":42,\"caption\":\"Induo\"},\"image\":{\"@id\":\"https:\/\/induo.es\/fr\/#\/schema\/logo\/image\/\"}}]}<\/script>\n<!-- \/ Yoast SEO plugin. -->","yoast_head_json":{"title":"Laga - Dressings - Induo","description":"Le dressing Laga est un mod\u00e8le sans cloison verticale, ce qui donne une continuit\u00e9 \u00e0 l\u2019espace et g\u00e9n\u00e8re plus d\u2019ampleur. Son montage est r\u00e9alis\u00e9 avec des panneaux ancr\u00e9s, avec des profil\u00e9s verticaux semi-cach\u00e9s, qui fonctionnent comme support pour tous les \u00e9l\u00e9ments qui composent l\u2019armoire. Vous pourrez choisir ces \u00e9l\u00e9ments et les panneaux dans diff\u00e9rentes finitions qui combinent \u00e0 la perfection avec votre projet. Si les murs sont en placopl\u00e2tre, veuillez consulter Induo Armarios.","robots":{"index":"index","follow":"follow","max-snippet":"max-snippet:-1","max-image-preview":"max-image-preview:large","max-video-preview":"max-video-preview:-1"},"canonical":"https:\/\/induo.es\/fr\/produits\/dressings\/laga\/","og_locale":"fr_FR","og_type":"article","og_title":"Laga - Dressings - Induo","og_description":"Le dressing Laga est un mod\u00e8le sans cloison verticale, ce qui donne une continuit\u00e9 \u00e0 l\u2019espace et g\u00e9n\u00e8re plus d\u2019ampleur. Son montage est r\u00e9alis\u00e9 avec des panneaux ancr\u00e9s, avec des profil\u00e9s verticaux semi-cach\u00e9s, qui fonctionnent comme support pour tous les \u00e9l\u00e9ments qui composent l\u2019armoire. Vous pourrez choisir ces \u00e9l\u00e9ments et les panneaux dans diff\u00e9rentes finitions qui combinent \u00e0 la perfection avec votre projet. Si les murs sont en placopl\u00e2tre, veuillez consulter Induo Armarios.","og_url":"https:\/\/induo.es\/fr\/produits\/dressings\/laga\/","og_site_name":"Induo","article_modified_time":"2023-11-28T15:26:10+00:00","og_image":[{"url":"https:\/\/induo.es\/wp-content\/uploads\/2022\/06\/laga.jpg"}],"twitter_card":"summary_large_image","schema":{"@context":"https:\/\/schema.org","@graph":[{"@type":"WebPage","@id":"https:\/\/induo.es\/fr\/produits\/dressings\/laga\/","url":"https:\/\/induo.es\/fr\/produits\/dressings\/laga\/","name":"Laga - Dressings - Induo","isPartOf":{"@id":"https:\/\/induo.es\/fr\/#website"},"datePublished":"2022-03-03T12:13:06+00:00","dateModified":"2023-11-28T15:26:10+00:00","description":"Le dressing Laga est un mod\u00e8le sans cloison verticale, ce qui donne une continuit\u00e9 \u00e0 l\u2019espace et g\u00e9n\u00e8re plus d\u2019ampleur. Son montage est r\u00e9alis\u00e9 avec des panneaux ancr\u00e9s, avec des profil\u00e9s verticaux semi-cach\u00e9s, qui fonctionnent comme support pour tous les \u00e9l\u00e9ments qui composent l\u2019armoire. Vous pourrez choisir ces \u00e9l\u00e9ments et les panneaux dans diff\u00e9rentes finitions qui combinent \u00e0 la perfection avec votre projet. Si les murs sont en placopl\u00e2tre, veuillez consulter Induo Armarios.","breadcrumb":{"@id":"https:\/\/induo.es\/fr\/produits\/dressings\/laga\/#breadcrumb"},"inLanguage":"fr-FR","potentialAction":[{"@type":"ReadAction","target":["https:\/\/induo.es\/fr\/produits\/dressings\/laga\/"]}]},{"@type":"BreadcrumbList","@id":"https:\/\/induo.es\/fr\/produits\/dressings\/laga\/#breadcrumb","itemListElement":[{"@type":"ListItem","position":1,"name":"Portada","item":"https:\/\/induo.es\/fr\/home\/"},{"@type":"ListItem","position":2,"name":"Produits","item":"https:\/\/induo.es\/fr\/produits\/"},{"@type":"ListItem","position":3,"name":"Dressings","item":"https:\/\/induo.es\/fr\/productos\/vestidores\/"},{"@type":"ListItem","position":4,"name":"Laga"}]},{"@type":"WebSite","@id":"https:\/\/induo.es\/fr\/#website","url":"https:\/\/induo.es\/fr\/","name":"Induo","description":"Armarios y Cocinas","publisher":{"@id":"https:\/\/induo.es\/fr\/#organization"},"potentialAction":[{"@type":"SearchAction","target":{"@type":"EntryPoint","urlTemplate":"https:\/\/induo.es\/fr\/?s={search_term_string}"},"query-input":"required name=search_term_string"}],"inLanguage":"fr-FR"},{"@type":"Organization","@id":"https:\/\/induo.es\/fr\/#organization","name":"Induo","url":"https:\/\/induo.es\/fr\/","logo":{"@type":"ImageObject","inLanguage":"fr-FR","@id":"https:\/\/induo.es\/fr\/#\/schema\/logo\/image\/","url":"https:\/\/induo.es\/wp-content\/uploads\/2022\/03\/cropped-logo-1.png","contentUrl":"https:\/\/induo.es\/wp-content\/uploads\/2022\/03\/cropped-logo-1.png","width":150,"height":42,"caption":"Induo"},"image":{"@id":"https:\/\/induo.es\/fr\/#\/schema\/logo\/image\/"}}]}},"_links":{"self":[{"href":"https:\/\/induo.es\/fr\/wp-json\/wp\/v2\/pages\/9556"}],"collection":[{"href":"https:\/\/induo.es\/fr\/wp-json\/wp\/v2\/pages"}],"about":[{"href":"https:\/\/induo.es\/fr\/wp-json\/wp\/v2\/types\/page"}],"author":[{"embeddable":true,"href":"https:\/\/induo.es\/fr\/wp-json\/wp\/v2\/users\/2"}],"replies":[{"embeddable":true,"href":"https:\/\/induo.es\/fr\/wp-json\/wp\/v2\/comments?post=9556"}],"version-history":[{"count":2,"href":"https:\/\/induo.es\/fr\/wp-json\/wp\/v2\/pages\/9556\/revisions"}],"predecessor-version":[{"id":11300,"href":"https:\/\/induo.es\/fr\/wp-json\/wp\/v2\/pages\/9556\/revisions\/11300"}],"up":[{"embeddable":true,"href":"https:\/\/induo.es\/fr\/wp-json\/wp\/v2\/pages\/9552"}],"wp:attachment":[{"href":"https:\/\/induo.es\/fr\/wp-json\/wp\/v2\/media?parent=9556"}],"wp:term":[{"taxonomy":"tipos_productos","embeddable":true,"href":"https:\/\/induo.es\/fr\/wp-json\/wp\/v2\/tipos_productos?post=9556"}],"curies":[{"name":"wp","href":"https:\/\/api.w.org\/{rel}","templated":true}]}}