{"id":9552,"date":"2022-03-03T10:32:20","date_gmt":"2022-03-03T10:32:20","guid":{"rendered":"https:\/\/induo.es\/produits\/dressings\/"},"modified":"2022-07-14T10:07:01","modified_gmt":"2022-07-14T10:07:01","slug":"dressings","status":"publish","type":"page","link":"https:\/\/induo.es\/fr\/produits\/dressings\/","title":{"rendered":"Dressings"},"content":{"rendered":"\t\t<div data-elementor-type=\"wp-page\" data-elementor-id=\"9552\" class=\"elementor elementor-9552 elementor-489\" data-elementor-settings=\"[]\">\n\t\t\t\t\t\t\t<div class=\"elementor-section-wrap\">\n\t\t\t\t\t\t\t<section class=\"elementor-section elementor-top-section elementor-element elementor-element-1e404c4f elementor-section-full_width elementor-section-height-default elementor-section-height-default\" data-id=\"1e404c4f\" data-element_type=\"section\">\n\t\t\t\t\t\t<div class=\"elementor-container elementor-column-gap-default\">\n\t\t\t\t\t<div class=\"elementor-column elementor-col-100 elementor-top-column elementor-element elementor-element-6ed17164\" data-id=\"6ed17164\" data-element_type=\"column\">\n\t\t\t<div class=\"elementor-widget-wrap elementor-element-populated\">\n\t\t\t\t\t\t\t\t<div class=\"elementor-element elementor-element-24cfede1 migas-de-pan elementor-widget elementor-widget-breadcrumbs\" data-id=\"24cfede1\" data-element_type=\"widget\" data-widget_type=\"breadcrumbs.default\">\n\t\t\t\t<div class=\"elementor-widget-container\">\n\t\t\t<link rel=\"stylesheet\" href=\"https:\/\/induo.es\/wp-content\/plugins\/elementor-pro\/assets\/css\/widget-theme-elements.min.css\"><p id=\"breadcrumbs\"><span><span><a href=\"https:\/\/induo.es\/fr\/home\/\">Portada<\/a><\/span><\/span><\/p>\t\t<\/div>\n\t\t\t\t<\/div>\n\t\t\t\t\t<\/div>\n\t\t<\/div>\n\t\t\t\t\t\t\t<\/div>\n\t\t<\/section>\n\t\t\t\t<section class=\"elementor-section elementor-top-section elementor-element elementor-element-0d04a59 elementor-section-boxed elementor-section-height-default elementor-section-height-default\" data-id=\"0d04a59\" data-element_type=\"section\">\n\t\t\t\t\t\t<div class=\"elementor-container elementor-column-gap-default\">\n\t\t\t\t\t<div class=\"elementor-column elementor-col-100 elementor-top-column elementor-element elementor-element-4b4650d\" data-id=\"4b4650d\" data-element_type=\"column\">\n\t\t\t<div class=\"elementor-widget-wrap elementor-element-populated\">\n\t\t\t\t\t\t\t\t<div class=\"elementor-element elementor-element-00cf3fe elementor-widget elementor-widget-text-editor\" data-id=\"00cf3fe\" data-element_type=\"widget\" data-widget_type=\"text-editor.default\">\n\t\t\t\t<div class=\"elementor-widget-container\">\n\t\t\t<style>\/*! elementor - v3.5.6 - 28-02-2022 *\/\n.elementor-widget-text-editor.elementor-drop-cap-view-stacked .elementor-drop-cap{background-color:#818a91;color:#fff}.elementor-widget-text-editor.elementor-drop-cap-view-framed .elementor-drop-cap{color:#818a91;border:3px solid;background-color:transparent}.elementor-widget-text-editor:not(.elementor-drop-cap-view-default) .elementor-drop-cap{margin-top:8px}.elementor-widget-text-editor:not(.elementor-drop-cap-view-default) .elementor-drop-cap-letter{width:1em;height:1em}.elementor-widget-text-editor .elementor-drop-cap{float:left;text-align:center;line-height:1;font-size:50px}.elementor-widget-text-editor .elementor-drop-cap-letter{display:inline-block}<\/style>\t\t\t\t<p>DRESSINGS<\/p>\t\t\t\t\t\t<\/div>\n\t\t\t\t<\/div>\n\t\t\t\t<div class=\"elementor-element elementor-element-1c3a94f elementor-widget elementor-widget-heading\" data-id=\"1c3a94f\" data-element_type=\"widget\" data-widget_type=\"heading.default\">\n\t\t\t\t<div class=\"elementor-widget-container\">\n\t\t\t<style>\/*! elementor - v3.5.6 - 28-02-2022 *\/\n.elementor-heading-title{padding:0;margin:0;line-height:1}.elementor-widget-heading .elementor-heading-title[class*=elementor-size-]>a{color:inherit;font-size:inherit;line-height:inherit}.elementor-widget-heading .elementor-heading-title.elementor-size-small{font-size:15px}.elementor-widget-heading .elementor-heading-title.elementor-size-medium{font-size:19px}.elementor-widget-heading .elementor-heading-title.elementor-size-large{font-size:29px}.elementor-widget-heading .elementor-heading-title.elementor-size-xl{font-size:39px}.elementor-widget-heading .elementor-heading-title.elementor-size-xxl{font-size:59px}<\/style><h1 class=\"elementor-heading-title elementor-size-default\">TROUVEZ LE DRESSING ID\u00c9AL POUR VOTRE PROJET PARMI LES MOD\u00c8LES SUR MESURE D\u2019INDUO.<\/h1>\t\t<\/div>\n\t\t\t\t<\/div>\n\t\t\t\t<div class=\"elementor-element elementor-element-238a1a4 elementor-widget elementor-widget-text-editor\" data-id=\"238a1a4\" data-element_type=\"widget\" data-widget_type=\"text-editor.default\">\n\t\t\t\t<div class=\"elementor-widget-container\">\n\t\t\t\t\t\t\t<p style=\"text-align: center;\">Apportez une touche suppl\u00e9mentaire d\u2019\u00e9l\u00e9gance et de confort \u00e0 votre projet avec un dressing d\u2019Induo. Vous donnerez forme \u00e0 un espace design qui s\u00e9duira par son ampleur et la facilit\u00e9 pour voir tous les \u00e9l\u00e9ments d\u2019un seul coup d&rsquo;\u0153il.<\/p><p style=\"text-align: center;\">Les dressings d\u2019Induo cr\u00e9ent des espaces diff\u00e9renci\u00e9s, s\u00e9par\u00e9s du reste de la pi\u00e8ce par des portes de grande qualit\u00e9, ou ouverts. Leurs \u00e9l\u00e9ments sont personnalisables, ce qui vous permettra d\u2019adapter le design aux besoins de votre projet. Induo se charge de tout, de la conception jusqu\u2019au montage final.<\/p>\t\t\t\t\t\t<\/div>\n\t\t\t\t<\/div>\n\t\t\t\t\t<\/div>\n\t\t<\/div>\n\t\t\t\t\t\t\t<\/div>\n\t\t<\/section>\n\t\t\t\t<section class=\"elementor-section elementor-top-section elementor-element elementor-element-c7fc70c elementor-section-boxed elementor-section-height-default elementor-section-height-default\" data-id=\"c7fc70c\" data-element_type=\"section\">\n\t\t\t\t\t\t<div class=\"elementor-container elementor-column-gap-default\">\n\t\t\t\t\t<div class=\"elementor-column elementor-col-50 elementor-top-column elementor-element elementor-element-0235ad1\" data-id=\"0235ad1\" data-element_type=\"column\">\n\t\t\t<div class=\"elementor-widget-wrap elementor-element-populated\">\n\t\t\t\t\t\t\t\t<div class=\"elementor-element elementor-element-6d57514 elementor-widget elementor-widget-image\" data-id=\"6d57514\" data-element_type=\"widget\" data-widget_type=\"image.default\">\n\t\t\t\t<div class=\"elementor-widget-container\">\n\t\t\t<style>\/*! elementor - v3.5.6 - 28-02-2022 *\/\n.elementor-widget-image{text-align:center}.elementor-widget-image a{display:inline-block}.elementor-widget-image a img[src$=\".svg\"]{width:48px}.elementor-widget-image img{vertical-align:middle;display:inline-block}<\/style>\t\t\t\t\t\t\t\t\t\t\t\t\t<a href=\"https:\/\/induo.es\/productos\/vestidores\/hanna\/\">\n\t\t\t\t\t\t\t<img decoding=\"async\" width=\"800\" height=\"533\" src=\"https:\/\/induo.es\/wp-content\/uploads\/2022\/04\/hanaport-1024x682.jpg\" class=\"attachment-large size-large\" alt=\"\" loading=\"lazy\" srcset=\"https:\/\/induo.es\/wp-content\/uploads\/2022\/04\/hanaport-1024x682.jpg 1024w, https:\/\/induo.es\/wp-content\/uploads\/2022\/04\/hanaport-300x200.jpg 300w, https:\/\/induo.es\/wp-content\/uploads\/2022\/04\/hanaport-768x512.jpg 768w, https:\/\/induo.es\/wp-content\/uploads\/2022\/04\/hanaport.jpg 1100w\" sizes=\"(max-width: 800px) 100vw, 800px\" \/>\t\t\t\t\t\t\t\t<\/a>\n\t\t\t\t\t\t\t\t\t\t\t\t\t\t\t<\/div>\n\t\t\t\t<\/div>\n\t\t\t\t<div class=\"elementor-element elementor-element-1a21dd8 elementor-widget elementor-widget-text-editor\" data-id=\"1a21dd8\" data-element_type=\"widget\" data-widget_type=\"text-editor.default\">\n\t\t\t\t<div class=\"elementor-widget-container\">\n\t\t\t\t\t\t\t<p style=\"text-align: center;\"><span style=\"color: #4b4b4b;\"><a style=\"color: #4b4b4b;\" href=\"https:\/\/induo.es\/productos\/vestidores\/hana\/\">Hanna<\/a><\/span><\/p>\t\t\t\t\t\t<\/div>\n\t\t\t\t<\/div>\n\t\t\t\t\t<\/div>\n\t\t<\/div>\n\t\t\t\t<div class=\"elementor-column elementor-col-50 elementor-top-column elementor-element elementor-element-414f6b0\" data-id=\"414f6b0\" data-element_type=\"column\">\n\t\t\t<div class=\"elementor-widget-wrap elementor-element-populated\">\n\t\t\t\t\t\t\t\t<div class=\"elementor-element elementor-element-3c68363 elementor-widget elementor-widget-image\" data-id=\"3c68363\" data-element_type=\"widget\" data-widget_type=\"image.default\">\n\t\t\t\t<div class=\"elementor-widget-container\">\n\t\t\t\t\t\t\t\t\t\t\t\t\t\t\t\t<a href=\"https:\/\/induo.es\/productos\/vestidores\/angelu\/\">\n\t\t\t\t\t\t\t<img decoding=\"async\" width=\"800\" height=\"533\" src=\"https:\/\/induo.es\/wp-content\/uploads\/2022\/04\/2019T_06325-1024x682.jpg\" class=\"attachment-large size-large\" alt=\"\" loading=\"lazy\" srcset=\"https:\/\/induo.es\/wp-content\/uploads\/2022\/04\/2019T_06325-1024x682.jpg 1024w, https:\/\/induo.es\/wp-content\/uploads\/2022\/04\/2019T_06325-300x200.jpg 300w, https:\/\/induo.es\/wp-content\/uploads\/2022\/04\/2019T_06325-768x512.jpg 768w, https:\/\/induo.es\/wp-content\/uploads\/2022\/04\/2019T_06325.jpg 1100w\" sizes=\"(max-width: 800px) 100vw, 800px\" \/>\t\t\t\t\t\t\t\t<\/a>\n\t\t\t\t\t\t\t\t\t\t\t\t\t\t\t<\/div>\n\t\t\t\t<\/div>\n\t\t\t\t<div class=\"elementor-element elementor-element-5927825 elementor-widget elementor-widget-text-editor\" data-id=\"5927825\" data-element_type=\"widget\" data-widget_type=\"text-editor.default\">\n\t\t\t\t<div class=\"elementor-widget-container\">\n\t\t\t\t\t\t\t<p style=\"text-align: center;\"><span style=\"color: #4b4b4b;\"><a style=\"color: #4b4b4b;\" href=\"https:\/\/induo.es\/productos\/vestidores\/angelu\/\">Angelu<\/a><\/span><\/p>\t\t\t\t\t\t<\/div>\n\t\t\t\t<\/div>\n\t\t\t\t\t<\/div>\n\t\t<\/div>\n\t\t\t\t\t\t\t<\/div>\n\t\t<\/section>\n\t\t\t\t<section class=\"elementor-section elementor-top-section elementor-element elementor-element-4c7f956 elementor-section-boxed elementor-section-height-default elementor-section-height-default\" data-id=\"4c7f956\" data-element_type=\"section\">\n\t\t\t\t\t\t<div class=\"elementor-container elementor-column-gap-default\">\n\t\t\t\t\t<div class=\"elementor-column elementor-col-50 elementor-top-column elementor-element elementor-element-99e541b\" data-id=\"99e541b\" data-element_type=\"column\">\n\t\t\t<div class=\"elementor-widget-wrap elementor-element-populated\">\n\t\t\t\t\t\t\t\t<div class=\"elementor-element elementor-element-dc234fd elementor-widget elementor-widget-image\" data-id=\"dc234fd\" data-element_type=\"widget\" data-widget_type=\"image.default\">\n\t\t\t\t<div class=\"elementor-widget-container\">\n\t\t\t\t\t\t\t\t\t\t\t\t\t\t\t\t<a href=\"https:\/\/induo.es\/productos\/vestidores\/laga\/\">\n\t\t\t\t\t\t\t<img decoding=\"async\" width=\"800\" height=\"533\" src=\"https:\/\/induo.es\/wp-content\/uploads\/2022\/04\/lagaport-1024x682.jpg\" class=\"attachment-large size-large\" alt=\"\" loading=\"lazy\" srcset=\"https:\/\/induo.es\/wp-content\/uploads\/2022\/04\/lagaport-1024x682.jpg 1024w, https:\/\/induo.es\/wp-content\/uploads\/2022\/04\/lagaport-300x200.jpg 300w, https:\/\/induo.es\/wp-content\/uploads\/2022\/04\/lagaport-768x512.jpg 768w, https:\/\/induo.es\/wp-content\/uploads\/2022\/04\/lagaport.jpg 1100w\" sizes=\"(max-width: 800px) 100vw, 800px\" \/>\t\t\t\t\t\t\t\t<\/a>\n\t\t\t\t\t\t\t\t\t\t\t\t\t\t\t<\/div>\n\t\t\t\t<\/div>\n\t\t\t\t<div class=\"elementor-element elementor-element-90d4a9c elementor-widget elementor-widget-text-editor\" data-id=\"90d4a9c\" data-element_type=\"widget\" data-widget_type=\"text-editor.default\">\n\t\t\t\t<div class=\"elementor-widget-container\">\n\t\t\t\t\t\t\t<p style=\"text-align: center;\"><span style=\"color: #4b4b4b;\"><a style=\"color: #4b4b4b;\" href=\"https:\/\/induo.es\/productos\/vestidores\/laga\/\">Laga<\/a><\/span><\/p>\t\t\t\t\t\t<\/div>\n\t\t\t\t<\/div>\n\t\t\t\t\t<\/div>\n\t\t<\/div>\n\t\t\t\t<div class=\"elementor-column elementor-col-50 elementor-top-column elementor-element elementor-element-5d953d0\" data-id=\"5d953d0\" data-element_type=\"column\">\n\t\t\t<div class=\"elementor-widget-wrap elementor-element-populated\">\n\t\t\t\t\t\t\t\t<div class=\"elementor-element elementor-element-4aa41b6 elementor-widget elementor-widget-image\" data-id=\"4aa41b6\" data-element_type=\"widget\" data-widget_type=\"image.default\">\n\t\t\t\t<div class=\"elementor-widget-container\">\n\t\t\t\t\t\t\t\t\t\t\t\t\t\t\t\t<a href=\"https:\/\/induo.es\/productos\/vestidores\/hendaya\/\">\n\t\t\t\t\t\t\t<img decoding=\"async\" width=\"800\" height=\"533\" src=\"https:\/\/induo.es\/wp-content\/uploads\/2022\/04\/orruaport-1024x682.jpg\" class=\"attachment-large size-large\" alt=\"\" loading=\"lazy\" srcset=\"https:\/\/induo.es\/wp-content\/uploads\/2022\/04\/orruaport-1024x682.jpg 1024w, https:\/\/induo.es\/wp-content\/uploads\/2022\/04\/orruaport-300x200.jpg 300w, https:\/\/induo.es\/wp-content\/uploads\/2022\/04\/orruaport-768x512.jpg 768w, https:\/\/induo.es\/wp-content\/uploads\/2022\/04\/orruaport.jpg 1100w\" sizes=\"(max-width: 800px) 100vw, 800px\" \/>\t\t\t\t\t\t\t\t<\/a>\n\t\t\t\t\t\t\t\t\t\t\t\t\t\t\t<\/div>\n\t\t\t\t<\/div>\n\t\t\t\t<div class=\"elementor-element elementor-element-2f9f962 elementor-widget elementor-widget-text-editor\" data-id=\"2f9f962\" data-element_type=\"widget\" data-widget_type=\"text-editor.default\">\n\t\t\t\t<div class=\"elementor-widget-container\">\n\t\t\t\t\t\t\t<p style=\"text-align: center;\"><span style=\"color: #4b4b4b;\"><a style=\"color: #4b4b4b;\" href=\"https:\/\/induo.es\/productos\/vestidores\/hendaya\/\">Hendaya<\/a><\/span><\/p>\t\t\t\t\t\t<\/div>\n\t\t\t\t<\/div>\n\t\t\t\t\t<\/div>\n\t\t<\/div>\n\t\t\t\t\t\t\t<\/div>\n\t\t<\/section>\n\t\t\t\t\t\t<\/div>\n\t\t\t\t\t<\/div>\n\t\t","protected":false},"excerpt":{"rendered":"<p>DRESSINGS TROUVEZ LE DRESSING ID\u00c9AL POUR VOTRE PROJET PARMI LES MOD\u00c8LES SUR MESURE D\u2019INDUO. Apportez une touche suppl\u00e9mentaire d\u2019\u00e9l\u00e9gance et de confort \u00e0 votre projet avec un dressing d\u2019Induo. Vous donnerez forme \u00e0 un espace design qui s\u00e9duira par son ampleur et la facilit\u00e9 pour voir tous les \u00e9l\u00e9ments d\u2019un seul coup d&rsquo;\u0153il. Les dressings [&hellip;]<\/p>\n","protected":false},"author":2,"featured_media":0,"parent":9446,"menu_order":50,"comment_status":"closed","ping_status":"closed","template":"","meta":[],"tipos_productos":[],"acf":[],"yoast_head":"<!-- This site is optimized with the Yoast SEO plugin v20.0 - https:\/\/yoast.com\/wordpress\/plugins\/seo\/ -->\n<title>Trouvez le Dressing id\u00e9al pour votre projet parmi les mod\u00e8les sur mesure d\u2019induo - Induo<\/title>\n<meta name=\"description\" content=\"Apportez une touche suppl\u00e9mentaire d\u2019\u00e9l\u00e9gance et de confort \u00e0 votre projet avec un dressing d\u2019Induo. Les dressings d\u2019Induo cr\u00e9ent des espaces diff\u00e9renci\u00e9s, s\u00e9par\u00e9s du reste de la pi\u00e8ce par des portes de grande qualit\u00e9, ou ouverts.\" \/>\n<meta name=\"robots\" content=\"index, follow, max-snippet:-1, max-image-preview:large, max-video-preview:-1\" \/>\n<link rel=\"canonical\" href=\"https:\/\/induo.es\/fr\/produits\/dressings\/\" \/>\n<meta property=\"og:locale\" content=\"fr_FR\" \/>\n<meta property=\"og:type\" content=\"article\" \/>\n<meta property=\"og:title\" content=\"Trouvez le Dressing id\u00e9al pour votre projet parmi les mod\u00e8les sur mesure d\u2019induo - Induo\" \/>\n<meta property=\"og:description\" content=\"Apportez une touche suppl\u00e9mentaire d\u2019\u00e9l\u00e9gance et de confort \u00e0 votre projet avec un dressing d\u2019Induo. Les dressings d\u2019Induo cr\u00e9ent des espaces diff\u00e9renci\u00e9s, s\u00e9par\u00e9s du reste de la pi\u00e8ce par des portes de grande qualit\u00e9, ou ouverts.\" \/>\n<meta property=\"og:url\" content=\"https:\/\/induo.es\/fr\/produits\/dressings\/\" \/>\n<meta property=\"og:site_name\" content=\"Induo\" \/>\n<meta property=\"article:modified_time\" content=\"2022-07-14T10:07:01+00:00\" \/>\n<meta property=\"og:image\" content=\"https:\/\/induo.es\/wp-content\/uploads\/2022\/04\/hanaport-1024x682.jpg\" \/>\n<meta name=\"twitter:card\" content=\"summary_large_image\" \/>\n<meta name=\"twitter:label1\" content=\"Dur\u00e9e de lecture estim\u00e9e\" \/>\n\t<meta name=\"twitter:data1\" content=\"1 minute\" \/>\n<script type=\"application\/ld+json\" class=\"yoast-schema-graph\">{\"@context\":\"https:\/\/schema.org\",\"@graph\":[{\"@type\":\"WebPage\",\"@id\":\"https:\/\/induo.es\/fr\/produits\/dressings\/\",\"url\":\"https:\/\/induo.es\/fr\/produits\/dressings\/\",\"name\":\"Trouvez le Dressing id\u00e9al pour votre projet parmi les mod\u00e8les sur mesure d\u2019induo - Induo\",\"isPartOf\":{\"@id\":\"https:\/\/induo.es\/fr\/#website\"},\"datePublished\":\"2022-03-03T10:32:20+00:00\",\"dateModified\":\"2022-07-14T10:07:01+00:00\",\"description\":\"Apportez une touche suppl\u00e9mentaire d\u2019\u00e9l\u00e9gance et de confort \u00e0 votre projet avec un dressing d\u2019Induo. Les dressings d\u2019Induo cr\u00e9ent des espaces diff\u00e9renci\u00e9s, s\u00e9par\u00e9s du reste de la pi\u00e8ce par des portes de grande qualit\u00e9, ou ouverts.\",\"breadcrumb\":{\"@id\":\"https:\/\/induo.es\/fr\/produits\/dressings\/#breadcrumb\"},\"inLanguage\":\"fr-FR\",\"potentialAction\":[{\"@type\":\"ReadAction\",\"target\":[\"https:\/\/induo.es\/fr\/produits\/dressings\/\"]}]},{\"@type\":\"BreadcrumbList\",\"@id\":\"https:\/\/induo.es\/fr\/produits\/dressings\/#breadcrumb\",\"itemListElement\":[{\"@type\":\"ListItem\",\"position\":1,\"name\":\"Portada\",\"item\":\"https:\/\/induo.es\/fr\/home\/\"},{\"@type\":\"ListItem\",\"position\":2,\"name\":\"Produits\",\"item\":\"https:\/\/induo.es\/fr\/produits\/\"},{\"@type\":\"ListItem\",\"position\":3,\"name\":\"Dressings\"}]},{\"@type\":\"WebSite\",\"@id\":\"https:\/\/induo.es\/fr\/#website\",\"url\":\"https:\/\/induo.es\/fr\/\",\"name\":\"Induo\",\"description\":\"Armarios y Cocinas\",\"publisher\":{\"@id\":\"https:\/\/induo.es\/fr\/#organization\"},\"potentialAction\":[{\"@type\":\"SearchAction\",\"target\":{\"@type\":\"EntryPoint\",\"urlTemplate\":\"https:\/\/induo.es\/fr\/?s={search_term_string}\"},\"query-input\":\"required name=search_term_string\"}],\"inLanguage\":\"fr-FR\"},{\"@type\":\"Organization\",\"@id\":\"https:\/\/induo.es\/fr\/#organization\",\"name\":\"Induo\",\"url\":\"https:\/\/induo.es\/fr\/\",\"logo\":{\"@type\":\"ImageObject\",\"inLanguage\":\"fr-FR\",\"@id\":\"https:\/\/induo.es\/fr\/#\/schema\/logo\/image\/\",\"url\":\"https:\/\/induo.es\/wp-content\/uploads\/2022\/03\/cropped-logo-1.png\",\"contentUrl\":\"https:\/\/induo.es\/wp-content\/uploads\/2022\/03\/cropped-logo-1.png\",\"width\":150,\"height\":42,\"caption\":\"Induo\"},\"image\":{\"@id\":\"https:\/\/induo.es\/fr\/#\/schema\/logo\/image\/\"}}]}<\/script>\n<!-- \/ Yoast SEO plugin. -->","yoast_head_json":{"title":"Trouvez le Dressing id\u00e9al pour votre projet parmi les mod\u00e8les sur mesure d\u2019induo - Induo","description":"Apportez une touche suppl\u00e9mentaire d\u2019\u00e9l\u00e9gance et de confort \u00e0 votre projet avec un dressing d\u2019Induo. Les dressings d\u2019Induo cr\u00e9ent des espaces diff\u00e9renci\u00e9s, s\u00e9par\u00e9s du reste de la pi\u00e8ce par des portes de grande qualit\u00e9, ou ouverts.","robots":{"index":"index","follow":"follow","max-snippet":"max-snippet:-1","max-image-preview":"max-image-preview:large","max-video-preview":"max-video-preview:-1"},"canonical":"https:\/\/induo.es\/fr\/produits\/dressings\/","og_locale":"fr_FR","og_type":"article","og_title":"Trouvez le Dressing id\u00e9al pour votre projet parmi les mod\u00e8les sur mesure d\u2019induo - Induo","og_description":"Apportez une touche suppl\u00e9mentaire d\u2019\u00e9l\u00e9gance et de confort \u00e0 votre projet avec un dressing d\u2019Induo. Les dressings d\u2019Induo cr\u00e9ent des espaces diff\u00e9renci\u00e9s, s\u00e9par\u00e9s du reste de la pi\u00e8ce par des portes de grande qualit\u00e9, ou ouverts.","og_url":"https:\/\/induo.es\/fr\/produits\/dressings\/","og_site_name":"Induo","article_modified_time":"2022-07-14T10:07:01+00:00","og_image":[{"url":"https:\/\/induo.es\/wp-content\/uploads\/2022\/04\/hanaport-1024x682.jpg"}],"twitter_card":"summary_large_image","twitter_misc":{"Dur\u00e9e de lecture estim\u00e9e":"1 minute"},"schema":{"@context":"https:\/\/schema.org","@graph":[{"@type":"WebPage","@id":"https:\/\/induo.es\/fr\/produits\/dressings\/","url":"https:\/\/induo.es\/fr\/produits\/dressings\/","name":"Trouvez le Dressing id\u00e9al pour votre projet parmi les mod\u00e8les sur mesure d\u2019induo - Induo","isPartOf":{"@id":"https:\/\/induo.es\/fr\/#website"},"datePublished":"2022-03-03T10:32:20+00:00","dateModified":"2022-07-14T10:07:01+00:00","description":"Apportez une touche suppl\u00e9mentaire d\u2019\u00e9l\u00e9gance et de confort \u00e0 votre projet avec un dressing d\u2019Induo. Les dressings d\u2019Induo cr\u00e9ent des espaces diff\u00e9renci\u00e9s, s\u00e9par\u00e9s du reste de la pi\u00e8ce par des portes de grande qualit\u00e9, ou ouverts.","breadcrumb":{"@id":"https:\/\/induo.es\/fr\/produits\/dressings\/#breadcrumb"},"inLanguage":"fr-FR","potentialAction":[{"@type":"ReadAction","target":["https:\/\/induo.es\/fr\/produits\/dressings\/"]}]},{"@type":"BreadcrumbList","@id":"https:\/\/induo.es\/fr\/produits\/dressings\/#breadcrumb","itemListElement":[{"@type":"ListItem","position":1,"name":"Portada","item":"https:\/\/induo.es\/fr\/home\/"},{"@type":"ListItem","position":2,"name":"Produits","item":"https:\/\/induo.es\/fr\/produits\/"},{"@type":"ListItem","position":3,"name":"Dressings"}]},{"@type":"WebSite","@id":"https:\/\/induo.es\/fr\/#website","url":"https:\/\/induo.es\/fr\/","name":"Induo","description":"Armarios y Cocinas","publisher":{"@id":"https:\/\/induo.es\/fr\/#organization"},"potentialAction":[{"@type":"SearchAction","target":{"@type":"EntryPoint","urlTemplate":"https:\/\/induo.es\/fr\/?s={search_term_string}"},"query-input":"required name=search_term_string"}],"inLanguage":"fr-FR"},{"@type":"Organization","@id":"https:\/\/induo.es\/fr\/#organization","name":"Induo","url":"https:\/\/induo.es\/fr\/","logo":{"@type":"ImageObject","inLanguage":"fr-FR","@id":"https:\/\/induo.es\/fr\/#\/schema\/logo\/image\/","url":"https:\/\/induo.es\/wp-content\/uploads\/2022\/03\/cropped-logo-1.png","contentUrl":"https:\/\/induo.es\/wp-content\/uploads\/2022\/03\/cropped-logo-1.png","width":150,"height":42,"caption":"Induo"},"image":{"@id":"https:\/\/induo.es\/fr\/#\/schema\/logo\/image\/"}}]}},"_links":{"self":[{"href":"https:\/\/induo.es\/fr\/wp-json\/wp\/v2\/pages\/9552"}],"collection":[{"href":"https:\/\/induo.es\/fr\/wp-json\/wp\/v2\/pages"}],"about":[{"href":"https:\/\/induo.es\/fr\/wp-json\/wp\/v2\/types\/page"}],"author":[{"embeddable":true,"href":"https:\/\/induo.es\/fr\/wp-json\/wp\/v2\/users\/2"}],"replies":[{"embeddable":true,"href":"https:\/\/induo.es\/fr\/wp-json\/wp\/v2\/comments?post=9552"}],"version-history":[{"count":1,"href":"https:\/\/induo.es\/fr\/wp-json\/wp\/v2\/pages\/9552\/revisions"}],"predecessor-version":[{"id":9553,"href":"https:\/\/induo.es\/fr\/wp-json\/wp\/v2\/pages\/9552\/revisions\/9553"}],"up":[{"embeddable":true,"href":"https:\/\/induo.es\/fr\/wp-json\/wp\/v2\/pages\/9446"}],"wp:attachment":[{"href":"https:\/\/induo.es\/fr\/wp-json\/wp\/v2\/media?parent=9552"}],"wp:term":[{"taxonomy":"tipos_productos","embeddable":true,"href":"https:\/\/induo.es\/fr\/wp-json\/wp\/v2\/tipos_productos?post=9552"}],"curies":[{"name":"wp","href":"https:\/\/api.w.org\/{rel}","templated":true}]}}