{"id":9546,"date":"2022-03-03T12:09:38","date_gmt":"2022-03-03T12:09:38","guid":{"rendered":"https:\/\/induo.es\/produits\/armoires-sur-mesure\/portes-battantes\/chloe\/"},"modified":"2023-11-28T15:26:09","modified_gmt":"2023-11-28T15:26:09","slug":"chloe","status":"publish","type":"page","link":"https:\/\/induo.es\/fr\/produits\/armoires-sur-mesure\/portes-battantes\/chloe\/","title":{"rendered":"Chlo\u00e9"},"content":{"rendered":"\t\t<div data-elementor-type=\"wp-page\" data-elementor-id=\"9546\" class=\"elementor elementor-9546 elementor-601\" data-elementor-settings=\"[]\">\n\t\t\t\t\t\t\t<div class=\"elementor-section-wrap\">\n\t\t\t\t\t\t\t<section class=\"elementor-section elementor-top-section elementor-element elementor-element-672125c elementor-section-full_width elementor-section-height-default elementor-section-height-default\" data-id=\"672125c\" data-element_type=\"section\">\n\t\t\t\t\t\t<div class=\"elementor-container elementor-column-gap-default\">\n\t\t\t\t\t<div class=\"elementor-column elementor-col-50 elementor-top-column elementor-element elementor-element-4e6de00\" data-id=\"4e6de00\" data-element_type=\"column\">\n\t\t\t<div class=\"elementor-widget-wrap elementor-element-populated\">\n\t\t\t\t\t\t\t\t<div class=\"elementor-element elementor-element-2705701 migas-de-pan elementor-widget elementor-widget-breadcrumbs\" data-id=\"2705701\" data-element_type=\"widget\" data-widget_type=\"breadcrumbs.default\">\n\t\t\t\t<div class=\"elementor-widget-container\">\n\t\t\t<link rel=\"stylesheet\" href=\"https:\/\/induo.es\/wp-content\/plugins\/elementor-pro\/assets\/css\/widget-theme-elements.min.css\"><p id=\"breadcrumbs\"><span><span><a href=\"https:\/\/induo.es\/fr\/home\/\">Portada<\/a><\/span><\/span><\/p>\t\t<\/div>\n\t\t\t\t<\/div>\n\t\t\t\t\t<\/div>\n\t\t<\/div>\n\t\t\t\t<div class=\"elementor-column elementor-col-50 elementor-top-column elementor-element elementor-element-ed222b0\" data-id=\"ed222b0\" data-element_type=\"column\">\n\t\t\t<div class=\"elementor-widget-wrap elementor-element-populated\">\n\t\t\t\t\t\t\t\t<div class=\"elementor-element elementor-element-9e495aa menu-proyectos menu-productos elementor-widget elementor-widget-post-navigation\" data-id=\"9e495aa\" data-element_type=\"widget\" data-widget_type=\"post-navigation.default\">\n\t\t\t\t<div class=\"elementor-widget-container\">\n\t\t\t\t\t<div class=\"elementor-post-navigation\">\n\t\t\t<div class=\"elementor-post-navigation__prev elementor-post-navigation__link\">\n\t\t\t\t<a href=\"https:\/\/induo.es\/fr\/produits\/armoires-sur-mesure\/portes-battantes\/jaione\/\" rel=\"prev\"><span class=\"post-navigation__arrow-wrapper post-navigation__arrow-prev\"><i class=\"fa fa-angle-left\" aria-hidden=\"true\"><\/i><span class=\"elementor-screen-only\">Pr\u00e9c\u00e9dent<\/span><\/span><span class=\"elementor-post-navigation__link__prev\"><\/span><\/a>\t\t\t<\/div>\n\t\t\t<span class=\"post-navigation-ayuda\">Men\u00fa<\/span>\n\t\t\t\t\t\t<div class=\"elementor-post-navigation__next elementor-post-navigation__link\">\n\t\t\t\t<a href=\"https:\/\/induo.es\/fr\/produits\/dressings\/hanna\/\" rel=\"next\"><span class=\"elementor-post-navigation__link__next\"><\/span><span class=\"post-navigation__arrow-wrapper post-navigation__arrow-next\"><i class=\"fa fa-angle-right\" aria-hidden=\"true\"><\/i><span class=\"elementor-screen-only\">Suivant<\/span><\/span><\/a>\t\t\t<\/div>\n\t\t<\/div>\n\t\t\t\t<\/div>\n\t\t\t\t<\/div>\n\t\t\t\t\t<\/div>\n\t\t<\/div>\n\t\t\t\t\t\t\t<\/div>\n\t\t<\/section>\n\t\t\t\t<section class=\"elementor-section elementor-top-section elementor-element elementor-element-3acd9c2f elementor-section-full_width portadafullwidth elementor-section-height-default elementor-section-height-default\" data-id=\"3acd9c2f\" data-element_type=\"section\">\n\t\t\t\t\t\t<div class=\"elementor-container elementor-column-gap-default\">\n\t\t\t\t\t<div class=\"elementor-column elementor-col-100 elementor-top-column elementor-element elementor-element-233fdfd5\" data-id=\"233fdfd5\" data-element_type=\"column\">\n\t\t\t<div class=\"elementor-widget-wrap elementor-element-populated\">\n\t\t\t\t\t\t\t\t<div class=\"elementor-element elementor-element-207b40c3 elementor-widget elementor-widget-image\" data-id=\"207b40c3\" data-element_type=\"widget\" data-widget_type=\"image.default\">\n\t\t\t\t<div class=\"elementor-widget-container\">\n\t\t\t<style>\/*! elementor - v3.5.6 - 28-02-2022 *\/\n.elementor-widget-image{text-align:center}.elementor-widget-image a{display:inline-block}.elementor-widget-image a img[src$=\".svg\"]{width:48px}.elementor-widget-image img{vertical-align:middle;display:inline-block}<\/style>\t\t\t\t\t\t\t\t\t\t\t\t\t<a href=\"https:\/\/induo.es\/wp-content\/uploads\/2022\/05\/ARMARIO-CHLOE-ALTA-WEB.jpg\" data-elementor-open-lightbox=\"yes\" data-elementor-lightbox-title=\"ARMARIO-CHLOE-ALTA-WEB\" e-action-hash=\"#elementor-action%3Aaction%3Dlightbox%26settings%3DeyJpZCI6ODcwNCwidXJsIjoiaHR0cHM6XC9cL2luZHVvLmVzXC93cC1jb250ZW50XC91cGxvYWRzXC8yMDIyXC8wNVwvQVJNQVJJTy1DSExPRS1BTFRBLVdFQi5qcGcifQ%3D%3D\">\n\t\t\t\t\t\t\t<img decoding=\"async\" width=\"1920\" height=\"957\" src=\"https:\/\/induo.es\/wp-content\/uploads\/2022\/05\/ARMARIO-CHLOE-ALTA-WEB.jpg\" class=\"attachment-full size-full\" alt=\"\" loading=\"lazy\" srcset=\"https:\/\/induo.es\/wp-content\/uploads\/2022\/05\/ARMARIO-CHLOE-ALTA-WEB.jpg 1920w, https:\/\/induo.es\/wp-content\/uploads\/2022\/05\/ARMARIO-CHLOE-ALTA-WEB-300x150.jpg 300w, https:\/\/induo.es\/wp-content\/uploads\/2022\/05\/ARMARIO-CHLOE-ALTA-WEB-1024x510.jpg 1024w, https:\/\/induo.es\/wp-content\/uploads\/2022\/05\/ARMARIO-CHLOE-ALTA-WEB-768x383.jpg 768w, https:\/\/induo.es\/wp-content\/uploads\/2022\/05\/ARMARIO-CHLOE-ALTA-WEB-1536x766.jpg 1536w\" sizes=\"(max-width: 1920px) 100vw, 1920px\" \/>\t\t\t\t\t\t\t\t<\/a>\n\t\t\t\t\t\t\t\t\t\t\t\t\t\t\t<\/div>\n\t\t\t\t<\/div>\n\t\t\t\t\t<\/div>\n\t\t<\/div>\n\t\t\t\t\t\t\t<\/div>\n\t\t<\/section>\n\t\t\t\t<section class=\"elementor-section elementor-top-section elementor-element elementor-element-5167fcf1 elementor-section-boxed elementor-section-height-default elementor-section-height-default\" data-id=\"5167fcf1\" data-element_type=\"section\">\n\t\t\t\t\t\t<div class=\"elementor-container elementor-column-gap-default\">\n\t\t\t\t\t<div class=\"elementor-column elementor-col-50 elementor-top-column elementor-element elementor-element-29c9ba3f\" data-id=\"29c9ba3f\" data-element_type=\"column\">\n\t\t\t<div class=\"elementor-widget-wrap elementor-element-populated\">\n\t\t\t\t\t\t\t\t<div class=\"elementor-element elementor-element-585b2bbc elementor-widget elementor-widget-heading\" data-id=\"585b2bbc\" data-element_type=\"widget\" data-widget_type=\"heading.default\">\n\t\t\t\t<div class=\"elementor-widget-container\">\n\t\t\t<style>\/*! elementor - v3.5.6 - 28-02-2022 *\/\n.elementor-heading-title{padding:0;margin:0;line-height:1}.elementor-widget-heading .elementor-heading-title[class*=elementor-size-]>a{color:inherit;font-size:inherit;line-height:inherit}.elementor-widget-heading .elementor-heading-title.elementor-size-small{font-size:15px}.elementor-widget-heading .elementor-heading-title.elementor-size-medium{font-size:19px}.elementor-widget-heading .elementor-heading-title.elementor-size-large{font-size:29px}.elementor-widget-heading .elementor-heading-title.elementor-size-xl{font-size:39px}.elementor-widget-heading .elementor-heading-title.elementor-size-xxl{font-size:59px}<\/style><h1 class=\"elementor-heading-title elementor-size-default\">Chlo\u00e9<\/h1>\t\t<\/div>\n\t\t\t\t<\/div>\n\t\t\t\t<div class=\"elementor-element elementor-element-40332af4 elementor-widget elementor-widget-text-editor\" data-id=\"40332af4\" data-element_type=\"widget\" data-widget_type=\"text-editor.default\">\n\t\t\t\t<div class=\"elementor-widget-container\">\n\t\t\t<style>\/*! elementor - v3.5.6 - 28-02-2022 *\/\n.elementor-widget-text-editor.elementor-drop-cap-view-stacked .elementor-drop-cap{background-color:#818a91;color:#fff}.elementor-widget-text-editor.elementor-drop-cap-view-framed .elementor-drop-cap{color:#818a91;border:3px solid;background-color:transparent}.elementor-widget-text-editor:not(.elementor-drop-cap-view-default) .elementor-drop-cap{margin-top:8px}.elementor-widget-text-editor:not(.elementor-drop-cap-view-default) .elementor-drop-cap-letter{width:1em;height:1em}.elementor-widget-text-editor .elementor-drop-cap{float:left;text-align:center;line-height:1;font-size:50px}.elementor-widget-text-editor .elementor-drop-cap-letter{display:inline-block}<\/style>\t\t\t\t<p><span style=\"letter-spacing: 0.6px;\">PORTES BATTANTES<\/span><\/p>\n\t\t\t\t\t\t<\/div>\n\t\t\t\t<\/div>\n\t\t\t\t\t<\/div>\n\t\t<\/div>\n\t\t\t\t<div class=\"elementor-column elementor-col-50 elementor-top-column elementor-element elementor-element-1559bc6c\" data-id=\"1559bc6c\" data-element_type=\"column\">\n\t\t\t<div class=\"elementor-widget-wrap\">\n\t\t\t\t\t\t\t\t\t<\/div>\n\t\t<\/div>\n\t\t\t\t\t\t\t<\/div>\n\t\t<\/section>\n\t\t\t\t<section class=\"elementor-section elementor-top-section elementor-element elementor-element-2645b21b elementor-section-boxed elementor-section-height-default elementor-section-height-default\" data-id=\"2645b21b\" data-element_type=\"section\">\n\t\t\t\t\t\t<div class=\"elementor-container elementor-column-gap-default\">\n\t\t\t\t\t<div class=\"elementor-column elementor-col-50 elementor-top-column elementor-element elementor-element-16542e04\" data-id=\"16542e04\" data-element_type=\"column\">\n\t\t\t<div class=\"elementor-widget-wrap elementor-element-populated\">\n\t\t\t\t\t\t\t\t<div class=\"elementor-element elementor-element-fd3c62f elementor-align-left boton-ficha elementor-widget elementor-widget-global elementor-global-11005 elementor-widget-button\" data-id=\"fd3c62f\" data-element_type=\"widget\" data-widget_type=\"button.default\">\n\t\t\t\t<div class=\"elementor-widget-container\">\n\t\t\t\t\t<div class=\"elementor-button-wrapper\">\n\t\t\t<a href=\"https:\/\/induo.es\/wp-content\/uploads\/2023\/11\/FichaTecnicaGeneral-2023.pdf\" target=\"_blank\" class=\"elementor-button-link elementor-button elementor-size-sm\" role=\"button\">\n\t\t\t\t\t\t<span class=\"elementor-button-content-wrapper\">\n\t\t\t\t\t\t<span class=\"elementor-button-icon elementor-align-icon-left\">\n\t\t\t\t<svg xmlns=\"http:\/\/www.w3.org\/2000\/svg\" width=\"14\" height=\"17\" viewBox=\"0 0 14 17\"><path id=\"Trazado_4278\" data-name=\"Trazado 4278\" d=\"M16.59,9H15V4a1,1,0,0,0-1-1H10A1,1,0,0,0,9,4V9H7.41a1,1,0,0,0-.71,1.71l4.59,4.59a1,1,0,0,0,1.41,0l4.59-4.59A1,1,0,0,0,16.59,9ZM5,19a1,1,0,0,0,1,1H18a1,1,0,0,0,0-2H6A1,1,0,0,0,5,19Z\" transform=\"translate(-5 -3)\" fill=\"#e6007e\"><\/path><\/svg>\t\t\t<\/span>\n\t\t\t\t\t\t<span class=\"elementor-button-text\"><span class=\"fuerte\">DATOS T\u00c9CNICOS<\/span> <BR>Ficha T\u00e9cnica<\/span>\n\t\t<\/span>\n\t\t\t\t\t<\/a>\n\t\t<\/div>\n\t\t\t\t<\/div>\n\t\t\t\t<\/div>\n\t\t\t\t\t<\/div>\n\t\t<\/div>\n\t\t\t\t<div class=\"elementor-column elementor-col-50 elementor-top-column elementor-element elementor-element-31e6b978\" data-id=\"31e6b978\" data-element_type=\"column\">\n\t\t\t<div class=\"elementor-widget-wrap elementor-element-populated\">\n\t\t\t\t\t\t\t\t<div class=\"elementor-element elementor-element-69f6074c elementor-widget elementor-widget-text-editor\" data-id=\"69f6074c\" data-element_type=\"widget\" data-widget_type=\"text-editor.default\">\n\t\t\t\t<div class=\"elementor-widget-container\">\n\t\t\t\t\t\t\t<p>Le design est \u00e9l\u00e9gant gr\u00e2ce \u00e0 la finition laqu\u00e9e et au d\u00e9tail simple de la poign\u00e9e. Une petite ouverture rectangulaire \u00e0 la verticale permet de voir le fond de la porte. Ce fond peut \u00eatre de toutes les couleurs et mat\u00e9riaux, et est le d\u00e9tail qui marque la diff\u00e9rence du mod\u00e8le Chlo\u00e9.<\/p>\n<p>Ce syst\u00e8me simple de la poign\u00e9e rectangulaire est le m\u00eame que celui du mod\u00e8le Iker dans l\u2019armoire \u00e0 portes suspendues.<\/p>\n<p>Le design de Chlo\u00e9 est \u00e0 lignes simples et minimalistes, ce qui donne \u00e0 une entr\u00e9e ou \u00e0 une chambre une touche sp\u00e9ciale.<\/p>\n\t\t\t\t\t\t<\/div>\n\t\t\t\t<\/div>\n\t\t\t\t\t<\/div>\n\t\t<\/div>\n\t\t\t\t\t\t\t<\/div>\n\t\t<\/section>\n\t\t\t\t<section class=\"elementor-section elementor-top-section elementor-element elementor-element-70dbf140 elementor-section-boxed elementor-section-height-default elementor-section-height-default\" data-id=\"70dbf140\" data-element_type=\"section\">\n\t\t\t\t\t\t<div class=\"elementor-container elementor-column-gap-default\">\n\t\t\t\t\t<div class=\"elementor-column elementor-col-100 elementor-top-column elementor-element elementor-element-47661949\" data-id=\"47661949\" data-element_type=\"column\">\n\t\t\t<div class=\"elementor-widget-wrap elementor-element-populated\">\n\t\t\t\t\t\t\t\t<div class=\"elementor-element elementor-element-1d96b844 menu-proyectos menu-proyectos-footer elementor-widget__width-initial elementor-widget elementor-widget-post-navigation\" data-id=\"1d96b844\" data-element_type=\"widget\" data-widget_type=\"post-navigation.default\">\n\t\t\t\t<div class=\"elementor-widget-container\">\n\t\t\t\t\t<div class=\"elementor-post-navigation\">\n\t\t\t<div class=\"elementor-post-navigation__prev elementor-post-navigation__link\">\n\t\t\t\t<a href=\"https:\/\/induo.es\/fr\/produits\/armoires-sur-mesure\/portes-battantes\/jaione\/\" rel=\"prev\"><span class=\"post-navigation__arrow-wrapper post-navigation__arrow-prev\"><i class=\"fa fa-angle-left\" aria-hidden=\"true\"><\/i><span class=\"elementor-screen-only\">Pr\u00e9c\u00e9dent<\/span><\/span><span class=\"elementor-post-navigation__link__prev\"><\/span><\/a>\t\t\t<\/div>\n\t\t\t<span class=\"post-navigation-ayuda\">Men\u00fa<\/span>\n\t\t\t\t\t\t<div class=\"elementor-post-navigation__next elementor-post-navigation__link\">\n\t\t\t\t<a href=\"https:\/\/induo.es\/fr\/produits\/dressings\/hanna\/\" rel=\"next\"><span class=\"elementor-post-navigation__link__next\"><\/span><span class=\"post-navigation__arrow-wrapper post-navigation__arrow-next\"><i class=\"fa fa-angle-right\" aria-hidden=\"true\"><\/i><span class=\"elementor-screen-only\">Suivant<\/span><\/span><\/a>\t\t\t<\/div>\n\t\t<\/div>\n\t\t\t\t<\/div>\n\t\t\t\t<\/div>\n\t\t\t\t\t<\/div>\n\t\t<\/div>\n\t\t\t\t\t\t\t<\/div>\n\t\t<\/section>\n\t\t\t\t\t\t<\/div>\n\t\t\t\t\t<\/div>\n\t\t","protected":false},"excerpt":{"rendered":"<p>Chlo\u00e9 PORTES BATTANTES DATOS T\u00c9CNICOS Ficha T\u00e9cnica Le design est \u00e9l\u00e9gant gr\u00e2ce \u00e0 la finition laqu\u00e9e et au d\u00e9tail simple de la poign\u00e9e. Une petite ouverture rectangulaire \u00e0 la verticale permet de voir le fond de la porte. Ce fond peut \u00eatre de toutes les couleurs et mat\u00e9riaux, et est le d\u00e9tail qui marque la [&hellip;]<\/p>\n","protected":false},"author":2,"featured_media":0,"parent":9509,"menu_order":50,"comment_status":"closed","ping_status":"closed","template":"","meta":[],"tipos_productos":[229],"acf":[],"yoast_head":"<!-- This site is optimized with the Yoast SEO plugin v20.0 - https:\/\/yoast.com\/wordpress\/plugins\/seo\/ -->\n<title>Chlo\u00e9 - Portes Battantes - Induo<\/title>\n<meta name=\"description\" content=\"Le design est \u00e9l\u00e9gant gr\u00e2ce \u00e0 la finition laqu\u00e9e et au d\u00e9tail simple de la poign\u00e9e. Une petite ouverture rectangulaire \u00e0 la verticale permet de voir le fond de la porte.\" \/>\n<meta name=\"robots\" content=\"index, follow, max-snippet:-1, max-image-preview:large, max-video-preview:-1\" \/>\n<link rel=\"canonical\" href=\"https:\/\/induo.es\/fr\/produits\/armoires-sur-mesure\/portes-battantes\/chloe\/\" \/>\n<meta property=\"og:locale\" content=\"fr_FR\" \/>\n<meta property=\"og:type\" content=\"article\" \/>\n<meta property=\"og:title\" content=\"Chlo\u00e9 - Portes Battantes - Induo\" \/>\n<meta property=\"og:description\" content=\"Le design est \u00e9l\u00e9gant gr\u00e2ce \u00e0 la finition laqu\u00e9e et au d\u00e9tail simple de la poign\u00e9e. Une petite ouverture rectangulaire \u00e0 la verticale permet de voir le fond de la porte.\" \/>\n<meta property=\"og:url\" content=\"https:\/\/induo.es\/fr\/produits\/armoires-sur-mesure\/portes-battantes\/chloe\/\" \/>\n<meta property=\"og:site_name\" content=\"Induo\" \/>\n<meta property=\"article:modified_time\" content=\"2023-11-28T15:26:09+00:00\" \/>\n<meta property=\"og:image\" content=\"https:\/\/induo.es\/wp-content\/uploads\/2022\/05\/ARMARIO-CHLOE-ALTA-WEB.jpg\" \/>\n<meta name=\"twitter:card\" content=\"summary_large_image\" \/>\n<meta name=\"twitter:label1\" content=\"Dur\u00e9e de lecture estim\u00e9e\" \/>\n\t<meta name=\"twitter:data1\" content=\"1 minute\" \/>\n<script type=\"application\/ld+json\" class=\"yoast-schema-graph\">{\"@context\":\"https:\/\/schema.org\",\"@graph\":[{\"@type\":\"WebPage\",\"@id\":\"https:\/\/induo.es\/fr\/produits\/armoires-sur-mesure\/portes-battantes\/chloe\/\",\"url\":\"https:\/\/induo.es\/fr\/produits\/armoires-sur-mesure\/portes-battantes\/chloe\/\",\"name\":\"Chlo\u00e9 - Portes Battantes - Induo\",\"isPartOf\":{\"@id\":\"https:\/\/induo.es\/fr\/#website\"},\"datePublished\":\"2022-03-03T12:09:38+00:00\",\"dateModified\":\"2023-11-28T15:26:09+00:00\",\"description\":\"Le design est \u00e9l\u00e9gant gr\u00e2ce \u00e0 la finition laqu\u00e9e et au d\u00e9tail simple de la poign\u00e9e. Une petite ouverture rectangulaire \u00e0 la verticale permet de voir le fond de la porte.\",\"breadcrumb\":{\"@id\":\"https:\/\/induo.es\/fr\/produits\/armoires-sur-mesure\/portes-battantes\/chloe\/#breadcrumb\"},\"inLanguage\":\"fr-FR\",\"potentialAction\":[{\"@type\":\"ReadAction\",\"target\":[\"https:\/\/induo.es\/fr\/produits\/armoires-sur-mesure\/portes-battantes\/chloe\/\"]}]},{\"@type\":\"BreadcrumbList\",\"@id\":\"https:\/\/induo.es\/fr\/produits\/armoires-sur-mesure\/portes-battantes\/chloe\/#breadcrumb\",\"itemListElement\":[{\"@type\":\"ListItem\",\"position\":1,\"name\":\"Portada\",\"item\":\"https:\/\/induo.es\/fr\/home\/\"},{\"@type\":\"ListItem\",\"position\":2,\"name\":\"Produits\",\"item\":\"https:\/\/induo.es\/fr\/produits\/\"},{\"@type\":\"ListItem\",\"position\":3,\"name\":\"ARMOIRES SUR MESURE\",\"item\":\"https:\/\/induo.es\/fr\/productos\/armarios-a-medida\/\"},{\"@type\":\"ListItem\",\"position\":4,\"name\":\"Portes Battantes\",\"item\":\"https:\/\/induo.es\/fr\/productos\/armarios-a-medida\/puertas-batientes\/\"},{\"@type\":\"ListItem\",\"position\":5,\"name\":\"Chlo\u00e9\"}]},{\"@type\":\"WebSite\",\"@id\":\"https:\/\/induo.es\/fr\/#website\",\"url\":\"https:\/\/induo.es\/fr\/\",\"name\":\"Induo\",\"description\":\"Armarios y Cocinas\",\"publisher\":{\"@id\":\"https:\/\/induo.es\/fr\/#organization\"},\"potentialAction\":[{\"@type\":\"SearchAction\",\"target\":{\"@type\":\"EntryPoint\",\"urlTemplate\":\"https:\/\/induo.es\/fr\/?s={search_term_string}\"},\"query-input\":\"required name=search_term_string\"}],\"inLanguage\":\"fr-FR\"},{\"@type\":\"Organization\",\"@id\":\"https:\/\/induo.es\/fr\/#organization\",\"name\":\"Induo\",\"url\":\"https:\/\/induo.es\/fr\/\",\"logo\":{\"@type\":\"ImageObject\",\"inLanguage\":\"fr-FR\",\"@id\":\"https:\/\/induo.es\/fr\/#\/schema\/logo\/image\/\",\"url\":\"https:\/\/induo.es\/wp-content\/uploads\/2022\/03\/cropped-logo-1.png\",\"contentUrl\":\"https:\/\/induo.es\/wp-content\/uploads\/2022\/03\/cropped-logo-1.png\",\"width\":150,\"height\":42,\"caption\":\"Induo\"},\"image\":{\"@id\":\"https:\/\/induo.es\/fr\/#\/schema\/logo\/image\/\"}}]}<\/script>\n<!-- \/ Yoast SEO plugin. -->","yoast_head_json":{"title":"Chlo\u00e9 - Portes Battantes - Induo","description":"Le design est \u00e9l\u00e9gant gr\u00e2ce \u00e0 la finition laqu\u00e9e et au d\u00e9tail simple de la poign\u00e9e. Une petite ouverture rectangulaire \u00e0 la verticale permet de voir le fond de la porte.","robots":{"index":"index","follow":"follow","max-snippet":"max-snippet:-1","max-image-preview":"max-image-preview:large","max-video-preview":"max-video-preview:-1"},"canonical":"https:\/\/induo.es\/fr\/produits\/armoires-sur-mesure\/portes-battantes\/chloe\/","og_locale":"fr_FR","og_type":"article","og_title":"Chlo\u00e9 - Portes Battantes - Induo","og_description":"Le design est \u00e9l\u00e9gant gr\u00e2ce \u00e0 la finition laqu\u00e9e et au d\u00e9tail simple de la poign\u00e9e. Une petite ouverture rectangulaire \u00e0 la verticale permet de voir le fond de la porte.","og_url":"https:\/\/induo.es\/fr\/produits\/armoires-sur-mesure\/portes-battantes\/chloe\/","og_site_name":"Induo","article_modified_time":"2023-11-28T15:26:09+00:00","og_image":[{"url":"https:\/\/induo.es\/wp-content\/uploads\/2022\/05\/ARMARIO-CHLOE-ALTA-WEB.jpg"}],"twitter_card":"summary_large_image","twitter_misc":{"Dur\u00e9e de lecture estim\u00e9e":"1 minute"},"schema":{"@context":"https:\/\/schema.org","@graph":[{"@type":"WebPage","@id":"https:\/\/induo.es\/fr\/produits\/armoires-sur-mesure\/portes-battantes\/chloe\/","url":"https:\/\/induo.es\/fr\/produits\/armoires-sur-mesure\/portes-battantes\/chloe\/","name":"Chlo\u00e9 - Portes Battantes - Induo","isPartOf":{"@id":"https:\/\/induo.es\/fr\/#website"},"datePublished":"2022-03-03T12:09:38+00:00","dateModified":"2023-11-28T15:26:09+00:00","description":"Le design est \u00e9l\u00e9gant gr\u00e2ce \u00e0 la finition laqu\u00e9e et au d\u00e9tail simple de la poign\u00e9e. Une petite ouverture rectangulaire \u00e0 la verticale permet de voir le fond de la porte.","breadcrumb":{"@id":"https:\/\/induo.es\/fr\/produits\/armoires-sur-mesure\/portes-battantes\/chloe\/#breadcrumb"},"inLanguage":"fr-FR","potentialAction":[{"@type":"ReadAction","target":["https:\/\/induo.es\/fr\/produits\/armoires-sur-mesure\/portes-battantes\/chloe\/"]}]},{"@type":"BreadcrumbList","@id":"https:\/\/induo.es\/fr\/produits\/armoires-sur-mesure\/portes-battantes\/chloe\/#breadcrumb","itemListElement":[{"@type":"ListItem","position":1,"name":"Portada","item":"https:\/\/induo.es\/fr\/home\/"},{"@type":"ListItem","position":2,"name":"Produits","item":"https:\/\/induo.es\/fr\/produits\/"},{"@type":"ListItem","position":3,"name":"ARMOIRES SUR MESURE","item":"https:\/\/induo.es\/fr\/productos\/armarios-a-medida\/"},{"@type":"ListItem","position":4,"name":"Portes Battantes","item":"https:\/\/induo.es\/fr\/productos\/armarios-a-medida\/puertas-batientes\/"},{"@type":"ListItem","position":5,"name":"Chlo\u00e9"}]},{"@type":"WebSite","@id":"https:\/\/induo.es\/fr\/#website","url":"https:\/\/induo.es\/fr\/","name":"Induo","description":"Armarios y Cocinas","publisher":{"@id":"https:\/\/induo.es\/fr\/#organization"},"potentialAction":[{"@type":"SearchAction","target":{"@type":"EntryPoint","urlTemplate":"https:\/\/induo.es\/fr\/?s={search_term_string}"},"query-input":"required name=search_term_string"}],"inLanguage":"fr-FR"},{"@type":"Organization","@id":"https:\/\/induo.es\/fr\/#organization","name":"Induo","url":"https:\/\/induo.es\/fr\/","logo":{"@type":"ImageObject","inLanguage":"fr-FR","@id":"https:\/\/induo.es\/fr\/#\/schema\/logo\/image\/","url":"https:\/\/induo.es\/wp-content\/uploads\/2022\/03\/cropped-logo-1.png","contentUrl":"https:\/\/induo.es\/wp-content\/uploads\/2022\/03\/cropped-logo-1.png","width":150,"height":42,"caption":"Induo"},"image":{"@id":"https:\/\/induo.es\/fr\/#\/schema\/logo\/image\/"}}]}},"_links":{"self":[{"href":"https:\/\/induo.es\/fr\/wp-json\/wp\/v2\/pages\/9546"}],"collection":[{"href":"https:\/\/induo.es\/fr\/wp-json\/wp\/v2\/pages"}],"about":[{"href":"https:\/\/induo.es\/fr\/wp-json\/wp\/v2\/types\/page"}],"author":[{"embeddable":true,"href":"https:\/\/induo.es\/fr\/wp-json\/wp\/v2\/users\/2"}],"replies":[{"embeddable":true,"href":"https:\/\/induo.es\/fr\/wp-json\/wp\/v2\/comments?post=9546"}],"version-history":[{"count":3,"href":"https:\/\/induo.es\/fr\/wp-json\/wp\/v2\/pages\/9546\/revisions"}],"predecessor-version":[{"id":11306,"href":"https:\/\/induo.es\/fr\/wp-json\/wp\/v2\/pages\/9546\/revisions\/11306"}],"up":[{"embeddable":true,"href":"https:\/\/induo.es\/fr\/wp-json\/wp\/v2\/pages\/9509"}],"wp:attachment":[{"href":"https:\/\/induo.es\/fr\/wp-json\/wp\/v2\/media?parent=9546"}],"wp:term":[{"taxonomy":"tipos_productos","embeddable":true,"href":"https:\/\/induo.es\/fr\/wp-json\/wp\/v2\/tipos_productos?post=9546"}],"curies":[{"name":"wp","href":"https:\/\/api.w.org\/{rel}","templated":true}]}}