{"id":9525,"date":"2022-03-03T12:04:06","date_gmt":"2022-03-03T12:04:06","guid":{"rendered":"https:\/\/induo.es\/produits\/armoires-sur-mesure\/portes-battantes\/nerea\/"},"modified":"2023-11-28T15:24:44","modified_gmt":"2023-11-28T15:24:44","slug":"nerea","status":"publish","type":"page","link":"https:\/\/induo.es\/fr\/produits\/armoires-sur-mesure\/portes-battantes\/nerea\/","title":{"rendered":"Nerea"},"content":{"rendered":"\t\t<div data-elementor-type=\"wp-page\" data-elementor-id=\"9525\" class=\"elementor elementor-9525 elementor-576\" data-elementor-settings=\"[]\">\n\t\t\t\t\t\t\t<div class=\"elementor-section-wrap\">\n\t\t\t\t\t\t\t<section class=\"elementor-section elementor-top-section elementor-element elementor-element-0f5907c elementor-section-full_width elementor-section-height-default elementor-section-height-default\" data-id=\"0f5907c\" data-element_type=\"section\">\n\t\t\t\t\t\t<div class=\"elementor-container elementor-column-gap-default\">\n\t\t\t\t\t<div class=\"elementor-column elementor-col-50 elementor-top-column elementor-element elementor-element-5a194e8\" data-id=\"5a194e8\" data-element_type=\"column\">\n\t\t\t<div class=\"elementor-widget-wrap elementor-element-populated\">\n\t\t\t\t\t\t\t\t<div class=\"elementor-element elementor-element-e0848f6 migas-de-pan elementor-widget elementor-widget-breadcrumbs\" data-id=\"e0848f6\" data-element_type=\"widget\" data-widget_type=\"breadcrumbs.default\">\n\t\t\t\t<div class=\"elementor-widget-container\">\n\t\t\t<link rel=\"stylesheet\" href=\"https:\/\/induo.es\/wp-content\/plugins\/elementor-pro\/assets\/css\/widget-theme-elements.min.css\"><p id=\"breadcrumbs\"><span><span><a href=\"https:\/\/induo.es\/fr\/home\/\">Portada<\/a><\/span><\/span><\/p>\t\t<\/div>\n\t\t\t\t<\/div>\n\t\t\t\t\t<\/div>\n\t\t<\/div>\n\t\t\t\t<div class=\"elementor-column elementor-col-50 elementor-top-column elementor-element elementor-element-1cec854\" data-id=\"1cec854\" data-element_type=\"column\">\n\t\t\t<div class=\"elementor-widget-wrap elementor-element-populated\">\n\t\t\t\t\t\t\t\t<div class=\"elementor-element elementor-element-8dd514e menu-proyectos menu-productos elementor-widget elementor-widget-post-navigation\" data-id=\"8dd514e\" data-element_type=\"widget\" data-widget_type=\"post-navigation.default\">\n\t\t\t\t<div class=\"elementor-widget-container\">\n\t\t\t\t\t<div class=\"elementor-post-navigation\">\n\t\t\t<div class=\"elementor-post-navigation__prev elementor-post-navigation__link\">\n\t\t\t\t<a href=\"https:\/\/induo.es\/fr\/produits\/armoires-sur-mesure\/portes-battantes\/uxoa\/\" rel=\"prev\"><span class=\"post-navigation__arrow-wrapper post-navigation__arrow-prev\"><i class=\"fa fa-angle-left\" aria-hidden=\"true\"><\/i><span class=\"elementor-screen-only\">Pr\u00e9c\u00e9dent<\/span><\/span><span class=\"elementor-post-navigation__link__prev\"><\/span><\/a>\t\t\t<\/div>\n\t\t\t<span class=\"post-navigation-ayuda\">Men\u00fa<\/span>\n\t\t\t\t\t\t<div class=\"elementor-post-navigation__next elementor-post-navigation__link\">\n\t\t\t\t<a href=\"https:\/\/induo.es\/fr\/produits\/armoires-sur-mesure\/portes-battantes\/nicole\/\" rel=\"next\"><span class=\"elementor-post-navigation__link__next\"><\/span><span class=\"post-navigation__arrow-wrapper post-navigation__arrow-next\"><i class=\"fa fa-angle-right\" aria-hidden=\"true\"><\/i><span class=\"elementor-screen-only\">Suivant<\/span><\/span><\/a>\t\t\t<\/div>\n\t\t<\/div>\n\t\t\t\t<\/div>\n\t\t\t\t<\/div>\n\t\t\t\t\t<\/div>\n\t\t<\/div>\n\t\t\t\t\t\t\t<\/div>\n\t\t<\/section>\n\t\t\t\t<section class=\"elementor-section elementor-top-section elementor-element elementor-element-7b1983e4 elementor-section-full_width portadafullwidth elementor-section-height-default elementor-section-height-default\" data-id=\"7b1983e4\" data-element_type=\"section\">\n\t\t\t\t\t\t<div class=\"elementor-container elementor-column-gap-default\">\n\t\t\t\t\t<div class=\"elementor-column elementor-col-100 elementor-top-column elementor-element elementor-element-6593092b\" data-id=\"6593092b\" data-element_type=\"column\">\n\t\t\t<div class=\"elementor-widget-wrap elementor-element-populated\">\n\t\t\t\t\t\t\t\t<div class=\"elementor-element elementor-element-178045d7 elementor-widget elementor-widget-image\" data-id=\"178045d7\" data-element_type=\"widget\" data-widget_type=\"image.default\">\n\t\t\t\t<div class=\"elementor-widget-container\">\n\t\t\t<style>\/*! elementor - v3.5.6 - 28-02-2022 *\/\n.elementor-widget-image{text-align:center}.elementor-widget-image a{display:inline-block}.elementor-widget-image a img[src$=\".svg\"]{width:48px}.elementor-widget-image img{vertical-align:middle;display:inline-block}<\/style>\t\t\t\t\t\t\t\t\t\t\t\t\t<a href=\"https:\/\/induo.es\/wp-content\/uploads\/2022\/06\/nerea-main.jpg\" data-elementor-open-lightbox=\"yes\" data-elementor-lightbox-title=\"nerea-main\" e-action-hash=\"#elementor-action%3Aaction%3Dlightbox%26settings%3DeyJpZCI6ODc5NCwidXJsIjoiaHR0cHM6XC9cL2luZHVvLmVzXC93cC1jb250ZW50XC91cGxvYWRzXC8yMDIyXC8wNlwvbmVyZWEtbWFpbi5qcGcifQ%3D%3D\">\n\t\t\t\t\t\t\t<img decoding=\"async\" width=\"1920\" height=\"992\" src=\"https:\/\/induo.es\/wp-content\/uploads\/2022\/06\/nerea-main.jpg\" class=\"attachment-full size-full\" alt=\"\" loading=\"lazy\" srcset=\"https:\/\/induo.es\/wp-content\/uploads\/2022\/06\/nerea-main.jpg 1920w, https:\/\/induo.es\/wp-content\/uploads\/2022\/06\/nerea-main-300x155.jpg 300w, https:\/\/induo.es\/wp-content\/uploads\/2022\/06\/nerea-main-1024x529.jpg 1024w, https:\/\/induo.es\/wp-content\/uploads\/2022\/06\/nerea-main-768x397.jpg 768w, https:\/\/induo.es\/wp-content\/uploads\/2022\/06\/nerea-main-1536x794.jpg 1536w\" sizes=\"(max-width: 1920px) 100vw, 1920px\" \/>\t\t\t\t\t\t\t\t<\/a>\n\t\t\t\t\t\t\t\t\t\t\t\t\t\t\t<\/div>\n\t\t\t\t<\/div>\n\t\t\t\t\t<\/div>\n\t\t<\/div>\n\t\t\t\t\t\t\t<\/div>\n\t\t<\/section>\n\t\t\t\t<section class=\"elementor-section elementor-top-section elementor-element elementor-element-26d6293c elementor-section-boxed elementor-section-height-default elementor-section-height-default\" data-id=\"26d6293c\" data-element_type=\"section\">\n\t\t\t\t\t\t<div class=\"elementor-container elementor-column-gap-default\">\n\t\t\t\t\t<div class=\"elementor-column elementor-col-50 elementor-top-column elementor-element elementor-element-34961a2e\" data-id=\"34961a2e\" data-element_type=\"column\">\n\t\t\t<div class=\"elementor-widget-wrap elementor-element-populated\">\n\t\t\t\t\t\t\t\t<div class=\"elementor-element elementor-element-a1ae33e elementor-widget elementor-widget-heading\" data-id=\"a1ae33e\" data-element_type=\"widget\" data-widget_type=\"heading.default\">\n\t\t\t\t<div class=\"elementor-widget-container\">\n\t\t\t<style>\/*! elementor - v3.5.6 - 28-02-2022 *\/\n.elementor-heading-title{padding:0;margin:0;line-height:1}.elementor-widget-heading .elementor-heading-title[class*=elementor-size-]>a{color:inherit;font-size:inherit;line-height:inherit}.elementor-widget-heading .elementor-heading-title.elementor-size-small{font-size:15px}.elementor-widget-heading .elementor-heading-title.elementor-size-medium{font-size:19px}.elementor-widget-heading .elementor-heading-title.elementor-size-large{font-size:29px}.elementor-widget-heading .elementor-heading-title.elementor-size-xl{font-size:39px}.elementor-widget-heading .elementor-heading-title.elementor-size-xxl{font-size:59px}<\/style><h1 class=\"elementor-heading-title elementor-size-default\">Nerea<\/h1>\t\t<\/div>\n\t\t\t\t<\/div>\n\t\t\t\t<div class=\"elementor-element elementor-element-777d80a1 elementor-widget elementor-widget-text-editor\" data-id=\"777d80a1\" data-element_type=\"widget\" data-widget_type=\"text-editor.default\">\n\t\t\t\t<div class=\"elementor-widget-container\">\n\t\t\t<style>\/*! elementor - v3.5.6 - 28-02-2022 *\/\n.elementor-widget-text-editor.elementor-drop-cap-view-stacked .elementor-drop-cap{background-color:#818a91;color:#fff}.elementor-widget-text-editor.elementor-drop-cap-view-framed .elementor-drop-cap{color:#818a91;border:3px solid;background-color:transparent}.elementor-widget-text-editor:not(.elementor-drop-cap-view-default) .elementor-drop-cap{margin-top:8px}.elementor-widget-text-editor:not(.elementor-drop-cap-view-default) .elementor-drop-cap-letter{width:1em;height:1em}.elementor-widget-text-editor .elementor-drop-cap{float:left;text-align:center;line-height:1;font-size:50px}.elementor-widget-text-editor .elementor-drop-cap-letter{display:inline-block}<\/style>\t\t\t\t<p>PORTES BATTANTES<\/p>\n\t\t\t\t\t\t<\/div>\n\t\t\t\t<\/div>\n\t\t\t\t\t<\/div>\n\t\t<\/div>\n\t\t\t\t<div class=\"elementor-column elementor-col-50 elementor-top-column elementor-element elementor-element-40460666\" data-id=\"40460666\" data-element_type=\"column\">\n\t\t\t<div class=\"elementor-widget-wrap\">\n\t\t\t\t\t\t\t\t\t<\/div>\n\t\t<\/div>\n\t\t\t\t\t\t\t<\/div>\n\t\t<\/section>\n\t\t\t\t<section class=\"elementor-section elementor-top-section elementor-element elementor-element-4ba81b73 elementor-section-boxed elementor-section-height-default elementor-section-height-default\" data-id=\"4ba81b73\" data-element_type=\"section\">\n\t\t\t\t\t\t<div class=\"elementor-container elementor-column-gap-default\">\n\t\t\t\t\t<div class=\"elementor-column elementor-col-50 elementor-top-column elementor-element elementor-element-278375a0\" data-id=\"278375a0\" data-element_type=\"column\">\n\t\t\t<div class=\"elementor-widget-wrap elementor-element-populated\">\n\t\t\t\t\t\t\t\t<div class=\"elementor-element elementor-element-b7c8d8a elementor-align-left boton-ficha elementor-widget elementor-widget-global elementor-global-11005 elementor-widget-button\" data-id=\"b7c8d8a\" data-element_type=\"widget\" data-widget_type=\"button.default\">\n\t\t\t\t<div class=\"elementor-widget-container\">\n\t\t\t\t\t<div class=\"elementor-button-wrapper\">\n\t\t\t<a href=\"https:\/\/induo.es\/wp-content\/uploads\/2023\/11\/FichaTecnicaGeneral-2023.pdf\" target=\"_blank\" class=\"elementor-button-link elementor-button elementor-size-sm\" role=\"button\">\n\t\t\t\t\t\t<span class=\"elementor-button-content-wrapper\">\n\t\t\t\t\t\t<span class=\"elementor-button-icon elementor-align-icon-left\">\n\t\t\t\t<svg xmlns=\"http:\/\/www.w3.org\/2000\/svg\" width=\"14\" height=\"17\" viewBox=\"0 0 14 17\"><path id=\"Trazado_4278\" data-name=\"Trazado 4278\" d=\"M16.59,9H15V4a1,1,0,0,0-1-1H10A1,1,0,0,0,9,4V9H7.41a1,1,0,0,0-.71,1.71l4.59,4.59a1,1,0,0,0,1.41,0l4.59-4.59A1,1,0,0,0,16.59,9ZM5,19a1,1,0,0,0,1,1H18a1,1,0,0,0,0-2H6A1,1,0,0,0,5,19Z\" transform=\"translate(-5 -3)\" fill=\"#e6007e\"><\/path><\/svg>\t\t\t<\/span>\n\t\t\t\t\t\t<span class=\"elementor-button-text\"><span class=\"fuerte\">DATOS T\u00c9CNICOS<\/span> <BR>Ficha T\u00e9cnica<\/span>\n\t\t<\/span>\n\t\t\t\t\t<\/a>\n\t\t<\/div>\n\t\t\t\t<\/div>\n\t\t\t\t<\/div>\n\t\t\t\t\t<\/div>\n\t\t<\/div>\n\t\t\t\t<div class=\"elementor-column elementor-col-50 elementor-top-column elementor-element elementor-element-6277e5f1\" data-id=\"6277e5f1\" data-element_type=\"column\">\n\t\t\t<div class=\"elementor-widget-wrap elementor-element-populated\">\n\t\t\t\t\t\t\t\t<div class=\"elementor-element elementor-element-4ba0689b elementor-widget elementor-widget-text-editor\" data-id=\"4ba0689b\" data-element_type=\"widget\" data-widget_type=\"text-editor.default\">\n\t\t\t\t<div class=\"elementor-widget-container\">\n\t\t\t\t\t\t\t<p>Nerea inspire des espaces nostalgiques o\u00f9 ranger nos souvenirs. Elle cr\u00e9e des ambiances o\u00f9 le bois et la couleur ont une place importante mais qui s\u2019all\u00e8ge gr\u00e2ce \u00e0 la touche de verre.<\/p>\n\t\t\t\t\t\t<\/div>\n\t\t\t\t<\/div>\n\t\t\t\t\t<\/div>\n\t\t<\/div>\n\t\t\t\t\t\t\t<\/div>\n\t\t<\/section>\n\t\t\t\t<section class=\"elementor-section elementor-top-section elementor-element elementor-element-1859168e elementor-section-boxed elementor-section-height-default elementor-section-height-default\" data-id=\"1859168e\" data-element_type=\"section\">\n\t\t\t\t\t\t<div class=\"elementor-container elementor-column-gap-default\">\n\t\t\t\t\t<div class=\"elementor-column elementor-col-100 elementor-top-column elementor-element elementor-element-5c48f9ef\" data-id=\"5c48f9ef\" data-element_type=\"column\">\n\t\t\t<div class=\"elementor-widget-wrap elementor-element-populated\">\n\t\t\t\t\t\t\t\t<div class=\"elementor-element elementor-element-7c133af5 menu-proyectos menu-proyectos-footer elementor-widget__width-initial elementor-widget elementor-widget-post-navigation\" data-id=\"7c133af5\" data-element_type=\"widget\" data-widget_type=\"post-navigation.default\">\n\t\t\t\t<div class=\"elementor-widget-container\">\n\t\t\t\t\t<div class=\"elementor-post-navigation\">\n\t\t\t<div class=\"elementor-post-navigation__prev elementor-post-navigation__link\">\n\t\t\t\t<a href=\"https:\/\/induo.es\/fr\/produits\/armoires-sur-mesure\/portes-battantes\/uxoa\/\" rel=\"prev\"><span class=\"post-navigation__arrow-wrapper post-navigation__arrow-prev\"><i class=\"fa fa-angle-left\" aria-hidden=\"true\"><\/i><span class=\"elementor-screen-only\">Pr\u00e9c\u00e9dent<\/span><\/span><span class=\"elementor-post-navigation__link__prev\"><\/span><\/a>\t\t\t<\/div>\n\t\t\t<span class=\"post-navigation-ayuda\">Men\u00fa<\/span>\n\t\t\t\t\t\t<div class=\"elementor-post-navigation__next elementor-post-navigation__link\">\n\t\t\t\t<a href=\"https:\/\/induo.es\/fr\/produits\/armoires-sur-mesure\/portes-battantes\/nicole\/\" rel=\"next\"><span class=\"elementor-post-navigation__link__next\"><\/span><span class=\"post-navigation__arrow-wrapper post-navigation__arrow-next\"><i class=\"fa fa-angle-right\" aria-hidden=\"true\"><\/i><span class=\"elementor-screen-only\">Suivant<\/span><\/span><\/a>\t\t\t<\/div>\n\t\t<\/div>\n\t\t\t\t<\/div>\n\t\t\t\t<\/div>\n\t\t\t\t\t<\/div>\n\t\t<\/div>\n\t\t\t\t\t\t\t<\/div>\n\t\t<\/section>\n\t\t\t\t\t\t<\/div>\n\t\t\t\t\t<\/div>\n\t\t","protected":false},"excerpt":{"rendered":"<p>Nerea PORTES BATTANTES DATOS T\u00c9CNICOS Ficha T\u00e9cnica Nerea inspire des espaces nostalgiques o\u00f9 ranger nos souvenirs. Elle cr\u00e9e des ambiances o\u00f9 le bois et la couleur ont une place importante mais qui s\u2019all\u00e8ge gr\u00e2ce \u00e0 la touche de verre.<\/p>\n","protected":false},"author":2,"featured_media":0,"parent":9509,"menu_order":39,"comment_status":"closed","ping_status":"closed","template":"","meta":[],"tipos_productos":[229],"acf":[],"yoast_head":"<!-- This site is optimized with the Yoast SEO plugin v20.0 - https:\/\/yoast.com\/wordpress\/plugins\/seo\/ -->\n<title>Nerea - Portes Battantes - Induo<\/title>\n<meta name=\"description\" content=\"Inspire des espaces nostalgiques o\u00f9 ranger nos souvenirs. Elle cr\u00e9e des ambiances o\u00f9 le bois et la couleur ont une place importante mais qui s\u2019all\u00e8ge gr\u00e2ce \u00e0 la touche de verre.\" \/>\n<meta name=\"robots\" content=\"index, follow, max-snippet:-1, max-image-preview:large, max-video-preview:-1\" \/>\n<link rel=\"canonical\" href=\"https:\/\/induo.es\/fr\/produits\/armoires-sur-mesure\/portes-battantes\/nerea\/\" \/>\n<meta property=\"og:locale\" content=\"fr_FR\" \/>\n<meta property=\"og:type\" content=\"article\" \/>\n<meta property=\"og:title\" content=\"Nerea - Portes Battantes - Induo\" \/>\n<meta property=\"og:description\" content=\"Inspire des espaces nostalgiques o\u00f9 ranger nos souvenirs. Elle cr\u00e9e des ambiances o\u00f9 le bois et la couleur ont une place importante mais qui s\u2019all\u00e8ge gr\u00e2ce \u00e0 la touche de verre.\" \/>\n<meta property=\"og:url\" content=\"https:\/\/induo.es\/fr\/produits\/armoires-sur-mesure\/portes-battantes\/nerea\/\" \/>\n<meta property=\"og:site_name\" content=\"Induo\" \/>\n<meta property=\"article:modified_time\" content=\"2023-11-28T15:24:44+00:00\" \/>\n<meta property=\"og:image\" content=\"https:\/\/induo.es\/wp-content\/uploads\/2022\/06\/nerea-main.jpg\" \/>\n<meta name=\"twitter:card\" content=\"summary_large_image\" \/>\n<script type=\"application\/ld+json\" class=\"yoast-schema-graph\">{\"@context\":\"https:\/\/schema.org\",\"@graph\":[{\"@type\":\"WebPage\",\"@id\":\"https:\/\/induo.es\/fr\/produits\/armoires-sur-mesure\/portes-battantes\/nerea\/\",\"url\":\"https:\/\/induo.es\/fr\/produits\/armoires-sur-mesure\/portes-battantes\/nerea\/\",\"name\":\"Nerea - Portes Battantes - Induo\",\"isPartOf\":{\"@id\":\"https:\/\/induo.es\/fr\/#website\"},\"datePublished\":\"2022-03-03T12:04:06+00:00\",\"dateModified\":\"2023-11-28T15:24:44+00:00\",\"description\":\"Inspire des espaces nostalgiques o\u00f9 ranger nos souvenirs. Elle cr\u00e9e des ambiances o\u00f9 le bois et la couleur ont une place importante mais qui s\u2019all\u00e8ge gr\u00e2ce \u00e0 la touche de verre.\",\"breadcrumb\":{\"@id\":\"https:\/\/induo.es\/fr\/produits\/armoires-sur-mesure\/portes-battantes\/nerea\/#breadcrumb\"},\"inLanguage\":\"fr-FR\",\"potentialAction\":[{\"@type\":\"ReadAction\",\"target\":[\"https:\/\/induo.es\/fr\/produits\/armoires-sur-mesure\/portes-battantes\/nerea\/\"]}]},{\"@type\":\"BreadcrumbList\",\"@id\":\"https:\/\/induo.es\/fr\/produits\/armoires-sur-mesure\/portes-battantes\/nerea\/#breadcrumb\",\"itemListElement\":[{\"@type\":\"ListItem\",\"position\":1,\"name\":\"Portada\",\"item\":\"https:\/\/induo.es\/fr\/home\/\"},{\"@type\":\"ListItem\",\"position\":2,\"name\":\"Produits\",\"item\":\"https:\/\/induo.es\/fr\/produits\/\"},{\"@type\":\"ListItem\",\"position\":3,\"name\":\"ARMOIRES SUR MESURE\",\"item\":\"https:\/\/induo.es\/fr\/productos\/armarios-a-medida\/\"},{\"@type\":\"ListItem\",\"position\":4,\"name\":\"Portes Battantes\",\"item\":\"https:\/\/induo.es\/fr\/productos\/armarios-a-medida\/puertas-batientes\/\"},{\"@type\":\"ListItem\",\"position\":5,\"name\":\"Nerea\"}]},{\"@type\":\"WebSite\",\"@id\":\"https:\/\/induo.es\/fr\/#website\",\"url\":\"https:\/\/induo.es\/fr\/\",\"name\":\"Induo\",\"description\":\"Armarios y Cocinas\",\"publisher\":{\"@id\":\"https:\/\/induo.es\/fr\/#organization\"},\"potentialAction\":[{\"@type\":\"SearchAction\",\"target\":{\"@type\":\"EntryPoint\",\"urlTemplate\":\"https:\/\/induo.es\/fr\/?s={search_term_string}\"},\"query-input\":\"required name=search_term_string\"}],\"inLanguage\":\"fr-FR\"},{\"@type\":\"Organization\",\"@id\":\"https:\/\/induo.es\/fr\/#organization\",\"name\":\"Induo\",\"url\":\"https:\/\/induo.es\/fr\/\",\"logo\":{\"@type\":\"ImageObject\",\"inLanguage\":\"fr-FR\",\"@id\":\"https:\/\/induo.es\/fr\/#\/schema\/logo\/image\/\",\"url\":\"https:\/\/induo.es\/wp-content\/uploads\/2022\/03\/cropped-logo-1.png\",\"contentUrl\":\"https:\/\/induo.es\/wp-content\/uploads\/2022\/03\/cropped-logo-1.png\",\"width\":150,\"height\":42,\"caption\":\"Induo\"},\"image\":{\"@id\":\"https:\/\/induo.es\/fr\/#\/schema\/logo\/image\/\"}}]}<\/script>\n<!-- \/ Yoast SEO plugin. -->","yoast_head_json":{"title":"Nerea - Portes Battantes - Induo","description":"Inspire des espaces nostalgiques o\u00f9 ranger nos souvenirs. Elle cr\u00e9e des ambiances o\u00f9 le bois et la couleur ont une place importante mais qui s\u2019all\u00e8ge gr\u00e2ce \u00e0 la touche de verre.","robots":{"index":"index","follow":"follow","max-snippet":"max-snippet:-1","max-image-preview":"max-image-preview:large","max-video-preview":"max-video-preview:-1"},"canonical":"https:\/\/induo.es\/fr\/produits\/armoires-sur-mesure\/portes-battantes\/nerea\/","og_locale":"fr_FR","og_type":"article","og_title":"Nerea - Portes Battantes - Induo","og_description":"Inspire des espaces nostalgiques o\u00f9 ranger nos souvenirs. Elle cr\u00e9e des ambiances o\u00f9 le bois et la couleur ont une place importante mais qui s\u2019all\u00e8ge gr\u00e2ce \u00e0 la touche de verre.","og_url":"https:\/\/induo.es\/fr\/produits\/armoires-sur-mesure\/portes-battantes\/nerea\/","og_site_name":"Induo","article_modified_time":"2023-11-28T15:24:44+00:00","og_image":[{"url":"https:\/\/induo.es\/wp-content\/uploads\/2022\/06\/nerea-main.jpg"}],"twitter_card":"summary_large_image","schema":{"@context":"https:\/\/schema.org","@graph":[{"@type":"WebPage","@id":"https:\/\/induo.es\/fr\/produits\/armoires-sur-mesure\/portes-battantes\/nerea\/","url":"https:\/\/induo.es\/fr\/produits\/armoires-sur-mesure\/portes-battantes\/nerea\/","name":"Nerea - Portes Battantes - Induo","isPartOf":{"@id":"https:\/\/induo.es\/fr\/#website"},"datePublished":"2022-03-03T12:04:06+00:00","dateModified":"2023-11-28T15:24:44+00:00","description":"Inspire des espaces nostalgiques o\u00f9 ranger nos souvenirs. Elle cr\u00e9e des ambiances o\u00f9 le bois et la couleur ont une place importante mais qui s\u2019all\u00e8ge gr\u00e2ce \u00e0 la touche de verre.","breadcrumb":{"@id":"https:\/\/induo.es\/fr\/produits\/armoires-sur-mesure\/portes-battantes\/nerea\/#breadcrumb"},"inLanguage":"fr-FR","potentialAction":[{"@type":"ReadAction","target":["https:\/\/induo.es\/fr\/produits\/armoires-sur-mesure\/portes-battantes\/nerea\/"]}]},{"@type":"BreadcrumbList","@id":"https:\/\/induo.es\/fr\/produits\/armoires-sur-mesure\/portes-battantes\/nerea\/#breadcrumb","itemListElement":[{"@type":"ListItem","position":1,"name":"Portada","item":"https:\/\/induo.es\/fr\/home\/"},{"@type":"ListItem","position":2,"name":"Produits","item":"https:\/\/induo.es\/fr\/produits\/"},{"@type":"ListItem","position":3,"name":"ARMOIRES SUR MESURE","item":"https:\/\/induo.es\/fr\/productos\/armarios-a-medida\/"},{"@type":"ListItem","position":4,"name":"Portes Battantes","item":"https:\/\/induo.es\/fr\/productos\/armarios-a-medida\/puertas-batientes\/"},{"@type":"ListItem","position":5,"name":"Nerea"}]},{"@type":"WebSite","@id":"https:\/\/induo.es\/fr\/#website","url":"https:\/\/induo.es\/fr\/","name":"Induo","description":"Armarios y Cocinas","publisher":{"@id":"https:\/\/induo.es\/fr\/#organization"},"potentialAction":[{"@type":"SearchAction","target":{"@type":"EntryPoint","urlTemplate":"https:\/\/induo.es\/fr\/?s={search_term_string}"},"query-input":"required name=search_term_string"}],"inLanguage":"fr-FR"},{"@type":"Organization","@id":"https:\/\/induo.es\/fr\/#organization","name":"Induo","url":"https:\/\/induo.es\/fr\/","logo":{"@type":"ImageObject","inLanguage":"fr-FR","@id":"https:\/\/induo.es\/fr\/#\/schema\/logo\/image\/","url":"https:\/\/induo.es\/wp-content\/uploads\/2022\/03\/cropped-logo-1.png","contentUrl":"https:\/\/induo.es\/wp-content\/uploads\/2022\/03\/cropped-logo-1.png","width":150,"height":42,"caption":"Induo"},"image":{"@id":"https:\/\/induo.es\/fr\/#\/schema\/logo\/image\/"}}]}},"_links":{"self":[{"href":"https:\/\/induo.es\/fr\/wp-json\/wp\/v2\/pages\/9525"}],"collection":[{"href":"https:\/\/induo.es\/fr\/wp-json\/wp\/v2\/pages"}],"about":[{"href":"https:\/\/induo.es\/fr\/wp-json\/wp\/v2\/types\/page"}],"author":[{"embeddable":true,"href":"https:\/\/induo.es\/fr\/wp-json\/wp\/v2\/users\/2"}],"replies":[{"embeddable":true,"href":"https:\/\/induo.es\/fr\/wp-json\/wp\/v2\/comments?post=9525"}],"version-history":[{"count":3,"href":"https:\/\/induo.es\/fr\/wp-json\/wp\/v2\/pages\/9525\/revisions"}],"predecessor-version":[{"id":11298,"href":"https:\/\/induo.es\/fr\/wp-json\/wp\/v2\/pages\/9525\/revisions\/11298"}],"up":[{"embeddable":true,"href":"https:\/\/induo.es\/fr\/wp-json\/wp\/v2\/pages\/9509"}],"wp:attachment":[{"href":"https:\/\/induo.es\/fr\/wp-json\/wp\/v2\/media?parent=9525"}],"wp:term":[{"taxonomy":"tipos_productos","embeddable":true,"href":"https:\/\/induo.es\/fr\/wp-json\/wp\/v2\/tipos_productos?post=9525"}],"curies":[{"name":"wp","href":"https:\/\/api.w.org\/{rel}","templated":true}]}}