{"id":9499,"date":"2022-03-03T10:56:21","date_gmt":"2022-03-03T10:56:21","guid":{"rendered":"https:\/\/induo.es\/produits\/armoires-sur-mesure\/armoires-pliantes-coulissantes\/"},"modified":"2022-10-26T13:11:05","modified_gmt":"2022-10-26T13:11:05","slug":"armoires-pliantes-coulissantes","status":"publish","type":"page","link":"https:\/\/induo.es\/fr\/produits\/armoires-sur-mesure\/armoires-pliantes-coulissantes\/","title":{"rendered":"Armoires Pliantes"},"content":{"rendered":"\t\t<div data-elementor-type=\"wp-page\" data-elementor-id=\"9499\" class=\"elementor elementor-9499 elementor-517\" data-elementor-settings=\"[]\">\n\t\t\t\t\t\t\t<div class=\"elementor-section-wrap\">\n\t\t\t\t\t\t\t<section class=\"elementor-section elementor-top-section elementor-element elementor-element-29e1beb4 elementor-section-full_width elementor-section-height-default elementor-section-height-default\" data-id=\"29e1beb4\" data-element_type=\"section\">\n\t\t\t\t\t\t<div class=\"elementor-container elementor-column-gap-default\">\n\t\t\t\t\t<div class=\"elementor-column elementor-col-100 elementor-top-column elementor-element elementor-element-303f5263\" data-id=\"303f5263\" data-element_type=\"column\">\n\t\t\t<div class=\"elementor-widget-wrap elementor-element-populated\">\n\t\t\t\t\t\t\t\t<div class=\"elementor-element elementor-element-4d426e38 migas-de-pan elementor-widget elementor-widget-breadcrumbs\" data-id=\"4d426e38\" data-element_type=\"widget\" data-widget_type=\"breadcrumbs.default\">\n\t\t\t\t<div class=\"elementor-widget-container\">\n\t\t\t<link rel=\"stylesheet\" href=\"https:\/\/induo.es\/wp-content\/plugins\/elementor-pro\/assets\/css\/widget-theme-elements.min.css\"><p id=\"breadcrumbs\"><span><span><a href=\"https:\/\/induo.es\/fr\/home\/\">Portada<\/a><\/span><\/span><\/p>\t\t<\/div>\n\t\t\t\t<\/div>\n\t\t\t\t\t<\/div>\n\t\t<\/div>\n\t\t\t\t\t\t\t<\/div>\n\t\t<\/section>\n\t\t\t\t<section class=\"elementor-section elementor-top-section elementor-element elementor-element-a638fd2 elementor-section-boxed elementor-section-height-default elementor-section-height-default\" data-id=\"a638fd2\" data-element_type=\"section\">\n\t\t\t\t\t\t<div class=\"elementor-container elementor-column-gap-default\">\n\t\t\t\t\t<div class=\"elementor-column elementor-col-100 elementor-top-column elementor-element elementor-element-88b6002\" data-id=\"88b6002\" data-element_type=\"column\">\n\t\t\t<div class=\"elementor-widget-wrap elementor-element-populated\">\n\t\t\t\t\t\t\t\t<div class=\"elementor-element elementor-element-069797d elementor-widget elementor-widget-text-editor\" data-id=\"069797d\" data-element_type=\"widget\" data-widget_type=\"text-editor.default\">\n\t\t\t\t<div class=\"elementor-widget-container\">\n\t\t\t<style>\/*! elementor - v3.5.6 - 28-02-2022 *\/\n.elementor-widget-text-editor.elementor-drop-cap-view-stacked .elementor-drop-cap{background-color:#818a91;color:#fff}.elementor-widget-text-editor.elementor-drop-cap-view-framed .elementor-drop-cap{color:#818a91;border:3px solid;background-color:transparent}.elementor-widget-text-editor:not(.elementor-drop-cap-view-default) .elementor-drop-cap{margin-top:8px}.elementor-widget-text-editor:not(.elementor-drop-cap-view-default) .elementor-drop-cap-letter{width:1em;height:1em}.elementor-widget-text-editor .elementor-drop-cap{float:left;text-align:center;line-height:1;font-size:50px}.elementor-widget-text-editor .elementor-drop-cap-letter{display:inline-block}<\/style>\t\t\t\t<p>Armoires Pliantes<\/p>\t\t\t\t\t\t<\/div>\n\t\t\t\t<\/div>\n\t\t\t\t<div class=\"elementor-element elementor-element-d72005f elementor-widget elementor-widget-heading\" data-id=\"d72005f\" data-element_type=\"widget\" data-widget_type=\"heading.default\">\n\t\t\t\t<div class=\"elementor-widget-container\">\n\t\t\t<style>\/*! elementor - v3.5.6 - 28-02-2022 *\/\n.elementor-heading-title{padding:0;margin:0;line-height:1}.elementor-widget-heading .elementor-heading-title[class*=elementor-size-]>a{color:inherit;font-size:inherit;line-height:inherit}.elementor-widget-heading .elementor-heading-title.elementor-size-small{font-size:15px}.elementor-widget-heading .elementor-heading-title.elementor-size-medium{font-size:19px}.elementor-widget-heading .elementor-heading-title.elementor-size-large{font-size:29px}.elementor-widget-heading .elementor-heading-title.elementor-size-xl{font-size:39px}.elementor-widget-heading .elementor-heading-title.elementor-size-xxl{font-size:59px}<\/style><h1 class=\"elementor-heading-title elementor-size-default\">L\u2019INT\u00c9RIEUR \u00c9L\u00c9GANT VISIBLE AVEC LES ARMOIRES \u00c0 PORTES PLIANTES-COULISSANTES D\u2019INDUO<\/h1>\t\t<\/div>\n\t\t\t\t<\/div>\n\t\t\t\t<div class=\"elementor-element elementor-element-fe49dce elementor-widget elementor-widget-text-editor\" data-id=\"fe49dce\" data-element_type=\"widget\" data-widget_type=\"text-editor.default\">\n\t\t\t\t<div class=\"elementor-widget-container\">\n\t\t\t\t\t\t\t<p>Les armoires \u00e0 portes pliantes-coulissantes d\u2019Induo apporteront versatilit\u00e9 \u00e0 votre projet. Le design et la fabrication tiennent compte de la douceur lors du glissement et du c\u00f4t\u00e9 pratique, puisqu\u2019en ouvrant compl\u00e8tement les portes, elles laissent l\u2019int\u00e9rieur de l\u2019armoire \u00e0 la vue.<\/p><p>Les armoires pliantes-coulissantes d\u2019Induo sont fabriqu\u00e9es sur mesure, vous aurez donc la possibilit\u00e9 d\u2019adapter les d\u00e9tails \u00e0 votre projet et de trouver l\u2019option la plus adapt\u00e9e \u00e0 vos attentes.<\/p>\t\t\t\t\t\t<\/div>\n\t\t\t\t<\/div>\n\t\t\t\t\t<\/div>\n\t\t<\/div>\n\t\t\t\t\t\t\t<\/div>\n\t\t<\/section>\n\t\t\t\t<section class=\"elementor-section elementor-top-section elementor-element elementor-element-b3d5b92 elementor-section-boxed elementor-section-height-default elementor-section-height-default\" data-id=\"b3d5b92\" data-element_type=\"section\">\n\t\t\t\t\t\t<div class=\"elementor-container elementor-column-gap-default\">\n\t\t\t\t\t<div class=\"elementor-column elementor-col-100 elementor-top-column elementor-element elementor-element-582f528\" data-id=\"582f528\" data-element_type=\"column\">\n\t\t\t<div class=\"elementor-widget-wrap elementor-element-populated\">\n\t\t\t\t\t\t\t\t<div class=\"elementor-element elementor-element-46a77ef elementor-widget elementor-widget-image\" data-id=\"46a77ef\" data-element_type=\"widget\" data-widget_type=\"image.default\">\n\t\t\t\t<div class=\"elementor-widget-container\">\n\t\t\t<style>\/*! elementor - v3.5.6 - 28-02-2022 *\/\n.elementor-widget-image{text-align:center}.elementor-widget-image a{display:inline-block}.elementor-widget-image a img[src$=\".svg\"]{width:48px}.elementor-widget-image img{vertical-align:middle;display:inline-block}<\/style>\t\t\t\t\t\t\t\t\t\t\t\t\t<a href=\"https:\/\/induo.es\/wp-content\/uploads\/2022\/06\/2021T_00446.jpg\" data-elementor-open-lightbox=\"yes\" data-elementor-lightbox-title=\"Induo\" e-action-hash=\"#elementor-action%3Aaction%3Dlightbox%26settings%3DeyJpZCI6ODc2MiwidXJsIjoiaHR0cHM6XC9cL2luZHVvLmVzXC93cC1jb250ZW50XC91cGxvYWRzXC8yMDIyXC8wNlwvMjAyMVRfMDA0NDYuanBnIn0%3D\">\n\t\t\t\t\t\t\t<img decoding=\"async\" width=\"1700\" height=\"1133\" src=\"https:\/\/induo.es\/wp-content\/uploads\/2022\/06\/2021T_00446.jpg\" class=\"attachment-full size-full\" alt=\"\" loading=\"lazy\" srcset=\"https:\/\/induo.es\/wp-content\/uploads\/2022\/06\/2021T_00446.jpg 1700w, https:\/\/induo.es\/wp-content\/uploads\/2022\/06\/2021T_00446-300x200.jpg 300w, https:\/\/induo.es\/wp-content\/uploads\/2022\/06\/2021T_00446-1024x682.jpg 1024w, https:\/\/induo.es\/wp-content\/uploads\/2022\/06\/2021T_00446-768x512.jpg 768w, https:\/\/induo.es\/wp-content\/uploads\/2022\/06\/2021T_00446-1536x1024.jpg 1536w\" sizes=\"(max-width: 1700px) 100vw, 1700px\" \/>\t\t\t\t\t\t\t\t<\/a>\n\t\t\t\t\t\t\t\t\t\t\t\t\t\t\t<\/div>\n\t\t\t\t<\/div>\n\t\t\t\t\t<\/div>\n\t\t<\/div>\n\t\t\t\t\t\t\t<\/div>\n\t\t<\/section>\n\t\t\t\t<section class=\"elementor-section elementor-top-section elementor-element elementor-element-9ebe3ea elementor-section-boxed elementor-section-height-default elementor-section-height-default\" data-id=\"9ebe3ea\" data-element_type=\"section\">\n\t\t\t\t\t\t<div class=\"elementor-container elementor-column-gap-wide\">\n\t\t\t\t\t<div class=\"elementor-column elementor-col-50 elementor-top-column elementor-element elementor-element-8beeaaa\" data-id=\"8beeaaa\" data-element_type=\"column\">\n\t\t\t<div class=\"elementor-widget-wrap elementor-element-populated\">\n\t\t\t\t\t\t\t\t<div class=\"elementor-element elementor-element-375bafc elementor-widget elementor-widget-image\" data-id=\"375bafc\" data-element_type=\"widget\" data-widget_type=\"image.default\">\n\t\t\t\t<div class=\"elementor-widget-container\">\n\t\t\t\t\t\t\t\t\t\t\t\t\t\t\t\t<a href=\"https:\/\/induo.es\/wp-content\/uploads\/2022\/06\/Induo_Hernani_Zumaia-83-of-102-scaled.gif\" data-elementor-open-lightbox=\"yes\" data-elementor-lightbox-title=\"Induo_Hernani_Zumaia-(83-of-102)\" e-action-hash=\"#elementor-action%3Aaction%3Dlightbox%26settings%3DeyJpZCI6ODc2MCwidXJsIjoiaHR0cHM6XC9cL2luZHVvLmVzXC93cC1jb250ZW50XC91cGxvYWRzXC8yMDIyXC8wNlwvSW5kdW9fSGVybmFuaV9adW1haWEtODMtb2YtMTAyLXNjYWxlZC5naWYifQ%3D%3D\">\n\t\t\t\t\t\t\t<img decoding=\"async\" width=\"1709\" height=\"2560\" src=\"https:\/\/induo.es\/wp-content\/uploads\/2022\/06\/Induo_Hernani_Zumaia-83-of-102-scaled.gif\" class=\"attachment-full size-full\" alt=\"Induo Hernani Zumaia\" loading=\"lazy\" \/>\t\t\t\t\t\t\t\t<\/a>\n\t\t\t\t\t\t\t\t\t\t\t\t\t\t\t<\/div>\n\t\t\t\t<\/div>\n\t\t\t\t\t<\/div>\n\t\t<\/div>\n\t\t\t\t<div class=\"elementor-column elementor-col-50 elementor-top-column elementor-element elementor-element-a91e897\" data-id=\"a91e897\" data-element_type=\"column\">\n\t\t\t<div class=\"elementor-widget-wrap elementor-element-populated\">\n\t\t\t\t\t\t\t\t<div class=\"elementor-element elementor-element-278cd94 elementor-widget elementor-widget-image\" data-id=\"278cd94\" data-element_type=\"widget\" data-widget_type=\"image.default\">\n\t\t\t\t<div class=\"elementor-widget-container\">\n\t\t\t\t\t\t\t\t\t\t\t\t\t\t\t\t<a href=\"https:\/\/induo.es\/wp-content\/uploads\/2022\/07\/2021T_00449-animacion.gif\" data-elementor-open-lightbox=\"yes\" data-elementor-lightbox-title=\"2021T_00449-animacion\" e-action-hash=\"#elementor-action%3Aaction%3Dlightbox%26settings%3DeyJpZCI6OTA1OCwidXJsIjoiaHR0cHM6XC9cL2luZHVvLmVzXC93cC1jb250ZW50XC91cGxvYWRzXC8yMDIyXC8wN1wvMjAyMVRfMDA0NDktYW5pbWFjaW9uLmdpZiJ9\">\n\t\t\t\t\t\t\t<img decoding=\"async\" width=\"1133\" height=\"1700\" src=\"https:\/\/induo.es\/wp-content\/uploads\/2022\/07\/2021T_00449-animacion.gif\" class=\"attachment-full size-full\" alt=\"\" loading=\"lazy\" \/>\t\t\t\t\t\t\t\t<\/a>\n\t\t\t\t\t\t\t\t\t\t\t\t\t\t\t<\/div>\n\t\t\t\t<\/div>\n\t\t\t\t\t<\/div>\n\t\t<\/div>\n\t\t\t\t\t\t\t<\/div>\n\t\t<\/section>\n\t\t\t\t\t\t<\/div>\n\t\t\t\t\t<\/div>\n\t\t","protected":false},"excerpt":{"rendered":"<p>Armoires Pliantes L\u2019INT\u00c9RIEUR \u00c9L\u00c9GANT VISIBLE AVEC LES ARMOIRES \u00c0 PORTES PLIANTES-COULISSANTES D\u2019INDUO Les armoires \u00e0 portes pliantes-coulissantes d\u2019Induo apporteront versatilit\u00e9 \u00e0 votre projet. Le design et la fabrication tiennent compte de la douceur lors du glissement et du c\u00f4t\u00e9 pratique, puisqu\u2019en ouvrant compl\u00e8tement les portes, elles laissent l\u2019int\u00e9rieur de l\u2019armoire \u00e0 la vue. Les armoires [&hellip;]<\/p>\n","protected":false},"author":2,"featured_media":0,"parent":9450,"menu_order":14,"comment_status":"closed","ping_status":"closed","template":"","meta":[],"tipos_productos":[],"acf":[],"yoast_head":"<!-- This site is optimized with the Yoast SEO plugin v20.0 - https:\/\/yoast.com\/wordpress\/plugins\/seo\/ -->\n<title>Armoires Pliantes - Induo<\/title>\n<meta name=\"description\" content=\"Le design et la fabrication tiennent compte de la douceur lors du glissement et du c\u00f4t\u00e9 pratique, puisqu\u2019en ouvrant compl\u00e8tement les portes, elles laissent l\u2019int\u00e9rieur de l\u2019armoire \u00e0 la vue.\" \/>\n<meta name=\"robots\" content=\"index, follow, max-snippet:-1, max-image-preview:large, max-video-preview:-1\" \/>\n<link rel=\"canonical\" href=\"https:\/\/induo.es\/fr\/produits\/armoires-sur-mesure\/armoires-pliantes-coulissantes\/\" \/>\n<meta property=\"og:locale\" content=\"fr_FR\" \/>\n<meta property=\"og:type\" content=\"article\" \/>\n<meta property=\"og:title\" content=\"Armoires Pliantes - Induo\" \/>\n<meta property=\"og:description\" content=\"Le design et la fabrication tiennent compte de la douceur lors du glissement et du c\u00f4t\u00e9 pratique, puisqu\u2019en ouvrant compl\u00e8tement les portes, elles laissent l\u2019int\u00e9rieur de l\u2019armoire \u00e0 la vue.\" \/>\n<meta property=\"og:url\" content=\"https:\/\/induo.es\/fr\/produits\/armoires-sur-mesure\/armoires-pliantes-coulissantes\/\" \/>\n<meta property=\"og:site_name\" content=\"Induo\" \/>\n<meta property=\"article:modified_time\" content=\"2022-10-26T13:11:05+00:00\" \/>\n<meta property=\"og:image\" content=\"https:\/\/induo.es\/wp-content\/uploads\/2022\/06\/2021T_00446.jpg\" \/>\n<meta name=\"twitter:card\" content=\"summary_large_image\" \/>\n<script type=\"application\/ld+json\" class=\"yoast-schema-graph\">{\"@context\":\"https:\/\/schema.org\",\"@graph\":[{\"@type\":\"WebPage\",\"@id\":\"https:\/\/induo.es\/fr\/produits\/armoires-sur-mesure\/armoires-pliantes-coulissantes\/\",\"url\":\"https:\/\/induo.es\/fr\/produits\/armoires-sur-mesure\/armoires-pliantes-coulissantes\/\",\"name\":\"Armoires Pliantes - Induo\",\"isPartOf\":{\"@id\":\"https:\/\/induo.es\/fr\/#website\"},\"datePublished\":\"2022-03-03T10:56:21+00:00\",\"dateModified\":\"2022-10-26T13:11:05+00:00\",\"description\":\"Le design et la fabrication tiennent compte de la douceur lors du glissement et du c\u00f4t\u00e9 pratique, puisqu\u2019en ouvrant compl\u00e8tement les portes, elles laissent l\u2019int\u00e9rieur de l\u2019armoire \u00e0 la vue.\",\"breadcrumb\":{\"@id\":\"https:\/\/induo.es\/fr\/produits\/armoires-sur-mesure\/armoires-pliantes-coulissantes\/#breadcrumb\"},\"inLanguage\":\"fr-FR\",\"potentialAction\":[{\"@type\":\"ReadAction\",\"target\":[\"https:\/\/induo.es\/fr\/produits\/armoires-sur-mesure\/armoires-pliantes-coulissantes\/\"]}]},{\"@type\":\"BreadcrumbList\",\"@id\":\"https:\/\/induo.es\/fr\/produits\/armoires-sur-mesure\/armoires-pliantes-coulissantes\/#breadcrumb\",\"itemListElement\":[{\"@type\":\"ListItem\",\"position\":1,\"name\":\"Portada\",\"item\":\"https:\/\/induo.es\/fr\/home\/\"},{\"@type\":\"ListItem\",\"position\":2,\"name\":\"Produits\",\"item\":\"https:\/\/induo.es\/fr\/produits\/\"},{\"@type\":\"ListItem\",\"position\":3,\"name\":\"ARMOIRES SUR MESURE\",\"item\":\"https:\/\/induo.es\/fr\/productos\/armarios-a-medida\/\"},{\"@type\":\"ListItem\",\"position\":4,\"name\":\"Armoires Pliantes\"}]},{\"@type\":\"WebSite\",\"@id\":\"https:\/\/induo.es\/fr\/#website\",\"url\":\"https:\/\/induo.es\/fr\/\",\"name\":\"Induo\",\"description\":\"Armarios y Cocinas\",\"publisher\":{\"@id\":\"https:\/\/induo.es\/fr\/#organization\"},\"potentialAction\":[{\"@type\":\"SearchAction\",\"target\":{\"@type\":\"EntryPoint\",\"urlTemplate\":\"https:\/\/induo.es\/fr\/?s={search_term_string}\"},\"query-input\":\"required name=search_term_string\"}],\"inLanguage\":\"fr-FR\"},{\"@type\":\"Organization\",\"@id\":\"https:\/\/induo.es\/fr\/#organization\",\"name\":\"Induo\",\"url\":\"https:\/\/induo.es\/fr\/\",\"logo\":{\"@type\":\"ImageObject\",\"inLanguage\":\"fr-FR\",\"@id\":\"https:\/\/induo.es\/fr\/#\/schema\/logo\/image\/\",\"url\":\"https:\/\/induo.es\/wp-content\/uploads\/2022\/03\/cropped-logo-1.png\",\"contentUrl\":\"https:\/\/induo.es\/wp-content\/uploads\/2022\/03\/cropped-logo-1.png\",\"width\":150,\"height\":42,\"caption\":\"Induo\"},\"image\":{\"@id\":\"https:\/\/induo.es\/fr\/#\/schema\/logo\/image\/\"}}]}<\/script>\n<!-- \/ Yoast SEO plugin. -->","yoast_head_json":{"title":"Armoires Pliantes - Induo","description":"Le design et la fabrication tiennent compte de la douceur lors du glissement et du c\u00f4t\u00e9 pratique, puisqu\u2019en ouvrant compl\u00e8tement les portes, elles laissent l\u2019int\u00e9rieur de l\u2019armoire \u00e0 la vue.","robots":{"index":"index","follow":"follow","max-snippet":"max-snippet:-1","max-image-preview":"max-image-preview:large","max-video-preview":"max-video-preview:-1"},"canonical":"https:\/\/induo.es\/fr\/produits\/armoires-sur-mesure\/armoires-pliantes-coulissantes\/","og_locale":"fr_FR","og_type":"article","og_title":"Armoires Pliantes - Induo","og_description":"Le design et la fabrication tiennent compte de la douceur lors du glissement et du c\u00f4t\u00e9 pratique, puisqu\u2019en ouvrant compl\u00e8tement les portes, elles laissent l\u2019int\u00e9rieur de l\u2019armoire \u00e0 la vue.","og_url":"https:\/\/induo.es\/fr\/produits\/armoires-sur-mesure\/armoires-pliantes-coulissantes\/","og_site_name":"Induo","article_modified_time":"2022-10-26T13:11:05+00:00","og_image":[{"url":"https:\/\/induo.es\/wp-content\/uploads\/2022\/06\/2021T_00446.jpg"}],"twitter_card":"summary_large_image","schema":{"@context":"https:\/\/schema.org","@graph":[{"@type":"WebPage","@id":"https:\/\/induo.es\/fr\/produits\/armoires-sur-mesure\/armoires-pliantes-coulissantes\/","url":"https:\/\/induo.es\/fr\/produits\/armoires-sur-mesure\/armoires-pliantes-coulissantes\/","name":"Armoires Pliantes - Induo","isPartOf":{"@id":"https:\/\/induo.es\/fr\/#website"},"datePublished":"2022-03-03T10:56:21+00:00","dateModified":"2022-10-26T13:11:05+00:00","description":"Le design et la fabrication tiennent compte de la douceur lors du glissement et du c\u00f4t\u00e9 pratique, puisqu\u2019en ouvrant compl\u00e8tement les portes, elles laissent l\u2019int\u00e9rieur de l\u2019armoire \u00e0 la vue.","breadcrumb":{"@id":"https:\/\/induo.es\/fr\/produits\/armoires-sur-mesure\/armoires-pliantes-coulissantes\/#breadcrumb"},"inLanguage":"fr-FR","potentialAction":[{"@type":"ReadAction","target":["https:\/\/induo.es\/fr\/produits\/armoires-sur-mesure\/armoires-pliantes-coulissantes\/"]}]},{"@type":"BreadcrumbList","@id":"https:\/\/induo.es\/fr\/produits\/armoires-sur-mesure\/armoires-pliantes-coulissantes\/#breadcrumb","itemListElement":[{"@type":"ListItem","position":1,"name":"Portada","item":"https:\/\/induo.es\/fr\/home\/"},{"@type":"ListItem","position":2,"name":"Produits","item":"https:\/\/induo.es\/fr\/produits\/"},{"@type":"ListItem","position":3,"name":"ARMOIRES SUR MESURE","item":"https:\/\/induo.es\/fr\/productos\/armarios-a-medida\/"},{"@type":"ListItem","position":4,"name":"Armoires Pliantes"}]},{"@type":"WebSite","@id":"https:\/\/induo.es\/fr\/#website","url":"https:\/\/induo.es\/fr\/","name":"Induo","description":"Armarios y Cocinas","publisher":{"@id":"https:\/\/induo.es\/fr\/#organization"},"potentialAction":[{"@type":"SearchAction","target":{"@type":"EntryPoint","urlTemplate":"https:\/\/induo.es\/fr\/?s={search_term_string}"},"query-input":"required name=search_term_string"}],"inLanguage":"fr-FR"},{"@type":"Organization","@id":"https:\/\/induo.es\/fr\/#organization","name":"Induo","url":"https:\/\/induo.es\/fr\/","logo":{"@type":"ImageObject","inLanguage":"fr-FR","@id":"https:\/\/induo.es\/fr\/#\/schema\/logo\/image\/","url":"https:\/\/induo.es\/wp-content\/uploads\/2022\/03\/cropped-logo-1.png","contentUrl":"https:\/\/induo.es\/wp-content\/uploads\/2022\/03\/cropped-logo-1.png","width":150,"height":42,"caption":"Induo"},"image":{"@id":"https:\/\/induo.es\/fr\/#\/schema\/logo\/image\/"}}]}},"_links":{"self":[{"href":"https:\/\/induo.es\/fr\/wp-json\/wp\/v2\/pages\/9499"}],"collection":[{"href":"https:\/\/induo.es\/fr\/wp-json\/wp\/v2\/pages"}],"about":[{"href":"https:\/\/induo.es\/fr\/wp-json\/wp\/v2\/types\/page"}],"author":[{"embeddable":true,"href":"https:\/\/induo.es\/fr\/wp-json\/wp\/v2\/users\/2"}],"replies":[{"embeddable":true,"href":"https:\/\/induo.es\/fr\/wp-json\/wp\/v2\/comments?post=9499"}],"version-history":[{"count":10,"href":"https:\/\/induo.es\/fr\/wp-json\/wp\/v2\/pages\/9499\/revisions"}],"predecessor-version":[{"id":10764,"href":"https:\/\/induo.es\/fr\/wp-json\/wp\/v2\/pages\/9499\/revisions\/10764"}],"up":[{"embeddable":true,"href":"https:\/\/induo.es\/fr\/wp-json\/wp\/v2\/pages\/9450"}],"wp:attachment":[{"href":"https:\/\/induo.es\/fr\/wp-json\/wp\/v2\/media?parent=9499"}],"wp:term":[{"taxonomy":"tipos_productos","embeddable":true,"href":"https:\/\/induo.es\/fr\/wp-json\/wp\/v2\/tipos_productos?post=9499"}],"curies":[{"name":"wp","href":"https:\/\/api.w.org\/{rel}","templated":true}]}}