{"id":9494,"date":"2022-03-03T10:55:17","date_gmt":"2022-03-03T10:55:17","guid":{"rendered":"https:\/\/induo.es\/produits\/armoires-sur-mesure\/armoire-escamotable\/"},"modified":"2022-07-14T09:32:17","modified_gmt":"2022-07-14T09:32:17","slug":"armoire-escamotable","status":"publish","type":"page","link":"https:\/\/induo.es\/fr\/produits\/armoires-sur-mesure\/armoire-escamotable\/","title":{"rendered":"Armoire escamotable"},"content":{"rendered":"\t\t<div data-elementor-type=\"wp-page\" data-elementor-id=\"9494\" class=\"elementor elementor-9494 elementor-515\" data-elementor-settings=\"[]\">\n\t\t\t\t\t\t\t<div class=\"elementor-section-wrap\">\n\t\t\t\t\t\t\t<section class=\"elementor-section elementor-top-section elementor-element elementor-element-4331601e elementor-section-full_width elementor-section-height-default elementor-section-height-default\" data-id=\"4331601e\" data-element_type=\"section\">\n\t\t\t\t\t\t<div class=\"elementor-container elementor-column-gap-default\">\n\t\t\t\t\t<div class=\"elementor-column elementor-col-100 elementor-top-column elementor-element elementor-element-3d5109b0\" data-id=\"3d5109b0\" data-element_type=\"column\">\n\t\t\t<div class=\"elementor-widget-wrap elementor-element-populated\">\n\t\t\t\t\t\t\t\t<div class=\"elementor-element elementor-element-23fc252d migas-de-pan elementor-widget elementor-widget-breadcrumbs\" data-id=\"23fc252d\" data-element_type=\"widget\" data-widget_type=\"breadcrumbs.default\">\n\t\t\t\t<div class=\"elementor-widget-container\">\n\t\t\t<link rel=\"stylesheet\" href=\"https:\/\/induo.es\/wp-content\/plugins\/elementor-pro\/assets\/css\/widget-theme-elements.min.css\"><p id=\"breadcrumbs\"><span><span><a href=\"https:\/\/induo.es\/fr\/home\/\">Portada<\/a><\/span><\/span><\/p>\t\t<\/div>\n\t\t\t\t<\/div>\n\t\t\t\t\t<\/div>\n\t\t<\/div>\n\t\t\t\t\t\t\t<\/div>\n\t\t<\/section>\n\t\t\t\t<section class=\"elementor-section elementor-top-section elementor-element elementor-element-883e678 elementor-section-boxed elementor-section-height-default elementor-section-height-default\" data-id=\"883e678\" data-element_type=\"section\">\n\t\t\t\t\t\t<div class=\"elementor-container elementor-column-gap-default\">\n\t\t\t\t\t<div class=\"elementor-column elementor-col-100 elementor-top-column elementor-element elementor-element-ce3533f\" data-id=\"ce3533f\" data-element_type=\"column\">\n\t\t\t<div class=\"elementor-widget-wrap elementor-element-populated\">\n\t\t\t\t\t\t\t\t<div class=\"elementor-element elementor-element-e62411b elementor-widget elementor-widget-text-editor\" data-id=\"e62411b\" data-element_type=\"widget\" data-widget_type=\"text-editor.default\">\n\t\t\t\t<div class=\"elementor-widget-container\">\n\t\t\t<style>\/*! elementor - v3.5.6 - 28-02-2022 *\/\n.elementor-widget-text-editor.elementor-drop-cap-view-stacked .elementor-drop-cap{background-color:#818a91;color:#fff}.elementor-widget-text-editor.elementor-drop-cap-view-framed .elementor-drop-cap{color:#818a91;border:3px solid;background-color:transparent}.elementor-widget-text-editor:not(.elementor-drop-cap-view-default) .elementor-drop-cap{margin-top:8px}.elementor-widget-text-editor:not(.elementor-drop-cap-view-default) .elementor-drop-cap-letter{width:1em;height:1em}.elementor-widget-text-editor .elementor-drop-cap{float:left;text-align:center;line-height:1;font-size:50px}.elementor-widget-text-editor .elementor-drop-cap-letter{display:inline-block}<\/style>\t\t\t\t<p style=\"text-align: center;\">Armoire escamotable<\/p>\t\t\t\t\t\t<\/div>\n\t\t\t\t<\/div>\n\t\t\t\t<div class=\"elementor-element elementor-element-50c7d21 elementor-widget elementor-widget-heading\" data-id=\"50c7d21\" data-element_type=\"widget\" data-widget_type=\"heading.default\">\n\t\t\t\t<div class=\"elementor-widget-container\">\n\t\t\t<style>\/*! elementor - v3.5.6 - 28-02-2022 *\/\n.elementor-heading-title{padding:0;margin:0;line-height:1}.elementor-widget-heading .elementor-heading-title[class*=elementor-size-]>a{color:inherit;font-size:inherit;line-height:inherit}.elementor-widget-heading .elementor-heading-title.elementor-size-small{font-size:15px}.elementor-widget-heading .elementor-heading-title.elementor-size-medium{font-size:19px}.elementor-widget-heading .elementor-heading-title.elementor-size-large{font-size:29px}.elementor-widget-heading .elementor-heading-title.elementor-size-xl{font-size:39px}.elementor-widget-heading .elementor-heading-title.elementor-size-xxl{font-size:59px}<\/style><h1 class=\"elementor-heading-title elementor-size-default\">DESIGNS SUR MESURE POUR APPORTER FONCTIONNALIT\u00c9 <br>ET STYLE \u00c0 VOTRE PROJET<\/h1>\t\t<\/div>\n\t\t\t\t<\/div>\n\t\t\t\t<div class=\"elementor-element elementor-element-e2421be elementor-widget elementor-widget-text-editor\" data-id=\"e2421be\" data-element_type=\"widget\" data-widget_type=\"text-editor.default\">\n\t\t\t\t<div class=\"elementor-widget-container\">\n\t\t\t\t\t\t\t<p>L\u2019armoire escamotable est la solution id\u00e9ale pour occulter des \u00e9l\u00e9ments tels que les appareils m\u00e9nagers, et optimiser l\u2019espace gr\u00e2ce \u00e0 une ouverture de 90\u00b0, qui rend invisibles les portes et lib\u00e8re le module pour une utilisation pratique.<\/p>\n<p>Il s&rsquo;agit d\u2019une option \u00e9l\u00e9gante et pratique qui marquera un avant et un apr\u00e8s dans votre projet et qu\u2019Induo peut concevoir et fabriquer conforme \u00e0 vos id\u00e9es.<\/p>\n<p><br><\/p>\t\t\t\t\t\t<\/div>\n\t\t\t\t<\/div>\n\t\t\t\t\t<\/div>\n\t\t<\/div>\n\t\t\t\t\t\t\t<\/div>\n\t\t<\/section>\n\t\t\t\t<section class=\"elementor-section elementor-top-section elementor-element elementor-element-f1de0b0 elementor-section-boxed elementor-section-height-default elementor-section-height-default\" data-id=\"f1de0b0\" data-element_type=\"section\">\n\t\t\t\t\t\t<div class=\"elementor-container elementor-column-gap-wider\">\n\t\t\t\t\t<div class=\"elementor-column elementor-col-50 elementor-top-column elementor-element elementor-element-d184e78\" data-id=\"d184e78\" data-element_type=\"column\">\n\t\t\t<div class=\"elementor-widget-wrap elementor-element-populated\">\n\t\t\t\t\t\t\t\t<div class=\"elementor-element elementor-element-76e84b0 elementor-widget elementor-widget-image\" data-id=\"76e84b0\" data-element_type=\"widget\" data-widget_type=\"image.default\">\n\t\t\t\t<div class=\"elementor-widget-container\">\n\t\t\t<style>\/*! elementor - v3.5.6 - 28-02-2022 *\/\n.elementor-widget-image{text-align:center}.elementor-widget-image a{display:inline-block}.elementor-widget-image a img[src$=\".svg\"]{width:48px}.elementor-widget-image img{vertical-align:middle;display:inline-block}<\/style>\t\t\t\t\t\t\t\t\t\t\t\t\t<a href=\"https:\/\/induo.es\/wp-content\/uploads\/2022\/07\/ESCAMOTEABLE-ZARAUTZ-BAJA-GIF.gif\" data-elementor-open-lightbox=\"yes\" data-elementor-lightbox-title=\"ESCAMOTEABLE-ZARAUTZ-BAJA-GIF\" e-action-hash=\"#elementor-action%3Aaction%3Dlightbox%26settings%3DeyJpZCI6OTA1NSwidXJsIjoiaHR0cHM6XC9cL2luZHVvLmVzXC93cC1jb250ZW50XC91cGxvYWRzXC8yMDIyXC8wN1wvRVNDQU1PVEVBQkxFLVpBUkFVVFotQkFKQS1HSUYuZ2lmIn0%3D\">\n\t\t\t\t\t\t\t<img decoding=\"async\" width=\"666\" height=\"1000\" src=\"https:\/\/induo.es\/wp-content\/uploads\/2022\/07\/ESCAMOTEABLE-ZARAUTZ-BAJA-GIF.gif\" class=\"attachment-full size-full\" alt=\"\" loading=\"lazy\" \/>\t\t\t\t\t\t\t\t<\/a>\n\t\t\t\t\t\t\t\t\t\t\t\t\t\t\t<\/div>\n\t\t\t\t<\/div>\n\t\t\t\t\t<\/div>\n\t\t<\/div>\n\t\t\t\t<div class=\"elementor-column elementor-col-50 elementor-top-column elementor-element elementor-element-1a2e110\" data-id=\"1a2e110\" data-element_type=\"column\">\n\t\t\t<div class=\"elementor-widget-wrap elementor-element-populated\">\n\t\t\t\t\t\t\t\t<div class=\"elementor-element elementor-element-52a4ba9 elementor-widget elementor-widget-image\" data-id=\"52a4ba9\" data-element_type=\"widget\" data-widget_type=\"image.default\">\n\t\t\t\t<div class=\"elementor-widget-container\">\n\t\t\t\t\t\t\t\t\t\t\t\t\t\t\t\t<a href=\"https:\/\/induo.es\/wp-content\/uploads\/2022\/07\/ESCAMOTEABLE-ANBOTO-BAJA-GIF.gif\" data-elementor-open-lightbox=\"yes\" data-elementor-lightbox-title=\"ESCAMOTEABLE-ANBOTO-BAJA-GIF\" e-action-hash=\"#elementor-action%3Aaction%3Dlightbox%26settings%3DeyJpZCI6OTA1MiwidXJsIjoiaHR0cHM6XC9cL2luZHVvLmVzXC93cC1jb250ZW50XC91cGxvYWRzXC8yMDIyXC8wN1wvRVNDQU1PVEVBQkxFLUFOQk9UTy1CQUpBLUdJRi5naWYifQ%3D%3D\">\n\t\t\t\t\t\t\t<img decoding=\"async\" width=\"666\" height=\"1000\" src=\"https:\/\/induo.es\/wp-content\/uploads\/2022\/07\/ESCAMOTEABLE-ANBOTO-BAJA-GIF.gif\" class=\"attachment-full size-full\" alt=\"\" loading=\"lazy\" \/>\t\t\t\t\t\t\t\t<\/a>\n\t\t\t\t\t\t\t\t\t\t\t\t\t\t\t<\/div>\n\t\t\t\t<\/div>\n\t\t\t\t\t<\/div>\n\t\t<\/div>\n\t\t\t\t\t\t\t<\/div>\n\t\t<\/section>\n\t\t\t\t\t\t<\/div>\n\t\t\t\t\t<\/div>\n\t\t","protected":false},"excerpt":{"rendered":"<p>Armoire escamotable DESIGNS SUR MESURE POUR APPORTER FONCTIONNALIT\u00c9 ET STYLE \u00c0 VOTRE PROJET L\u2019armoire escamotable est la solution id\u00e9ale pour occulter des \u00e9l\u00e9ments tels que les appareils m\u00e9nagers, et optimiser l\u2019espace gr\u00e2ce \u00e0 une ouverture de 90\u00b0, qui rend invisibles les portes et lib\u00e8re le module pour une utilisation pratique. Il s&rsquo;agit d\u2019une option \u00e9l\u00e9gante [&hellip;]<\/p>\n","protected":false},"author":2,"featured_media":0,"parent":9450,"menu_order":14,"comment_status":"closed","ping_status":"closed","template":"","meta":[],"tipos_productos":[],"acf":[],"yoast_head":"<!-- This site is optimized with the Yoast SEO plugin v20.0 - https:\/\/yoast.com\/wordpress\/plugins\/seo\/ -->\n<title>Armoire escamotable - Dise\u00f1os a medida - Induo<\/title>\n<meta name=\"description\" content=\"L\u2019armoire escamotable est la solution id\u00e9ale pour occulter des \u00e9l\u00e9ments tels que les appareils m\u00e9nagers, et optimiser l\u2019espace gr\u00e2ce \u00e0 une ouverture de 90\u00b0, qui rend invisibles les portes et lib\u00e8re le module pour une utilisation pratique.\" \/>\n<meta name=\"robots\" content=\"index, follow, max-snippet:-1, max-image-preview:large, max-video-preview:-1\" \/>\n<link rel=\"canonical\" href=\"https:\/\/induo.es\/fr\/produits\/armoires-sur-mesure\/armoire-escamotable\/\" \/>\n<meta property=\"og:locale\" content=\"fr_FR\" \/>\n<meta property=\"og:type\" content=\"article\" \/>\n<meta property=\"og:title\" content=\"Armoire escamotable - Dise\u00f1os a medida - Induo\" \/>\n<meta property=\"og:description\" content=\"L\u2019armoire escamotable est la solution id\u00e9ale pour occulter des \u00e9l\u00e9ments tels que les appareils m\u00e9nagers, et optimiser l\u2019espace gr\u00e2ce \u00e0 une ouverture de 90\u00b0, qui rend invisibles les portes et lib\u00e8re le module pour une utilisation pratique.\" \/>\n<meta property=\"og:url\" content=\"https:\/\/induo.es\/fr\/produits\/armoires-sur-mesure\/armoire-escamotable\/\" \/>\n<meta property=\"og:site_name\" content=\"Induo\" \/>\n<meta property=\"article:modified_time\" content=\"2022-07-14T09:32:17+00:00\" \/>\n<meta property=\"og:image\" content=\"https:\/\/induo.es\/wp-content\/uploads\/2022\/07\/ESCAMOTEABLE-ZARAUTZ-BAJA-GIF.gif\" \/>\n<meta name=\"twitter:card\" content=\"summary_large_image\" \/>\n<script type=\"application\/ld+json\" class=\"yoast-schema-graph\">{\"@context\":\"https:\/\/schema.org\",\"@graph\":[{\"@type\":\"WebPage\",\"@id\":\"https:\/\/induo.es\/fr\/produits\/armoires-sur-mesure\/armoire-escamotable\/\",\"url\":\"https:\/\/induo.es\/fr\/produits\/armoires-sur-mesure\/armoire-escamotable\/\",\"name\":\"Armoire escamotable - Dise\u00f1os a medida - Induo\",\"isPartOf\":{\"@id\":\"https:\/\/induo.es\/fr\/#website\"},\"datePublished\":\"2022-03-03T10:55:17+00:00\",\"dateModified\":\"2022-07-14T09:32:17+00:00\",\"description\":\"L\u2019armoire escamotable est la solution id\u00e9ale pour occulter des \u00e9l\u00e9ments tels que les appareils m\u00e9nagers, et optimiser l\u2019espace gr\u00e2ce \u00e0 une ouverture de 90\u00b0, qui rend invisibles les portes et lib\u00e8re le module pour une utilisation pratique.\",\"breadcrumb\":{\"@id\":\"https:\/\/induo.es\/fr\/produits\/armoires-sur-mesure\/armoire-escamotable\/#breadcrumb\"},\"inLanguage\":\"fr-FR\",\"potentialAction\":[{\"@type\":\"ReadAction\",\"target\":[\"https:\/\/induo.es\/fr\/produits\/armoires-sur-mesure\/armoire-escamotable\/\"]}]},{\"@type\":\"BreadcrumbList\",\"@id\":\"https:\/\/induo.es\/fr\/produits\/armoires-sur-mesure\/armoire-escamotable\/#breadcrumb\",\"itemListElement\":[{\"@type\":\"ListItem\",\"position\":1,\"name\":\"Portada\",\"item\":\"https:\/\/induo.es\/fr\/home\/\"},{\"@type\":\"ListItem\",\"position\":2,\"name\":\"Produits\",\"item\":\"https:\/\/induo.es\/fr\/produits\/\"},{\"@type\":\"ListItem\",\"position\":3,\"name\":\"ARMOIRES SUR MESURE\",\"item\":\"https:\/\/induo.es\/fr\/productos\/armarios-a-medida\/\"},{\"@type\":\"ListItem\",\"position\":4,\"name\":\"Armoire escamotable\"}]},{\"@type\":\"WebSite\",\"@id\":\"https:\/\/induo.es\/fr\/#website\",\"url\":\"https:\/\/induo.es\/fr\/\",\"name\":\"Induo\",\"description\":\"Armarios y Cocinas\",\"publisher\":{\"@id\":\"https:\/\/induo.es\/fr\/#organization\"},\"potentialAction\":[{\"@type\":\"SearchAction\",\"target\":{\"@type\":\"EntryPoint\",\"urlTemplate\":\"https:\/\/induo.es\/fr\/?s={search_term_string}\"},\"query-input\":\"required name=search_term_string\"}],\"inLanguage\":\"fr-FR\"},{\"@type\":\"Organization\",\"@id\":\"https:\/\/induo.es\/fr\/#organization\",\"name\":\"Induo\",\"url\":\"https:\/\/induo.es\/fr\/\",\"logo\":{\"@type\":\"ImageObject\",\"inLanguage\":\"fr-FR\",\"@id\":\"https:\/\/induo.es\/fr\/#\/schema\/logo\/image\/\",\"url\":\"https:\/\/induo.es\/wp-content\/uploads\/2022\/03\/cropped-logo-1.png\",\"contentUrl\":\"https:\/\/induo.es\/wp-content\/uploads\/2022\/03\/cropped-logo-1.png\",\"width\":150,\"height\":42,\"caption\":\"Induo\"},\"image\":{\"@id\":\"https:\/\/induo.es\/fr\/#\/schema\/logo\/image\/\"}}]}<\/script>\n<!-- \/ Yoast SEO plugin. -->","yoast_head_json":{"title":"Armoire escamotable - Dise\u00f1os a medida - Induo","description":"L\u2019armoire escamotable est la solution id\u00e9ale pour occulter des \u00e9l\u00e9ments tels que les appareils m\u00e9nagers, et optimiser l\u2019espace gr\u00e2ce \u00e0 une ouverture de 90\u00b0, qui rend invisibles les portes et lib\u00e8re le module pour une utilisation pratique.","robots":{"index":"index","follow":"follow","max-snippet":"max-snippet:-1","max-image-preview":"max-image-preview:large","max-video-preview":"max-video-preview:-1"},"canonical":"https:\/\/induo.es\/fr\/produits\/armoires-sur-mesure\/armoire-escamotable\/","og_locale":"fr_FR","og_type":"article","og_title":"Armoire escamotable - Dise\u00f1os a medida - Induo","og_description":"L\u2019armoire escamotable est la solution id\u00e9ale pour occulter des \u00e9l\u00e9ments tels que les appareils m\u00e9nagers, et optimiser l\u2019espace gr\u00e2ce \u00e0 une ouverture de 90\u00b0, qui rend invisibles les portes et lib\u00e8re le module pour une utilisation pratique.","og_url":"https:\/\/induo.es\/fr\/produits\/armoires-sur-mesure\/armoire-escamotable\/","og_site_name":"Induo","article_modified_time":"2022-07-14T09:32:17+00:00","og_image":[{"url":"https:\/\/induo.es\/wp-content\/uploads\/2022\/07\/ESCAMOTEABLE-ZARAUTZ-BAJA-GIF.gif"}],"twitter_card":"summary_large_image","schema":{"@context":"https:\/\/schema.org","@graph":[{"@type":"WebPage","@id":"https:\/\/induo.es\/fr\/produits\/armoires-sur-mesure\/armoire-escamotable\/","url":"https:\/\/induo.es\/fr\/produits\/armoires-sur-mesure\/armoire-escamotable\/","name":"Armoire escamotable - Dise\u00f1os a medida - Induo","isPartOf":{"@id":"https:\/\/induo.es\/fr\/#website"},"datePublished":"2022-03-03T10:55:17+00:00","dateModified":"2022-07-14T09:32:17+00:00","description":"L\u2019armoire escamotable est la solution id\u00e9ale pour occulter des \u00e9l\u00e9ments tels que les appareils m\u00e9nagers, et optimiser l\u2019espace gr\u00e2ce \u00e0 une ouverture de 90\u00b0, qui rend invisibles les portes et lib\u00e8re le module pour une utilisation pratique.","breadcrumb":{"@id":"https:\/\/induo.es\/fr\/produits\/armoires-sur-mesure\/armoire-escamotable\/#breadcrumb"},"inLanguage":"fr-FR","potentialAction":[{"@type":"ReadAction","target":["https:\/\/induo.es\/fr\/produits\/armoires-sur-mesure\/armoire-escamotable\/"]}]},{"@type":"BreadcrumbList","@id":"https:\/\/induo.es\/fr\/produits\/armoires-sur-mesure\/armoire-escamotable\/#breadcrumb","itemListElement":[{"@type":"ListItem","position":1,"name":"Portada","item":"https:\/\/induo.es\/fr\/home\/"},{"@type":"ListItem","position":2,"name":"Produits","item":"https:\/\/induo.es\/fr\/produits\/"},{"@type":"ListItem","position":3,"name":"ARMOIRES SUR MESURE","item":"https:\/\/induo.es\/fr\/productos\/armarios-a-medida\/"},{"@type":"ListItem","position":4,"name":"Armoire escamotable"}]},{"@type":"WebSite","@id":"https:\/\/induo.es\/fr\/#website","url":"https:\/\/induo.es\/fr\/","name":"Induo","description":"Armarios y Cocinas","publisher":{"@id":"https:\/\/induo.es\/fr\/#organization"},"potentialAction":[{"@type":"SearchAction","target":{"@type":"EntryPoint","urlTemplate":"https:\/\/induo.es\/fr\/?s={search_term_string}"},"query-input":"required name=search_term_string"}],"inLanguage":"fr-FR"},{"@type":"Organization","@id":"https:\/\/induo.es\/fr\/#organization","name":"Induo","url":"https:\/\/induo.es\/fr\/","logo":{"@type":"ImageObject","inLanguage":"fr-FR","@id":"https:\/\/induo.es\/fr\/#\/schema\/logo\/image\/","url":"https:\/\/induo.es\/wp-content\/uploads\/2022\/03\/cropped-logo-1.png","contentUrl":"https:\/\/induo.es\/wp-content\/uploads\/2022\/03\/cropped-logo-1.png","width":150,"height":42,"caption":"Induo"},"image":{"@id":"https:\/\/induo.es\/fr\/#\/schema\/logo\/image\/"}}]}},"_links":{"self":[{"href":"https:\/\/induo.es\/fr\/wp-json\/wp\/v2\/pages\/9494"}],"collection":[{"href":"https:\/\/induo.es\/fr\/wp-json\/wp\/v2\/pages"}],"about":[{"href":"https:\/\/induo.es\/fr\/wp-json\/wp\/v2\/types\/page"}],"author":[{"embeddable":true,"href":"https:\/\/induo.es\/fr\/wp-json\/wp\/v2\/users\/2"}],"replies":[{"embeddable":true,"href":"https:\/\/induo.es\/fr\/wp-json\/wp\/v2\/comments?post=9494"}],"version-history":[{"count":2,"href":"https:\/\/induo.es\/fr\/wp-json\/wp\/v2\/pages\/9494\/revisions"}],"predecessor-version":[{"id":9497,"href":"https:\/\/induo.es\/fr\/wp-json\/wp\/v2\/pages\/9494\/revisions\/9497"}],"up":[{"embeddable":true,"href":"https:\/\/induo.es\/fr\/wp-json\/wp\/v2\/pages\/9450"}],"wp:attachment":[{"href":"https:\/\/induo.es\/fr\/wp-json\/wp\/v2\/media?parent=9494"}],"wp:term":[{"taxonomy":"tipos_productos","embeddable":true,"href":"https:\/\/induo.es\/fr\/wp-json\/wp\/v2\/tipos_productos?post=9494"}],"curies":[{"name":"wp","href":"https:\/\/api.w.org\/{rel}","templated":true}]}}