{"id":9484,"date":"2022-03-03T11:49:34","date_gmt":"2022-03-03T11:49:34","guid":{"rendered":"https:\/\/induo.es\/produits\/armoires-sur-mesure\/portes-coulissantes\/gari\/"},"modified":"2023-11-28T15:15:40","modified_gmt":"2023-11-28T15:15:40","slug":"gari","status":"publish","type":"page","link":"https:\/\/induo.es\/fr\/produits\/armoires-sur-mesure\/portes-coulissantes-suspendues\/gari\/","title":{"rendered":"Gari"},"content":{"rendered":"\t\t<div data-elementor-type=\"wp-page\" data-elementor-id=\"9484\" class=\"elementor elementor-9484 elementor-557\" data-elementor-settings=\"[]\">\n\t\t\t\t\t\t\t<div class=\"elementor-section-wrap\">\n\t\t\t\t\t\t\t<section class=\"elementor-section elementor-top-section elementor-element elementor-element-c7d8b3e elementor-section-full_width elementor-section-height-default elementor-section-height-default\" data-id=\"c7d8b3e\" data-element_type=\"section\">\n\t\t\t\t\t\t<div class=\"elementor-container elementor-column-gap-default\">\n\t\t\t\t\t<div class=\"elementor-column elementor-col-50 elementor-top-column elementor-element elementor-element-16581e1\" data-id=\"16581e1\" data-element_type=\"column\">\n\t\t\t<div class=\"elementor-widget-wrap elementor-element-populated\">\n\t\t\t\t\t\t\t\t<div class=\"elementor-element elementor-element-e575fe6 migas-de-pan elementor-widget elementor-widget-breadcrumbs\" data-id=\"e575fe6\" data-element_type=\"widget\" data-widget_type=\"breadcrumbs.default\">\n\t\t\t\t<div class=\"elementor-widget-container\">\n\t\t\t<link rel=\"stylesheet\" href=\"https:\/\/induo.es\/wp-content\/plugins\/elementor-pro\/assets\/css\/widget-theme-elements.min.css\"><p id=\"breadcrumbs\"><span><span><a href=\"https:\/\/induo.es\/fr\/home\/\">Portada<\/a><\/span><\/span><\/p>\t\t<\/div>\n\t\t\t\t<\/div>\n\t\t\t\t\t<\/div>\n\t\t<\/div>\n\t\t\t\t<div class=\"elementor-column elementor-col-50 elementor-top-column elementor-element elementor-element-27caf5a\" data-id=\"27caf5a\" data-element_type=\"column\">\n\t\t\t<div class=\"elementor-widget-wrap elementor-element-populated\">\n\t\t\t\t\t\t\t\t<div class=\"elementor-element elementor-element-8fb7869 menu-proyectos menu-productos elementor-widget elementor-widget-post-navigation\" data-id=\"8fb7869\" data-element_type=\"widget\" data-widget_type=\"post-navigation.default\">\n\t\t\t\t<div class=\"elementor-widget-container\">\n\t\t\t\t\t<div class=\"elementor-post-navigation\">\n\t\t\t<div class=\"elementor-post-navigation__prev elementor-post-navigation__link\">\n\t\t\t\t<a href=\"https:\/\/induo.es\/fr\/produits\/armoires-sur-mesure\/portes-coulissantes-suspendues\/iker\/\" rel=\"prev\"><span class=\"post-navigation__arrow-wrapper post-navigation__arrow-prev\"><i class=\"fa fa-angle-left\" aria-hidden=\"true\"><\/i><span class=\"elementor-screen-only\">Pr\u00e9c\u00e9dent<\/span><\/span><span class=\"elementor-post-navigation__link__prev\"><\/span><\/a>\t\t\t<\/div>\n\t\t\t<span class=\"post-navigation-ayuda\">Men\u00fa<\/span>\n\t\t\t\t\t\t<div class=\"elementor-post-navigation__next elementor-post-navigation__link\">\n\t\t\t\t<a href=\"https:\/\/induo.es\/fr\/produits\/armoires-sur-mesure\/portes-coulissantes-suspendues\/paul\/\" rel=\"next\"><span class=\"elementor-post-navigation__link__next\"><\/span><span class=\"post-navigation__arrow-wrapper post-navigation__arrow-next\"><i class=\"fa fa-angle-right\" aria-hidden=\"true\"><\/i><span class=\"elementor-screen-only\">Suivant<\/span><\/span><\/a>\t\t\t<\/div>\n\t\t<\/div>\n\t\t\t\t<\/div>\n\t\t\t\t<\/div>\n\t\t\t\t\t<\/div>\n\t\t<\/div>\n\t\t\t\t\t\t\t<\/div>\n\t\t<\/section>\n\t\t\t\t<section class=\"elementor-section elementor-top-section elementor-element elementor-element-67ae1af3 elementor-section-full_width portadafullwidth elementor-section-height-default elementor-section-height-default\" data-id=\"67ae1af3\" data-element_type=\"section\">\n\t\t\t\t\t\t<div class=\"elementor-container elementor-column-gap-default\">\n\t\t\t\t\t<div class=\"elementor-column elementor-col-100 elementor-top-column elementor-element elementor-element-5b34561\" data-id=\"5b34561\" data-element_type=\"column\">\n\t\t\t<div class=\"elementor-widget-wrap elementor-element-populated\">\n\t\t\t\t\t\t\t\t<div class=\"elementor-element elementor-element-3fce2d82 elementor-widget elementor-widget-image\" data-id=\"3fce2d82\" data-element_type=\"widget\" data-widget_type=\"image.default\">\n\t\t\t\t<div class=\"elementor-widget-container\">\n\t\t\t<style>\/*! elementor - v3.5.6 - 28-02-2022 *\/\n.elementor-widget-image{text-align:center}.elementor-widget-image a{display:inline-block}.elementor-widget-image a img[src$=\".svg\"]{width:48px}.elementor-widget-image img{vertical-align:middle;display:inline-block}<\/style>\t\t\t\t\t\t\t\t\t\t\t\t\t<a href=\"https:\/\/induo.es\/wp-content\/uploads\/2022\/03\/ARMARIO-GARI-ALTA.jpg\" data-elementor-open-lightbox=\"yes\" data-elementor-lightbox-title=\"ARMARIO-GARI-ALTA\" e-action-hash=\"#elementor-action%3Aaction%3Dlightbox%26settings%3DeyJpZCI6NzI0MCwidXJsIjoiaHR0cHM6XC9cL2luZHVvLmVzXC93cC1jb250ZW50XC91cGxvYWRzXC8yMDIyXC8wM1wvQVJNQVJJTy1HQVJJLUFMVEEuanBnIn0%3D\">\n\t\t\t\t\t\t\t<img decoding=\"async\" width=\"1920\" height=\"1158\" src=\"https:\/\/induo.es\/wp-content\/uploads\/2022\/03\/ARMARIO-GARI-ALTA.jpg\" class=\"attachment-full size-full\" alt=\"\" loading=\"lazy\" srcset=\"https:\/\/induo.es\/wp-content\/uploads\/2022\/03\/ARMARIO-GARI-ALTA.jpg 1920w, https:\/\/induo.es\/wp-content\/uploads\/2022\/03\/ARMARIO-GARI-ALTA-300x181.jpg 300w, https:\/\/induo.es\/wp-content\/uploads\/2022\/03\/ARMARIO-GARI-ALTA-1024x618.jpg 1024w, https:\/\/induo.es\/wp-content\/uploads\/2022\/03\/ARMARIO-GARI-ALTA-768x463.jpg 768w, https:\/\/induo.es\/wp-content\/uploads\/2022\/03\/ARMARIO-GARI-ALTA-1536x926.jpg 1536w\" sizes=\"(max-width: 1920px) 100vw, 1920px\" \/>\t\t\t\t\t\t\t\t<\/a>\n\t\t\t\t\t\t\t\t\t\t\t\t\t\t\t<\/div>\n\t\t\t\t<\/div>\n\t\t\t\t\t<\/div>\n\t\t<\/div>\n\t\t\t\t\t\t\t<\/div>\n\t\t<\/section>\n\t\t\t\t<section class=\"elementor-section elementor-top-section elementor-element elementor-element-6a62a3ce elementor-section-boxed elementor-section-height-default elementor-section-height-default\" data-id=\"6a62a3ce\" data-element_type=\"section\">\n\t\t\t\t\t\t<div class=\"elementor-container elementor-column-gap-default\">\n\t\t\t\t\t<div class=\"elementor-column elementor-col-50 elementor-top-column elementor-element elementor-element-6083f042\" data-id=\"6083f042\" data-element_type=\"column\">\n\t\t\t<div class=\"elementor-widget-wrap elementor-element-populated\">\n\t\t\t\t\t\t\t\t<div class=\"elementor-element elementor-element-3284a0c3 elementor-widget elementor-widget-heading\" data-id=\"3284a0c3\" data-element_type=\"widget\" data-widget_type=\"heading.default\">\n\t\t\t\t<div class=\"elementor-widget-container\">\n\t\t\t<style>\/*! elementor - v3.5.6 - 28-02-2022 *\/\n.elementor-heading-title{padding:0;margin:0;line-height:1}.elementor-widget-heading .elementor-heading-title[class*=elementor-size-]>a{color:inherit;font-size:inherit;line-height:inherit}.elementor-widget-heading .elementor-heading-title.elementor-size-small{font-size:15px}.elementor-widget-heading .elementor-heading-title.elementor-size-medium{font-size:19px}.elementor-widget-heading .elementor-heading-title.elementor-size-large{font-size:29px}.elementor-widget-heading .elementor-heading-title.elementor-size-xl{font-size:39px}.elementor-widget-heading .elementor-heading-title.elementor-size-xxl{font-size:59px}<\/style><h1 class=\"elementor-heading-title elementor-size-default\">Gari<\/h1>\t\t<\/div>\n\t\t\t\t<\/div>\n\t\t\t\t<div class=\"elementor-element elementor-element-25f77229 elementor-widget elementor-widget-text-editor\" data-id=\"25f77229\" data-element_type=\"widget\" data-widget_type=\"text-editor.default\">\n\t\t\t\t<div class=\"elementor-widget-container\">\n\t\t\t<style>\/*! elementor - v3.5.6 - 28-02-2022 *\/\n.elementor-widget-text-editor.elementor-drop-cap-view-stacked .elementor-drop-cap{background-color:#818a91;color:#fff}.elementor-widget-text-editor.elementor-drop-cap-view-framed .elementor-drop-cap{color:#818a91;border:3px solid;background-color:transparent}.elementor-widget-text-editor:not(.elementor-drop-cap-view-default) .elementor-drop-cap{margin-top:8px}.elementor-widget-text-editor:not(.elementor-drop-cap-view-default) .elementor-drop-cap-letter{width:1em;height:1em}.elementor-widget-text-editor .elementor-drop-cap{float:left;text-align:center;line-height:1;font-size:50px}.elementor-widget-text-editor .elementor-drop-cap-letter{display:inline-block}<\/style>\t\t\t\t<p class=\"p1\"><span class=\"s1\">COULISSANTES SUSPENDUES<\/span><\/p>\n\t\t\t\t\t\t<\/div>\n\t\t\t\t<\/div>\n\t\t\t\t\t<\/div>\n\t\t<\/div>\n\t\t\t\t<div class=\"elementor-column elementor-col-50 elementor-top-column elementor-element elementor-element-5f4e1f6d\" data-id=\"5f4e1f6d\" data-element_type=\"column\">\n\t\t\t<div class=\"elementor-widget-wrap\">\n\t\t\t\t\t\t\t\t\t<\/div>\n\t\t<\/div>\n\t\t\t\t\t\t\t<\/div>\n\t\t<\/section>\n\t\t\t\t<section class=\"elementor-section elementor-top-section elementor-element elementor-element-252edac9 elementor-section-boxed elementor-section-height-default elementor-section-height-default\" data-id=\"252edac9\" data-element_type=\"section\">\n\t\t\t\t\t\t<div class=\"elementor-container elementor-column-gap-default\">\n\t\t\t\t\t<div class=\"elementor-column elementor-col-50 elementor-top-column elementor-element elementor-element-7bc20bda\" data-id=\"7bc20bda\" data-element_type=\"column\">\n\t\t\t<div class=\"elementor-widget-wrap elementor-element-populated\">\n\t\t\t\t\t\t\t\t<div class=\"elementor-element elementor-element-4d8f59e elementor-align-left boton-ficha elementor-widget elementor-widget-global elementor-global-11005 elementor-widget-button\" data-id=\"4d8f59e\" data-element_type=\"widget\" data-widget_type=\"button.default\">\n\t\t\t\t<div class=\"elementor-widget-container\">\n\t\t\t\t\t<div class=\"elementor-button-wrapper\">\n\t\t\t<a href=\"https:\/\/induo.es\/wp-content\/uploads\/2023\/11\/FichaTecnicaGeneral-2023.pdf\" target=\"_blank\" class=\"elementor-button-link elementor-button elementor-size-sm\" role=\"button\">\n\t\t\t\t\t\t<span class=\"elementor-button-content-wrapper\">\n\t\t\t\t\t\t<span class=\"elementor-button-icon elementor-align-icon-left\">\n\t\t\t\t<svg xmlns=\"http:\/\/www.w3.org\/2000\/svg\" width=\"14\" height=\"17\" viewBox=\"0 0 14 17\"><path id=\"Trazado_4278\" data-name=\"Trazado 4278\" d=\"M16.59,9H15V4a1,1,0,0,0-1-1H10A1,1,0,0,0,9,4V9H7.41a1,1,0,0,0-.71,1.71l4.59,4.59a1,1,0,0,0,1.41,0l4.59-4.59A1,1,0,0,0,16.59,9ZM5,19a1,1,0,0,0,1,1H18a1,1,0,0,0,0-2H6A1,1,0,0,0,5,19Z\" transform=\"translate(-5 -3)\" fill=\"#e6007e\"><\/path><\/svg>\t\t\t<\/span>\n\t\t\t\t\t\t<span class=\"elementor-button-text\"><span class=\"fuerte\">DATOS T\u00c9CNICOS<\/span> <BR>Ficha T\u00e9cnica<\/span>\n\t\t<\/span>\n\t\t\t\t\t<\/a>\n\t\t<\/div>\n\t\t\t\t<\/div>\n\t\t\t\t<\/div>\n\t\t\t\t\t<\/div>\n\t\t<\/div>\n\t\t\t\t<div class=\"elementor-column elementor-col-50 elementor-top-column elementor-element elementor-element-79c8d763\" data-id=\"79c8d763\" data-element_type=\"column\">\n\t\t\t<div class=\"elementor-widget-wrap elementor-element-populated\">\n\t\t\t\t\t\t\t\t<div class=\"elementor-element elementor-element-2ac60d09 elementor-widget elementor-widget-text-editor\" data-id=\"2ac60d09\" data-element_type=\"widget\" data-widget_type=\"text-editor.default\">\n\t\t\t\t<div class=\"elementor-widget-container\">\n\t\t\t\t\t\t\t<p>Les portes coulissantes suspendues cr\u00e9ent plus de l\u00e9g\u00e8ret\u00e9 visuelle.<\/p>\n<p>Cette armoire \u00e0 portes coulissantes suspendues combine aux extr\u00e9mit\u00e9s, des portes lisses laqu\u00e9es mates accompagn\u00e9es d\u2019une frange en feuille vernie d\u2019\u00e9b\u00e8ne sans cadre ni poign\u00e9e, avec des portes centrales en verre lacobel de la m\u00eame couleur avec un tout petit cadre et une poign\u00e9e droite laqu\u00e9e de la m\u00eame couleur.<\/p>\n<p>Dans la m\u00eame finition que l\u2019armoire \u00e0 portes coulissantes suspendues est install\u00e9 un meuble bas. Ce meuble sert de base sur laquelle il est possible de placer des \u00e9l\u00e9ments d\u00e9coratifs et fait le lien avec l&rsquo;armoire \u00e0 portes battantes suspendues du mur, cr\u00e9ant une composition. La finition de ces portes battantes est laqu\u00e9e couleur tuile m\u00e9tallis\u00e9e.<\/p>\n<p>Ce syst\u00e8me de portes suspendues peut \u00eatre appliqu\u00e9 \u00e0 tous les designs de la gamme des portes coulissantes.<\/p>\n\t\t\t\t\t\t<\/div>\n\t\t\t\t<\/div>\n\t\t\t\t\t<\/div>\n\t\t<\/div>\n\t\t\t\t\t\t\t<\/div>\n\t\t<\/section>\n\t\t\t\t<section class=\"elementor-section elementor-top-section elementor-element elementor-element-17f018db elementor-section-boxed elementor-section-height-default elementor-section-height-default\" data-id=\"17f018db\" data-element_type=\"section\">\n\t\t\t\t\t\t<div class=\"elementor-container elementor-column-gap-default\">\n\t\t\t\t\t<div class=\"elementor-column elementor-col-100 elementor-top-column elementor-element elementor-element-65d1363c\" data-id=\"65d1363c\" data-element_type=\"column\">\n\t\t\t<div class=\"elementor-widget-wrap elementor-element-populated\">\n\t\t\t\t\t\t\t\t<div class=\"elementor-element elementor-element-6dc63b33 elementor-widget elementor-widget-image\" data-id=\"6dc63b33\" data-element_type=\"widget\" data-widget_type=\"image.default\">\n\t\t\t\t<div class=\"elementor-widget-container\">\n\t\t\t\t\t\t\t\t\t\t\t\t\t\t\t\t<a href=\"https:\/\/induo.es\/wp-content\/uploads\/2022\/03\/ARMARIO-GARI-ALTA.jpg\" data-elementor-open-lightbox=\"yes\" data-elementor-lightbox-title=\"ARMARIO-GARI-ALTA\" e-action-hash=\"#elementor-action%3Aaction%3Dlightbox%26settings%3DeyJpZCI6NzI0MCwidXJsIjoiaHR0cHM6XC9cL2luZHVvLmVzXC93cC1jb250ZW50XC91cGxvYWRzXC8yMDIyXC8wM1wvQVJNQVJJTy1HQVJJLUFMVEEuanBnIn0%3D\">\n\t\t\t\t\t\t\t<img decoding=\"async\" width=\"1920\" height=\"1158\" src=\"https:\/\/induo.es\/wp-content\/uploads\/2022\/03\/ARMARIO-GARI-ALTA.jpg\" class=\"attachment-full size-full\" alt=\"\" loading=\"lazy\" srcset=\"https:\/\/induo.es\/wp-content\/uploads\/2022\/03\/ARMARIO-GARI-ALTA.jpg 1920w, https:\/\/induo.es\/wp-content\/uploads\/2022\/03\/ARMARIO-GARI-ALTA-300x181.jpg 300w, https:\/\/induo.es\/wp-content\/uploads\/2022\/03\/ARMARIO-GARI-ALTA-1024x618.jpg 1024w, https:\/\/induo.es\/wp-content\/uploads\/2022\/03\/ARMARIO-GARI-ALTA-768x463.jpg 768w, https:\/\/induo.es\/wp-content\/uploads\/2022\/03\/ARMARIO-GARI-ALTA-1536x926.jpg 1536w\" sizes=\"(max-width: 1920px) 100vw, 1920px\" \/>\t\t\t\t\t\t\t\t<\/a>\n\t\t\t\t\t\t\t\t\t\t\t\t\t\t\t<\/div>\n\t\t\t\t<\/div>\n\t\t\t\t\t<\/div>\n\t\t<\/div>\n\t\t\t\t\t\t\t<\/div>\n\t\t<\/section>\n\t\t\t\t<section class=\"elementor-section elementor-top-section elementor-element elementor-element-7009684d elementor-section-boxed elementor-section-height-default elementor-section-height-default\" data-id=\"7009684d\" data-element_type=\"section\">\n\t\t\t\t\t\t<div class=\"elementor-container elementor-column-gap-default\">\n\t\t\t\t\t<div class=\"elementor-column elementor-col-100 elementor-top-column elementor-element elementor-element-6659ca4c\" data-id=\"6659ca4c\" data-element_type=\"column\">\n\t\t\t<div class=\"elementor-widget-wrap elementor-element-populated\">\n\t\t\t\t\t\t\t\t<div class=\"elementor-element elementor-element-14a78355 menu-proyectos menu-proyectos-footer elementor-widget__width-initial elementor-widget elementor-widget-post-navigation\" data-id=\"14a78355\" data-element_type=\"widget\" data-widget_type=\"post-navigation.default\">\n\t\t\t\t<div class=\"elementor-widget-container\">\n\t\t\t\t\t<div class=\"elementor-post-navigation\">\n\t\t\t<div class=\"elementor-post-navigation__prev elementor-post-navigation__link\">\n\t\t\t\t<a href=\"https:\/\/induo.es\/fr\/produits\/armoires-sur-mesure\/portes-coulissantes-suspendues\/iker\/\" rel=\"prev\"><span class=\"post-navigation__arrow-wrapper post-navigation__arrow-prev\"><i class=\"fa fa-angle-left\" aria-hidden=\"true\"><\/i><span class=\"elementor-screen-only\">Pr\u00e9c\u00e9dent<\/span><\/span><span class=\"elementor-post-navigation__link__prev\"><\/span><\/a>\t\t\t<\/div>\n\t\t\t<span class=\"post-navigation-ayuda\">Men\u00fa<\/span>\n\t\t\t\t\t\t<div class=\"elementor-post-navigation__next elementor-post-navigation__link\">\n\t\t\t\t<a href=\"https:\/\/induo.es\/fr\/produits\/armoires-sur-mesure\/portes-coulissantes-suspendues\/paul\/\" rel=\"next\"><span class=\"elementor-post-navigation__link__next\"><\/span><span class=\"post-navigation__arrow-wrapper post-navigation__arrow-next\"><i class=\"fa fa-angle-right\" aria-hidden=\"true\"><\/i><span class=\"elementor-screen-only\">Suivant<\/span><\/span><\/a>\t\t\t<\/div>\n\t\t<\/div>\n\t\t\t\t<\/div>\n\t\t\t\t<\/div>\n\t\t\t\t\t<\/div>\n\t\t<\/div>\n\t\t\t\t\t\t\t<\/div>\n\t\t<\/section>\n\t\t\t\t\t\t<\/div>\n\t\t\t\t\t<\/div>\n\t\t","protected":false},"excerpt":{"rendered":"<p>Gari COULISSANTES SUSPENDUES DATOS T\u00c9CNICOS Ficha T\u00e9cnica Les portes coulissantes suspendues cr\u00e9ent plus de l\u00e9g\u00e8ret\u00e9 visuelle. Cette armoire \u00e0 portes coulissantes suspendues combine aux extr\u00e9mit\u00e9s, des portes lisses laqu\u00e9es mates accompagn\u00e9es d\u2019une frange en feuille vernie d\u2019\u00e9b\u00e8ne sans cadre ni poign\u00e9e, avec des portes centrales en verre lacobel de la m\u00eame couleur avec un tout [&hellip;]<\/p>\n","protected":false},"author":2,"featured_media":0,"parent":9452,"menu_order":29,"comment_status":"closed","ping_status":"closed","template":"","meta":[],"tipos_productos":[228],"acf":[],"yoast_head":"<!-- This site is optimized with the Yoast SEO plugin v20.0 - https:\/\/yoast.com\/wordpress\/plugins\/seo\/ -->\n<title>Gari - Coulissantes suspendues - Induo<\/title>\n<meta name=\"description\" content=\"Les portes coulissantes suspendues cr\u00e9ent plus de l\u00e9g\u00e8ret\u00e9 visuelle. Combine aux extr\u00e9mit\u00e9s, des portes lisses laqu\u00e9es.\" \/>\n<meta name=\"robots\" content=\"index, follow, max-snippet:-1, max-image-preview:large, max-video-preview:-1\" \/>\n<link rel=\"canonical\" href=\"https:\/\/induo.es\/fr\/produits\/armoires-sur-mesure\/portes-coulissantes-suspendues\/gari\/\" \/>\n<meta property=\"og:locale\" content=\"fr_FR\" \/>\n<meta property=\"og:type\" content=\"article\" \/>\n<meta property=\"og:title\" content=\"Gari - Coulissantes suspendues - Induo\" \/>\n<meta property=\"og:description\" content=\"Les portes coulissantes suspendues cr\u00e9ent plus de l\u00e9g\u00e8ret\u00e9 visuelle. Combine aux extr\u00e9mit\u00e9s, des portes lisses laqu\u00e9es.\" \/>\n<meta property=\"og:url\" content=\"https:\/\/induo.es\/fr\/produits\/armoires-sur-mesure\/portes-coulissantes-suspendues\/gari\/\" \/>\n<meta property=\"og:site_name\" content=\"Induo\" \/>\n<meta property=\"article:modified_time\" content=\"2023-11-28T15:15:40+00:00\" \/>\n<meta property=\"og:image\" content=\"https:\/\/induo.es\/wp-content\/uploads\/2022\/03\/ARMARIO-GARI-ALTA.jpg\" \/>\n<meta name=\"twitter:card\" content=\"summary_large_image\" \/>\n<meta name=\"twitter:label1\" content=\"Dur\u00e9e de lecture estim\u00e9e\" \/>\n\t<meta name=\"twitter:data1\" content=\"1 minute\" \/>\n<script type=\"application\/ld+json\" class=\"yoast-schema-graph\">{\"@context\":\"https:\/\/schema.org\",\"@graph\":[{\"@type\":\"WebPage\",\"@id\":\"https:\/\/induo.es\/fr\/produits\/armoires-sur-mesure\/portes-coulissantes-suspendues\/gari\/\",\"url\":\"https:\/\/induo.es\/fr\/produits\/armoires-sur-mesure\/portes-coulissantes-suspendues\/gari\/\",\"name\":\"Gari - Coulissantes suspendues - Induo\",\"isPartOf\":{\"@id\":\"https:\/\/induo.es\/fr\/#website\"},\"datePublished\":\"2022-03-03T11:49:34+00:00\",\"dateModified\":\"2023-11-28T15:15:40+00:00\",\"description\":\"Les portes coulissantes suspendues cr\u00e9ent plus de l\u00e9g\u00e8ret\u00e9 visuelle. Combine aux extr\u00e9mit\u00e9s, des portes lisses laqu\u00e9es.\",\"breadcrumb\":{\"@id\":\"https:\/\/induo.es\/fr\/produits\/armoires-sur-mesure\/portes-coulissantes-suspendues\/gari\/#breadcrumb\"},\"inLanguage\":\"fr-FR\",\"potentialAction\":[{\"@type\":\"ReadAction\",\"target\":[\"https:\/\/induo.es\/fr\/produits\/armoires-sur-mesure\/portes-coulissantes-suspendues\/gari\/\"]}]},{\"@type\":\"BreadcrumbList\",\"@id\":\"https:\/\/induo.es\/fr\/produits\/armoires-sur-mesure\/portes-coulissantes-suspendues\/gari\/#breadcrumb\",\"itemListElement\":[{\"@type\":\"ListItem\",\"position\":1,\"name\":\"Portada\",\"item\":\"https:\/\/induo.es\/fr\/home\/\"},{\"@type\":\"ListItem\",\"position\":2,\"name\":\"Produits\",\"item\":\"https:\/\/induo.es\/fr\/produits\/\"},{\"@type\":\"ListItem\",\"position\":3,\"name\":\"ARMOIRES SUR MESURE\",\"item\":\"https:\/\/induo.es\/fr\/productos\/armarios-a-medida\/\"},{\"@type\":\"ListItem\",\"position\":4,\"name\":\"Portes coulissantes\",\"item\":\"https:\/\/induo.es\/fr\/produktoak\/neurrira-egindako-armairuak\/ate-lerragarriak\/\"},{\"@type\":\"ListItem\",\"position\":5,\"name\":\"Gari\"}]},{\"@type\":\"WebSite\",\"@id\":\"https:\/\/induo.es\/fr\/#website\",\"url\":\"https:\/\/induo.es\/fr\/\",\"name\":\"Induo\",\"description\":\"Armarios y Cocinas\",\"publisher\":{\"@id\":\"https:\/\/induo.es\/fr\/#organization\"},\"potentialAction\":[{\"@type\":\"SearchAction\",\"target\":{\"@type\":\"EntryPoint\",\"urlTemplate\":\"https:\/\/induo.es\/fr\/?s={search_term_string}\"},\"query-input\":\"required name=search_term_string\"}],\"inLanguage\":\"fr-FR\"},{\"@type\":\"Organization\",\"@id\":\"https:\/\/induo.es\/fr\/#organization\",\"name\":\"Induo\",\"url\":\"https:\/\/induo.es\/fr\/\",\"logo\":{\"@type\":\"ImageObject\",\"inLanguage\":\"fr-FR\",\"@id\":\"https:\/\/induo.es\/fr\/#\/schema\/logo\/image\/\",\"url\":\"https:\/\/induo.es\/wp-content\/uploads\/2022\/03\/cropped-logo-1.png\",\"contentUrl\":\"https:\/\/induo.es\/wp-content\/uploads\/2022\/03\/cropped-logo-1.png\",\"width\":150,\"height\":42,\"caption\":\"Induo\"},\"image\":{\"@id\":\"https:\/\/induo.es\/fr\/#\/schema\/logo\/image\/\"}}]}<\/script>\n<!-- \/ Yoast SEO plugin. -->","yoast_head_json":{"title":"Gari - Coulissantes suspendues - Induo","description":"Les portes coulissantes suspendues cr\u00e9ent plus de l\u00e9g\u00e8ret\u00e9 visuelle. Combine aux extr\u00e9mit\u00e9s, des portes lisses laqu\u00e9es.","robots":{"index":"index","follow":"follow","max-snippet":"max-snippet:-1","max-image-preview":"max-image-preview:large","max-video-preview":"max-video-preview:-1"},"canonical":"https:\/\/induo.es\/fr\/produits\/armoires-sur-mesure\/portes-coulissantes-suspendues\/gari\/","og_locale":"fr_FR","og_type":"article","og_title":"Gari - Coulissantes suspendues - Induo","og_description":"Les portes coulissantes suspendues cr\u00e9ent plus de l\u00e9g\u00e8ret\u00e9 visuelle. Combine aux extr\u00e9mit\u00e9s, des portes lisses laqu\u00e9es.","og_url":"https:\/\/induo.es\/fr\/produits\/armoires-sur-mesure\/portes-coulissantes-suspendues\/gari\/","og_site_name":"Induo","article_modified_time":"2023-11-28T15:15:40+00:00","og_image":[{"url":"https:\/\/induo.es\/wp-content\/uploads\/2022\/03\/ARMARIO-GARI-ALTA.jpg"}],"twitter_card":"summary_large_image","twitter_misc":{"Dur\u00e9e de lecture estim\u00e9e":"1 minute"},"schema":{"@context":"https:\/\/schema.org","@graph":[{"@type":"WebPage","@id":"https:\/\/induo.es\/fr\/produits\/armoires-sur-mesure\/portes-coulissantes-suspendues\/gari\/","url":"https:\/\/induo.es\/fr\/produits\/armoires-sur-mesure\/portes-coulissantes-suspendues\/gari\/","name":"Gari - Coulissantes suspendues - Induo","isPartOf":{"@id":"https:\/\/induo.es\/fr\/#website"},"datePublished":"2022-03-03T11:49:34+00:00","dateModified":"2023-11-28T15:15:40+00:00","description":"Les portes coulissantes suspendues cr\u00e9ent plus de l\u00e9g\u00e8ret\u00e9 visuelle. Combine aux extr\u00e9mit\u00e9s, des portes lisses laqu\u00e9es.","breadcrumb":{"@id":"https:\/\/induo.es\/fr\/produits\/armoires-sur-mesure\/portes-coulissantes-suspendues\/gari\/#breadcrumb"},"inLanguage":"fr-FR","potentialAction":[{"@type":"ReadAction","target":["https:\/\/induo.es\/fr\/produits\/armoires-sur-mesure\/portes-coulissantes-suspendues\/gari\/"]}]},{"@type":"BreadcrumbList","@id":"https:\/\/induo.es\/fr\/produits\/armoires-sur-mesure\/portes-coulissantes-suspendues\/gari\/#breadcrumb","itemListElement":[{"@type":"ListItem","position":1,"name":"Portada","item":"https:\/\/induo.es\/fr\/home\/"},{"@type":"ListItem","position":2,"name":"Produits","item":"https:\/\/induo.es\/fr\/produits\/"},{"@type":"ListItem","position":3,"name":"ARMOIRES SUR MESURE","item":"https:\/\/induo.es\/fr\/productos\/armarios-a-medida\/"},{"@type":"ListItem","position":4,"name":"Portes coulissantes","item":"https:\/\/induo.es\/fr\/produktoak\/neurrira-egindako-armairuak\/ate-lerragarriak\/"},{"@type":"ListItem","position":5,"name":"Gari"}]},{"@type":"WebSite","@id":"https:\/\/induo.es\/fr\/#website","url":"https:\/\/induo.es\/fr\/","name":"Induo","description":"Armarios y Cocinas","publisher":{"@id":"https:\/\/induo.es\/fr\/#organization"},"potentialAction":[{"@type":"SearchAction","target":{"@type":"EntryPoint","urlTemplate":"https:\/\/induo.es\/fr\/?s={search_term_string}"},"query-input":"required name=search_term_string"}],"inLanguage":"fr-FR"},{"@type":"Organization","@id":"https:\/\/induo.es\/fr\/#organization","name":"Induo","url":"https:\/\/induo.es\/fr\/","logo":{"@type":"ImageObject","inLanguage":"fr-FR","@id":"https:\/\/induo.es\/fr\/#\/schema\/logo\/image\/","url":"https:\/\/induo.es\/wp-content\/uploads\/2022\/03\/cropped-logo-1.png","contentUrl":"https:\/\/induo.es\/wp-content\/uploads\/2022\/03\/cropped-logo-1.png","width":150,"height":42,"caption":"Induo"},"image":{"@id":"https:\/\/induo.es\/fr\/#\/schema\/logo\/image\/"}}]}},"_links":{"self":[{"href":"https:\/\/induo.es\/fr\/wp-json\/wp\/v2\/pages\/9484"}],"collection":[{"href":"https:\/\/induo.es\/fr\/wp-json\/wp\/v2\/pages"}],"about":[{"href":"https:\/\/induo.es\/fr\/wp-json\/wp\/v2\/types\/page"}],"author":[{"embeddable":true,"href":"https:\/\/induo.es\/fr\/wp-json\/wp\/v2\/users\/2"}],"replies":[{"embeddable":true,"href":"https:\/\/induo.es\/fr\/wp-json\/wp\/v2\/comments?post=9484"}],"version-history":[{"count":7,"href":"https:\/\/induo.es\/fr\/wp-json\/wp\/v2\/pages\/9484\/revisions"}],"predecessor-version":[{"id":11261,"href":"https:\/\/induo.es\/fr\/wp-json\/wp\/v2\/pages\/9484\/revisions\/11261"}],"up":[{"embeddable":true,"href":"https:\/\/induo.es\/fr\/wp-json\/wp\/v2\/pages\/9452"}],"wp:attachment":[{"href":"https:\/\/induo.es\/fr\/wp-json\/wp\/v2\/media?parent=9484"}],"wp:term":[{"taxonomy":"tipos_productos","embeddable":true,"href":"https:\/\/induo.es\/fr\/wp-json\/wp\/v2\/tipos_productos?post=9484"}],"curies":[{"name":"wp","href":"https:\/\/api.w.org\/{rel}","templated":true}]}}