{"id":9472,"date":"2022-03-03T11:38:39","date_gmt":"2022-03-03T11:38:39","guid":{"rendered":"https:\/\/induo.es\/produits\/armoires-sur-mesure\/portes-coulissantes\/maddi\/"},"modified":"2023-11-28T15:14:39","modified_gmt":"2023-11-28T15:14:39","slug":"maddi","status":"publish","type":"page","link":"https:\/\/induo.es\/fr\/produits\/armoires-sur-mesure\/portes-coulissantes\/maddi\/","title":{"rendered":"Maddi"},"content":{"rendered":"\t\t<div data-elementor-type=\"wp-page\" data-elementor-id=\"9472\" class=\"elementor elementor-9472 elementor-543\" data-elementor-settings=\"[]\">\n\t\t\t\t\t\t\t<div class=\"elementor-section-wrap\">\n\t\t\t\t\t\t\t<section class=\"elementor-section elementor-top-section elementor-element elementor-element-eb0193c elementor-section-full_width elementor-section-height-default elementor-section-height-default\" data-id=\"eb0193c\" data-element_type=\"section\">\n\t\t\t\t\t\t<div class=\"elementor-container elementor-column-gap-default\">\n\t\t\t\t\t<div class=\"elementor-column elementor-col-50 elementor-top-column elementor-element elementor-element-63a6184\" data-id=\"63a6184\" data-element_type=\"column\">\n\t\t\t<div class=\"elementor-widget-wrap elementor-element-populated\">\n\t\t\t\t\t\t\t\t<div class=\"elementor-element elementor-element-d996baa migas-de-pan elementor-widget elementor-widget-breadcrumbs\" data-id=\"d996baa\" data-element_type=\"widget\" data-widget_type=\"breadcrumbs.default\">\n\t\t\t\t<div class=\"elementor-widget-container\">\n\t\t\t<link rel=\"stylesheet\" href=\"https:\/\/induo.es\/wp-content\/plugins\/elementor-pro\/assets\/css\/widget-theme-elements.min.css\"><p id=\"breadcrumbs\"><span><span><a href=\"https:\/\/induo.es\/fr\/home\/\">Portada<\/a><\/span><\/span><\/p>\t\t<\/div>\n\t\t\t\t<\/div>\n\t\t\t\t\t<\/div>\n\t\t<\/div>\n\t\t\t\t<div class=\"elementor-column elementor-col-50 elementor-top-column elementor-element elementor-element-fef0e28\" data-id=\"fef0e28\" data-element_type=\"column\">\n\t\t\t<div class=\"elementor-widget-wrap elementor-element-populated\">\n\t\t\t\t\t\t\t\t<div class=\"elementor-element elementor-element-2152d60 menu-proyectos menu-productos elementor-widget elementor-widget-post-navigation\" data-id=\"2152d60\" data-element_type=\"widget\" data-widget_type=\"post-navigation.default\">\n\t\t\t\t<div class=\"elementor-widget-container\">\n\t\t\t\t\t<div class=\"elementor-post-navigation\">\n\t\t\t<div class=\"elementor-post-navigation__prev elementor-post-navigation__link\">\n\t\t\t\t<a href=\"https:\/\/induo.es\/fr\/produits\/armoires-sur-mesure\/portes-coulissantes\/noemi\/\" rel=\"prev\"><span class=\"post-navigation__arrow-wrapper post-navigation__arrow-prev\"><i class=\"fa fa-angle-left\" aria-hidden=\"true\"><\/i><span class=\"elementor-screen-only\">Pr\u00e9c\u00e9dent<\/span><\/span><span class=\"elementor-post-navigation__link__prev\"><\/span><\/a>\t\t\t<\/div>\n\t\t\t<span class=\"post-navigation-ayuda\">Men\u00fa<\/span>\n\t\t\t\t\t\t<div class=\"elementor-post-navigation__next elementor-post-navigation__link\">\n\t\t\t\t<a href=\"https:\/\/induo.es\/fr\/produits\/armoires-sur-mesure\/portes-coulissantes\/edurne\/\" rel=\"next\"><span class=\"elementor-post-navigation__link__next\"><\/span><span class=\"post-navigation__arrow-wrapper post-navigation__arrow-next\"><i class=\"fa fa-angle-right\" aria-hidden=\"true\"><\/i><span class=\"elementor-screen-only\">Suivant<\/span><\/span><\/a>\t\t\t<\/div>\n\t\t<\/div>\n\t\t\t\t<\/div>\n\t\t\t\t<\/div>\n\t\t\t\t\t<\/div>\n\t\t<\/div>\n\t\t\t\t\t\t\t<\/div>\n\t\t<\/section>\n\t\t\t\t<section class=\"elementor-section elementor-top-section elementor-element elementor-element-267c7f1e elementor-section-full_width portadafullwidth elementor-section-height-default elementor-section-height-default\" data-id=\"267c7f1e\" data-element_type=\"section\">\n\t\t\t\t\t\t<div class=\"elementor-container elementor-column-gap-default\">\n\t\t\t\t\t<div class=\"elementor-column elementor-col-100 elementor-top-column elementor-element elementor-element-27845c9\" data-id=\"27845c9\" data-element_type=\"column\">\n\t\t\t<div class=\"elementor-widget-wrap elementor-element-populated\">\n\t\t\t\t\t\t\t\t<div class=\"elementor-element elementor-element-6af949a5 elementor-widget elementor-widget-image\" data-id=\"6af949a5\" data-element_type=\"widget\" data-widget_type=\"image.default\">\n\t\t\t\t<div class=\"elementor-widget-container\">\n\t\t\t<style>\/*! elementor - v3.5.6 - 28-02-2022 *\/\n.elementor-widget-image{text-align:center}.elementor-widget-image a{display:inline-block}.elementor-widget-image a img[src$=\".svg\"]{width:48px}.elementor-widget-image img{vertical-align:middle;display:inline-block}<\/style>\t\t\t\t\t\t\t\t\t\t\t\t\t<a href=\"https:\/\/induo.es\/wp-content\/uploads\/2022\/03\/maddie_00.jpg\" data-elementor-open-lightbox=\"yes\" data-elementor-lightbox-title=\"maddie_00\" e-action-hash=\"#elementor-action%3Aaction%3Dlightbox%26settings%3DeyJpZCI6NzIxOCwidXJsIjoiaHR0cHM6XC9cL2luZHVvLmVzXC93cC1jb250ZW50XC91cGxvYWRzXC8yMDIyXC8wM1wvbWFkZGllXzAwLmpwZyJ9\">\n\t\t\t\t\t\t\t<img decoding=\"async\" width=\"1920\" height=\"1408\" src=\"https:\/\/induo.es\/wp-content\/uploads\/2022\/03\/maddie_00.jpg\" class=\"attachment-full size-full\" alt=\"\" loading=\"lazy\" srcset=\"https:\/\/induo.es\/wp-content\/uploads\/2022\/03\/maddie_00.jpg 1920w, https:\/\/induo.es\/wp-content\/uploads\/2022\/03\/maddie_00-300x220.jpg 300w, https:\/\/induo.es\/wp-content\/uploads\/2022\/03\/maddie_00-1024x751.jpg 1024w, https:\/\/induo.es\/wp-content\/uploads\/2022\/03\/maddie_00-768x563.jpg 768w, https:\/\/induo.es\/wp-content\/uploads\/2022\/03\/maddie_00-1536x1126.jpg 1536w\" sizes=\"(max-width: 1920px) 100vw, 1920px\" \/>\t\t\t\t\t\t\t\t<\/a>\n\t\t\t\t\t\t\t\t\t\t\t\t\t\t\t<\/div>\n\t\t\t\t<\/div>\n\t\t\t\t\t<\/div>\n\t\t<\/div>\n\t\t\t\t\t\t\t<\/div>\n\t\t<\/section>\n\t\t\t\t<section class=\"elementor-section elementor-top-section elementor-element elementor-element-7bb3ed56 elementor-section-boxed elementor-section-height-default elementor-section-height-default\" data-id=\"7bb3ed56\" data-element_type=\"section\">\n\t\t\t\t\t\t<div class=\"elementor-container elementor-column-gap-default\">\n\t\t\t\t\t<div class=\"elementor-column elementor-col-50 elementor-top-column elementor-element elementor-element-20b4645f\" data-id=\"20b4645f\" data-element_type=\"column\">\n\t\t\t<div class=\"elementor-widget-wrap elementor-element-populated\">\n\t\t\t\t\t\t\t\t<div class=\"elementor-element elementor-element-3cd60cb8 elementor-widget elementor-widget-heading\" data-id=\"3cd60cb8\" data-element_type=\"widget\" data-widget_type=\"heading.default\">\n\t\t\t\t<div class=\"elementor-widget-container\">\n\t\t\t<style>\/*! elementor - v3.5.6 - 28-02-2022 *\/\n.elementor-heading-title{padding:0;margin:0;line-height:1}.elementor-widget-heading .elementor-heading-title[class*=elementor-size-]>a{color:inherit;font-size:inherit;line-height:inherit}.elementor-widget-heading .elementor-heading-title.elementor-size-small{font-size:15px}.elementor-widget-heading .elementor-heading-title.elementor-size-medium{font-size:19px}.elementor-widget-heading .elementor-heading-title.elementor-size-large{font-size:29px}.elementor-widget-heading .elementor-heading-title.elementor-size-xl{font-size:39px}.elementor-widget-heading .elementor-heading-title.elementor-size-xxl{font-size:59px}<\/style><h1 class=\"elementor-heading-title elementor-size-default\">Maddi<\/h1>\t\t<\/div>\n\t\t\t\t<\/div>\n\t\t\t\t<div class=\"elementor-element elementor-element-4bbdfaf9 elementor-widget elementor-widget-text-editor\" data-id=\"4bbdfaf9\" data-element_type=\"widget\" data-widget_type=\"text-editor.default\">\n\t\t\t\t<div class=\"elementor-widget-container\">\n\t\t\t<style>\/*! elementor - v3.5.6 - 28-02-2022 *\/\n.elementor-widget-text-editor.elementor-drop-cap-view-stacked .elementor-drop-cap{background-color:#818a91;color:#fff}.elementor-widget-text-editor.elementor-drop-cap-view-framed .elementor-drop-cap{color:#818a91;border:3px solid;background-color:transparent}.elementor-widget-text-editor:not(.elementor-drop-cap-view-default) .elementor-drop-cap{margin-top:8px}.elementor-widget-text-editor:not(.elementor-drop-cap-view-default) .elementor-drop-cap-letter{width:1em;height:1em}.elementor-widget-text-editor .elementor-drop-cap{float:left;text-align:center;line-height:1;font-size:50px}.elementor-widget-text-editor .elementor-drop-cap-letter{display:inline-block}<\/style>\t\t\t\t<p>Portes coulissantes<\/p>\n\t\t\t\t\t\t<\/div>\n\t\t\t\t<\/div>\n\t\t\t\t\t<\/div>\n\t\t<\/div>\n\t\t\t\t<div class=\"elementor-column elementor-col-50 elementor-top-column elementor-element elementor-element-58ee5ce2\" data-id=\"58ee5ce2\" data-element_type=\"column\">\n\t\t\t<div class=\"elementor-widget-wrap\">\n\t\t\t\t\t\t\t\t\t<\/div>\n\t\t<\/div>\n\t\t\t\t\t\t\t<\/div>\n\t\t<\/section>\n\t\t\t\t<section class=\"elementor-section elementor-top-section elementor-element elementor-element-174bcf4b elementor-section-boxed elementor-section-height-default elementor-section-height-default\" data-id=\"174bcf4b\" data-element_type=\"section\">\n\t\t\t\t\t\t<div class=\"elementor-container elementor-column-gap-default\">\n\t\t\t\t\t<div class=\"elementor-column elementor-col-50 elementor-top-column elementor-element elementor-element-54833d6b\" data-id=\"54833d6b\" data-element_type=\"column\">\n\t\t\t<div class=\"elementor-widget-wrap elementor-element-populated\">\n\t\t\t\t\t\t\t\t<div class=\"elementor-element elementor-element-e21351c elementor-align-left boton-ficha elementor-widget elementor-widget-global elementor-global-11005 elementor-widget-button\" data-id=\"e21351c\" data-element_type=\"widget\" data-widget_type=\"button.default\">\n\t\t\t\t<div class=\"elementor-widget-container\">\n\t\t\t\t\t<div class=\"elementor-button-wrapper\">\n\t\t\t<a href=\"https:\/\/induo.es\/wp-content\/uploads\/2023\/11\/FichaTecnicaGeneral-2023.pdf\" target=\"_blank\" class=\"elementor-button-link elementor-button elementor-size-sm\" role=\"button\">\n\t\t\t\t\t\t<span class=\"elementor-button-content-wrapper\">\n\t\t\t\t\t\t<span class=\"elementor-button-icon elementor-align-icon-left\">\n\t\t\t\t<svg xmlns=\"http:\/\/www.w3.org\/2000\/svg\" width=\"14\" height=\"17\" viewBox=\"0 0 14 17\"><path id=\"Trazado_4278\" data-name=\"Trazado 4278\" d=\"M16.59,9H15V4a1,1,0,0,0-1-1H10A1,1,0,0,0,9,4V9H7.41a1,1,0,0,0-.71,1.71l4.59,4.59a1,1,0,0,0,1.41,0l4.59-4.59A1,1,0,0,0,16.59,9ZM5,19a1,1,0,0,0,1,1H18a1,1,0,0,0,0-2H6A1,1,0,0,0,5,19Z\" transform=\"translate(-5 -3)\" fill=\"#e6007e\"><\/path><\/svg>\t\t\t<\/span>\n\t\t\t\t\t\t<span class=\"elementor-button-text\"><span class=\"fuerte\">DATOS T\u00c9CNICOS<\/span> <BR>Ficha T\u00e9cnica<\/span>\n\t\t<\/span>\n\t\t\t\t\t<\/a>\n\t\t<\/div>\n\t\t\t\t<\/div>\n\t\t\t\t<\/div>\n\t\t\t\t\t<\/div>\n\t\t<\/div>\n\t\t\t\t<div class=\"elementor-column elementor-col-50 elementor-top-column elementor-element elementor-element-2420e15c\" data-id=\"2420e15c\" data-element_type=\"column\">\n\t\t\t<div class=\"elementor-widget-wrap elementor-element-populated\">\n\t\t\t\t\t\t\t\t<div class=\"elementor-element elementor-element-22bb8016 elementor-widget elementor-widget-text-editor\" data-id=\"22bb8016\" data-element_type=\"widget\" data-widget_type=\"text-editor.default\">\n\t\t\t\t<div class=\"elementor-widget-container\">\n\t\t\t\t\t\t\t<p>L\u2019utilisation de la poign\u00e9e large et de la coupe centrale de la m\u00eame largeur, lui conf\u00e8re beaucoup de force, aussi bien d\u2019une seule couleur que combin\u00e9e avec d\u2019autres mat\u00e9riaux. Un bon choix pour cr\u00e9er des environnements distingu\u00e9s et paisibles si les couleurs sont chaudes ; et des environnements plus agressifs si elle est associ\u00e9e \u00e0 des verres ou des mat\u00e9riaux fonc\u00e9s.<\/p>\n\t\t\t\t\t\t<\/div>\n\t\t\t\t<\/div>\n\t\t\t\t\t<\/div>\n\t\t<\/div>\n\t\t\t\t\t\t\t<\/div>\n\t\t<\/section>\n\t\t\t\t<section class=\"elementor-section elementor-top-section elementor-element elementor-element-227325b3 elementor-section-boxed elementor-section-height-default elementor-section-height-default\" data-id=\"227325b3\" data-element_type=\"section\">\n\t\t\t\t\t\t<div class=\"elementor-container elementor-column-gap-default\">\n\t\t\t\t\t<div class=\"elementor-column elementor-col-100 elementor-top-column elementor-element elementor-element-24e9deed\" data-id=\"24e9deed\" data-element_type=\"column\">\n\t\t\t<div class=\"elementor-widget-wrap elementor-element-populated\">\n\t\t\t\t\t\t\t\t<div class=\"elementor-element elementor-element-4e5a13a3 elementor-widget elementor-widget-image\" data-id=\"4e5a13a3\" data-element_type=\"widget\" data-widget_type=\"image.default\">\n\t\t\t\t<div class=\"elementor-widget-container\">\n\t\t\t\t\t\t\t\t\t\t\t\t\t\t\t<img decoding=\"async\" width=\"1920\" height=\"1280\" src=\"https:\/\/induo.es\/wp-content\/uploads\/2022\/03\/maddie_01.jpg\" class=\"attachment-full size-full\" alt=\"\" loading=\"lazy\" srcset=\"https:\/\/induo.es\/wp-content\/uploads\/2022\/03\/maddie_01.jpg 1920w, https:\/\/induo.es\/wp-content\/uploads\/2022\/03\/maddie_01-300x200.jpg 300w, https:\/\/induo.es\/wp-content\/uploads\/2022\/03\/maddie_01-1024x683.jpg 1024w, https:\/\/induo.es\/wp-content\/uploads\/2022\/03\/maddie_01-768x512.jpg 768w, https:\/\/induo.es\/wp-content\/uploads\/2022\/03\/maddie_01-1536x1024.jpg 1536w\" sizes=\"(max-width: 1920px) 100vw, 1920px\" \/>\t\t\t\t\t\t\t\t\t\t\t\t\t\t\t<\/div>\n\t\t\t\t<\/div>\n\t\t\t\t\t<\/div>\n\t\t<\/div>\n\t\t\t\t\t\t\t<\/div>\n\t\t<\/section>\n\t\t\t\t<section class=\"elementor-section elementor-top-section elementor-element elementor-element-51c94425 elementor-section-boxed elementor-section-height-default elementor-section-height-default\" data-id=\"51c94425\" data-element_type=\"section\">\n\t\t\t\t\t\t<div class=\"elementor-container elementor-column-gap-default\">\n\t\t\t\t\t<div class=\"elementor-column elementor-col-100 elementor-top-column elementor-element elementor-element-503544f1\" data-id=\"503544f1\" data-element_type=\"column\">\n\t\t\t<div class=\"elementor-widget-wrap elementor-element-populated\">\n\t\t\t\t\t\t\t\t<div class=\"elementor-element elementor-element-142e808b menu-proyectos menu-proyectos-footer elementor-widget__width-initial elementor-widget elementor-widget-post-navigation\" data-id=\"142e808b\" data-element_type=\"widget\" data-widget_type=\"post-navigation.default\">\n\t\t\t\t<div class=\"elementor-widget-container\">\n\t\t\t\t\t<div class=\"elementor-post-navigation\">\n\t\t\t<div class=\"elementor-post-navigation__prev elementor-post-navigation__link\">\n\t\t\t\t<a href=\"https:\/\/induo.es\/fr\/produits\/armoires-sur-mesure\/portes-coulissantes\/noemi\/\" rel=\"prev\"><span class=\"post-navigation__arrow-wrapper post-navigation__arrow-prev\"><i class=\"fa fa-angle-left\" aria-hidden=\"true\"><\/i><span class=\"elementor-screen-only\">Pr\u00e9c\u00e9dent<\/span><\/span><span class=\"elementor-post-navigation__link__prev\"><\/span><\/a>\t\t\t<\/div>\n\t\t\t<span class=\"post-navigation-ayuda\">Men\u00fa<\/span>\n\t\t\t\t\t\t<div class=\"elementor-post-navigation__next elementor-post-navigation__link\">\n\t\t\t\t<a href=\"https:\/\/induo.es\/fr\/produits\/armoires-sur-mesure\/portes-coulissantes\/edurne\/\" rel=\"next\"><span class=\"elementor-post-navigation__link__next\"><\/span><span class=\"post-navigation__arrow-wrapper post-navigation__arrow-next\"><i class=\"fa fa-angle-right\" aria-hidden=\"true\"><\/i><span class=\"elementor-screen-only\">Suivant<\/span><\/span><\/a>\t\t\t<\/div>\n\t\t<\/div>\n\t\t\t\t<\/div>\n\t\t\t\t<\/div>\n\t\t\t\t\t<\/div>\n\t\t<\/div>\n\t\t\t\t\t\t\t<\/div>\n\t\t<\/section>\n\t\t\t\t<section class=\"elementor-section elementor-top-section elementor-element elementor-element-39ffb6d9 elementor-section-full_width portadafullwidth elementor-section-height-default elementor-section-height-default\" data-id=\"39ffb6d9\" data-element_type=\"section\">\n\t\t\t\t\t\t<div class=\"elementor-container elementor-column-gap-default\">\n\t\t\t\t\t<div class=\"elementor-column elementor-col-100 elementor-top-column elementor-element elementor-element-15eb08e1\" data-id=\"15eb08e1\" data-element_type=\"column\">\n\t\t\t<div class=\"elementor-widget-wrap elementor-element-populated\">\n\t\t\t\t\t\t\t\t<div class=\"elementor-element elementor-element-2203104a elementor-widget elementor-widget-image\" data-id=\"2203104a\" data-element_type=\"widget\" data-widget_type=\"image.default\">\n\t\t\t\t<div class=\"elementor-widget-container\">\n\t\t\t\t\t\t\t\t\t\t\t\t\t\t\t\t<a href=\"https:\/\/induo.es\/wp-content\/uploads\/2022\/05\/hendaya.jpg\" data-elementor-open-lightbox=\"yes\" data-elementor-lightbox-title=\"hendaya\" e-action-hash=\"#elementor-action%3Aaction%3Dlightbox%26settings%3DeyJpZCI6ODY5MiwidXJsIjoiaHR0cHM6XC9cL2luZHVvLmVzXC93cC1jb250ZW50XC91cGxvYWRzXC8yMDIyXC8wNVwvaGVuZGF5YS5qcGcifQ%3D%3D\">\n\t\t\t\t\t\t\t<img decoding=\"async\" width=\"1920\" height=\"1101\" src=\"https:\/\/induo.es\/wp-content\/uploads\/2022\/05\/hendaya.jpg\" class=\"attachment-full size-full\" alt=\"\" loading=\"lazy\" srcset=\"https:\/\/induo.es\/wp-content\/uploads\/2022\/05\/hendaya.jpg 1920w, https:\/\/induo.es\/wp-content\/uploads\/2022\/05\/hendaya-300x172.jpg 300w, https:\/\/induo.es\/wp-content\/uploads\/2022\/05\/hendaya-1024x587.jpg 1024w, https:\/\/induo.es\/wp-content\/uploads\/2022\/05\/hendaya-768x440.jpg 768w, https:\/\/induo.es\/wp-content\/uploads\/2022\/05\/hendaya-1536x881.jpg 1536w\" sizes=\"(max-width: 1920px) 100vw, 1920px\" \/>\t\t\t\t\t\t\t\t<\/a>\n\t\t\t\t\t\t\t\t\t\t\t\t\t\t\t<\/div>\n\t\t\t\t<\/div>\n\t\t\t\t\t<\/div>\n\t\t<\/div>\n\t\t\t\t\t\t\t<\/div>\n\t\t<\/section>\n\t\t\t\t\t\t<\/div>\n\t\t\t\t\t<\/div>\n\t\t","protected":false},"excerpt":{"rendered":"<p>Maddi Portes coulissantes DATOS T\u00c9CNICOS Ficha T\u00e9cnica L\u2019utilisation de la poign\u00e9e large et de la coupe centrale de la m\u00eame largeur, lui conf\u00e8re beaucoup de force, aussi bien d\u2019une seule couleur que combin\u00e9e avec d\u2019autres mat\u00e9riaux. Un bon choix pour cr\u00e9er des environnements distingu\u00e9s et paisibles si les couleurs sont chaudes ; et des environnements [&hellip;]<\/p>\n","protected":false},"author":2,"featured_media":0,"parent":9452,"menu_order":22,"comment_status":"closed","ping_status":"closed","template":"","meta":[],"tipos_productos":[228],"acf":[],"yoast_head":"<!-- This site is optimized with the Yoast SEO plugin v20.0 - https:\/\/yoast.com\/wordpress\/plugins\/seo\/ -->\n<title>Maddi - Portes coulissantes - Induo<\/title>\n<meta name=\"description\" content=\"L\u2019utilisation de la poign\u00e9e large et de la coupe centrale de la m\u00eame largeur, lui conf\u00e8re beaucoup de force, aussi bien d\u2019une seule couleur que combin\u00e9e avec d\u2019autres mat\u00e9riaux.\" \/>\n<meta name=\"robots\" content=\"index, follow, max-snippet:-1, max-image-preview:large, max-video-preview:-1\" \/>\n<link rel=\"canonical\" href=\"https:\/\/induo.es\/fr\/produits\/armoires-sur-mesure\/portes-coulissantes\/maddi\/\" \/>\n<meta property=\"og:locale\" content=\"fr_FR\" \/>\n<meta property=\"og:type\" content=\"article\" \/>\n<meta property=\"og:title\" content=\"Maddi - Portes coulissantes - Induo\" \/>\n<meta property=\"og:description\" content=\"L\u2019utilisation de la poign\u00e9e large et de la coupe centrale de la m\u00eame largeur, lui conf\u00e8re beaucoup de force, aussi bien d\u2019une seule couleur que combin\u00e9e avec d\u2019autres mat\u00e9riaux.\" \/>\n<meta property=\"og:url\" content=\"https:\/\/induo.es\/fr\/produits\/armoires-sur-mesure\/portes-coulissantes\/maddi\/\" \/>\n<meta property=\"og:site_name\" content=\"Induo\" \/>\n<meta property=\"article:modified_time\" content=\"2023-11-28T15:14:39+00:00\" \/>\n<meta property=\"og:image\" content=\"https:\/\/induo.es\/wp-content\/uploads\/2022\/03\/maddie_00.jpg\" \/>\n<meta name=\"twitter:card\" content=\"summary_large_image\" \/>\n<meta name=\"twitter:label1\" content=\"Dur\u00e9e de lecture estim\u00e9e\" \/>\n\t<meta name=\"twitter:data1\" content=\"1 minute\" \/>\n<script type=\"application\/ld+json\" class=\"yoast-schema-graph\">{\"@context\":\"https:\/\/schema.org\",\"@graph\":[{\"@type\":\"WebPage\",\"@id\":\"https:\/\/induo.es\/fr\/produits\/armoires-sur-mesure\/portes-coulissantes\/maddi\/\",\"url\":\"https:\/\/induo.es\/fr\/produits\/armoires-sur-mesure\/portes-coulissantes\/maddi\/\",\"name\":\"Maddi - Portes coulissantes - Induo\",\"isPartOf\":{\"@id\":\"https:\/\/induo.es\/fr\/#website\"},\"datePublished\":\"2022-03-03T11:38:39+00:00\",\"dateModified\":\"2023-11-28T15:14:39+00:00\",\"description\":\"L\u2019utilisation de la poign\u00e9e large et de la coupe centrale de la m\u00eame largeur, lui conf\u00e8re beaucoup de force, aussi bien d\u2019une seule couleur que combin\u00e9e avec d\u2019autres mat\u00e9riaux.\",\"breadcrumb\":{\"@id\":\"https:\/\/induo.es\/fr\/produits\/armoires-sur-mesure\/portes-coulissantes\/maddi\/#breadcrumb\"},\"inLanguage\":\"fr-FR\",\"potentialAction\":[{\"@type\":\"ReadAction\",\"target\":[\"https:\/\/induo.es\/fr\/produits\/armoires-sur-mesure\/portes-coulissantes\/maddi\/\"]}]},{\"@type\":\"BreadcrumbList\",\"@id\":\"https:\/\/induo.es\/fr\/produits\/armoires-sur-mesure\/portes-coulissantes\/maddi\/#breadcrumb\",\"itemListElement\":[{\"@type\":\"ListItem\",\"position\":1,\"name\":\"Portada\",\"item\":\"https:\/\/induo.es\/fr\/home\/\"},{\"@type\":\"ListItem\",\"position\":2,\"name\":\"Produits\",\"item\":\"https:\/\/induo.es\/fr\/produits\/\"},{\"@type\":\"ListItem\",\"position\":3,\"name\":\"ARMOIRES SUR MESURE\",\"item\":\"https:\/\/induo.es\/fr\/productos\/armarios-a-medida\/\"},{\"@type\":\"ListItem\",\"position\":4,\"name\":\"Portes coulissantes\",\"item\":\"https:\/\/induo.es\/fr\/produktoak\/neurrira-egindako-armairuak\/ate-lerragarriak\/\"},{\"@type\":\"ListItem\",\"position\":5,\"name\":\"Maddi\"}]},{\"@type\":\"WebSite\",\"@id\":\"https:\/\/induo.es\/fr\/#website\",\"url\":\"https:\/\/induo.es\/fr\/\",\"name\":\"Induo\",\"description\":\"Armarios y Cocinas\",\"publisher\":{\"@id\":\"https:\/\/induo.es\/fr\/#organization\"},\"potentialAction\":[{\"@type\":\"SearchAction\",\"target\":{\"@type\":\"EntryPoint\",\"urlTemplate\":\"https:\/\/induo.es\/fr\/?s={search_term_string}\"},\"query-input\":\"required name=search_term_string\"}],\"inLanguage\":\"fr-FR\"},{\"@type\":\"Organization\",\"@id\":\"https:\/\/induo.es\/fr\/#organization\",\"name\":\"Induo\",\"url\":\"https:\/\/induo.es\/fr\/\",\"logo\":{\"@type\":\"ImageObject\",\"inLanguage\":\"fr-FR\",\"@id\":\"https:\/\/induo.es\/fr\/#\/schema\/logo\/image\/\",\"url\":\"https:\/\/induo.es\/wp-content\/uploads\/2022\/03\/cropped-logo-1.png\",\"contentUrl\":\"https:\/\/induo.es\/wp-content\/uploads\/2022\/03\/cropped-logo-1.png\",\"width\":150,\"height\":42,\"caption\":\"Induo\"},\"image\":{\"@id\":\"https:\/\/induo.es\/fr\/#\/schema\/logo\/image\/\"}}]}<\/script>\n<!-- \/ Yoast SEO plugin. -->","yoast_head_json":{"title":"Maddi - Portes coulissantes - Induo","description":"L\u2019utilisation de la poign\u00e9e large et de la coupe centrale de la m\u00eame largeur, lui conf\u00e8re beaucoup de force, aussi bien d\u2019une seule couleur que combin\u00e9e avec d\u2019autres mat\u00e9riaux.","robots":{"index":"index","follow":"follow","max-snippet":"max-snippet:-1","max-image-preview":"max-image-preview:large","max-video-preview":"max-video-preview:-1"},"canonical":"https:\/\/induo.es\/fr\/produits\/armoires-sur-mesure\/portes-coulissantes\/maddi\/","og_locale":"fr_FR","og_type":"article","og_title":"Maddi - Portes coulissantes - Induo","og_description":"L\u2019utilisation de la poign\u00e9e large et de la coupe centrale de la m\u00eame largeur, lui conf\u00e8re beaucoup de force, aussi bien d\u2019une seule couleur que combin\u00e9e avec d\u2019autres mat\u00e9riaux.","og_url":"https:\/\/induo.es\/fr\/produits\/armoires-sur-mesure\/portes-coulissantes\/maddi\/","og_site_name":"Induo","article_modified_time":"2023-11-28T15:14:39+00:00","og_image":[{"url":"https:\/\/induo.es\/wp-content\/uploads\/2022\/03\/maddie_00.jpg"}],"twitter_card":"summary_large_image","twitter_misc":{"Dur\u00e9e de lecture estim\u00e9e":"1 minute"},"schema":{"@context":"https:\/\/schema.org","@graph":[{"@type":"WebPage","@id":"https:\/\/induo.es\/fr\/produits\/armoires-sur-mesure\/portes-coulissantes\/maddi\/","url":"https:\/\/induo.es\/fr\/produits\/armoires-sur-mesure\/portes-coulissantes\/maddi\/","name":"Maddi - Portes coulissantes - Induo","isPartOf":{"@id":"https:\/\/induo.es\/fr\/#website"},"datePublished":"2022-03-03T11:38:39+00:00","dateModified":"2023-11-28T15:14:39+00:00","description":"L\u2019utilisation de la poign\u00e9e large et de la coupe centrale de la m\u00eame largeur, lui conf\u00e8re beaucoup de force, aussi bien d\u2019une seule couleur que combin\u00e9e avec d\u2019autres mat\u00e9riaux.","breadcrumb":{"@id":"https:\/\/induo.es\/fr\/produits\/armoires-sur-mesure\/portes-coulissantes\/maddi\/#breadcrumb"},"inLanguage":"fr-FR","potentialAction":[{"@type":"ReadAction","target":["https:\/\/induo.es\/fr\/produits\/armoires-sur-mesure\/portes-coulissantes\/maddi\/"]}]},{"@type":"BreadcrumbList","@id":"https:\/\/induo.es\/fr\/produits\/armoires-sur-mesure\/portes-coulissantes\/maddi\/#breadcrumb","itemListElement":[{"@type":"ListItem","position":1,"name":"Portada","item":"https:\/\/induo.es\/fr\/home\/"},{"@type":"ListItem","position":2,"name":"Produits","item":"https:\/\/induo.es\/fr\/produits\/"},{"@type":"ListItem","position":3,"name":"ARMOIRES SUR MESURE","item":"https:\/\/induo.es\/fr\/productos\/armarios-a-medida\/"},{"@type":"ListItem","position":4,"name":"Portes coulissantes","item":"https:\/\/induo.es\/fr\/produktoak\/neurrira-egindako-armairuak\/ate-lerragarriak\/"},{"@type":"ListItem","position":5,"name":"Maddi"}]},{"@type":"WebSite","@id":"https:\/\/induo.es\/fr\/#website","url":"https:\/\/induo.es\/fr\/","name":"Induo","description":"Armarios y Cocinas","publisher":{"@id":"https:\/\/induo.es\/fr\/#organization"},"potentialAction":[{"@type":"SearchAction","target":{"@type":"EntryPoint","urlTemplate":"https:\/\/induo.es\/fr\/?s={search_term_string}"},"query-input":"required name=search_term_string"}],"inLanguage":"fr-FR"},{"@type":"Organization","@id":"https:\/\/induo.es\/fr\/#organization","name":"Induo","url":"https:\/\/induo.es\/fr\/","logo":{"@type":"ImageObject","inLanguage":"fr-FR","@id":"https:\/\/induo.es\/fr\/#\/schema\/logo\/image\/","url":"https:\/\/induo.es\/wp-content\/uploads\/2022\/03\/cropped-logo-1.png","contentUrl":"https:\/\/induo.es\/wp-content\/uploads\/2022\/03\/cropped-logo-1.png","width":150,"height":42,"caption":"Induo"},"image":{"@id":"https:\/\/induo.es\/fr\/#\/schema\/logo\/image\/"}}]}},"_links":{"self":[{"href":"https:\/\/induo.es\/fr\/wp-json\/wp\/v2\/pages\/9472"}],"collection":[{"href":"https:\/\/induo.es\/fr\/wp-json\/wp\/v2\/pages"}],"about":[{"href":"https:\/\/induo.es\/fr\/wp-json\/wp\/v2\/types\/page"}],"author":[{"embeddable":true,"href":"https:\/\/induo.es\/fr\/wp-json\/wp\/v2\/users\/2"}],"replies":[{"embeddable":true,"href":"https:\/\/induo.es\/fr\/wp-json\/wp\/v2\/comments?post=9472"}],"version-history":[{"count":8,"href":"https:\/\/induo.es\/fr\/wp-json\/wp\/v2\/pages\/9472\/revisions"}],"predecessor-version":[{"id":11209,"href":"https:\/\/induo.es\/fr\/wp-json\/wp\/v2\/pages\/9472\/revisions\/11209"}],"up":[{"embeddable":true,"href":"https:\/\/induo.es\/fr\/wp-json\/wp\/v2\/pages\/9452"}],"wp:attachment":[{"href":"https:\/\/induo.es\/fr\/wp-json\/wp\/v2\/media?parent=9472"}],"wp:term":[{"taxonomy":"tipos_productos","embeddable":true,"href":"https:\/\/induo.es\/fr\/wp-json\/wp\/v2\/tipos_productos?post=9472"}],"curies":[{"name":"wp","href":"https:\/\/api.w.org\/{rel}","templated":true}]}}