{"id":9130,"date":"2022-03-03T11:49:55","date_gmt":"2022-03-03T11:49:55","guid":{"rendered":"https:\/\/induo.es\/produktoak\/neurrira-egindako-armairuak\/ate-lerragarriak\/larrun\/"},"modified":"2023-11-28T15:15:07","modified_gmt":"2023-11-28T15:15:07","slug":"larrun","status":"publish","type":"page","link":"https:\/\/induo.es\/eu\/produktoak\/neurrira-egindako-armairuak\/ate-lerragarri-planokideak\/larrun\/","title":{"rendered":"Larr\u00fan"},"content":{"rendered":"\t\t<div data-elementor-type=\"wp-page\" data-elementor-id=\"9130\" class=\"elementor elementor-9130 elementor-559\" data-elementor-settings=\"[]\">\n\t\t\t\t\t\t\t<div class=\"elementor-section-wrap\">\n\t\t\t\t\t\t\t<section class=\"elementor-section elementor-top-section elementor-element elementor-element-d01fd15 elementor-section-full_width elementor-section-height-default elementor-section-height-default\" data-id=\"d01fd15\" data-element_type=\"section\">\n\t\t\t\t\t\t<div class=\"elementor-container elementor-column-gap-default\">\n\t\t\t\t\t<div class=\"elementor-column elementor-col-50 elementor-top-column elementor-element elementor-element-5884d1e\" data-id=\"5884d1e\" data-element_type=\"column\">\n\t\t\t<div class=\"elementor-widget-wrap elementor-element-populated\">\n\t\t\t\t\t\t\t\t<div class=\"elementor-element elementor-element-4a42718 migas-de-pan elementor-widget elementor-widget-breadcrumbs\" data-id=\"4a42718\" data-element_type=\"widget\" data-widget_type=\"breadcrumbs.default\">\n\t\t\t\t<div class=\"elementor-widget-container\">\n\t\t\t<link rel=\"stylesheet\" href=\"https:\/\/induo.es\/wp-content\/plugins\/elementor-pro\/assets\/css\/widget-theme-elements.min.css\"><p id=\"breadcrumbs\"><span><span><a href=\"https:\/\/induo.es\/eu\/\">Portada<\/a><\/span><\/span><\/p>\t\t<\/div>\n\t\t\t\t<\/div>\n\t\t\t\t\t<\/div>\n\t\t<\/div>\n\t\t\t\t<div class=\"elementor-column elementor-col-50 elementor-top-column elementor-element elementor-element-9f6bd71\" data-id=\"9f6bd71\" data-element_type=\"column\">\n\t\t\t<div class=\"elementor-widget-wrap elementor-element-populated\">\n\t\t\t\t\t\t\t\t<div class=\"elementor-element elementor-element-bad976d menu-proyectos menu-productos elementor-widget elementor-widget-post-navigation\" data-id=\"bad976d\" data-element_type=\"widget\" data-widget_type=\"post-navigation.default\">\n\t\t\t\t<div class=\"elementor-widget-container\">\n\t\t\t\t\t<div class=\"elementor-post-navigation\">\n\t\t\t<div class=\"elementor-post-navigation__prev elementor-post-navigation__link\">\n\t\t\t\t<a href=\"https:\/\/induo.es\/eu\/produktoak\/neurrira-egindako-armairuak\/ate-lerragarri-esekiak\/paul\/\" rel=\"prev\"><span class=\"post-navigation__arrow-wrapper post-navigation__arrow-prev\"><i class=\"fa fa-angle-left\" aria-hidden=\"true\"><\/i><span class=\"elementor-screen-only\">Prev<\/span><\/span><span class=\"elementor-post-navigation__link__prev\"><\/span><\/a>\t\t\t<\/div>\n\t\t\t<span class=\"post-navigation-ayuda\">Men\u00fa<\/span>\n\t\t\t\t\t\t<div class=\"elementor-post-navigation__next elementor-post-navigation__link\">\n\t\t\t\t<a href=\"https:\/\/induo.es\/eu\/produktoak\/neurrira-egindako-armairuak\/ate-zabukariak\/sandra\/\" rel=\"next\"><span class=\"elementor-post-navigation__link__next\"><\/span><span class=\"post-navigation__arrow-wrapper post-navigation__arrow-next\"><i class=\"fa fa-angle-right\" aria-hidden=\"true\"><\/i><span class=\"elementor-screen-only\">Next<\/span><\/span><\/a>\t\t\t<\/div>\n\t\t<\/div>\n\t\t\t\t<\/div>\n\t\t\t\t<\/div>\n\t\t\t\t\t<\/div>\n\t\t<\/div>\n\t\t\t\t\t\t\t<\/div>\n\t\t<\/section>\n\t\t\t\t<section class=\"elementor-section elementor-top-section elementor-element elementor-element-4c4e6ab6 elementor-section-full_width portadafullwidth elementor-section-height-default elementor-section-height-default\" data-id=\"4c4e6ab6\" data-element_type=\"section\">\n\t\t\t\t\t\t<div class=\"elementor-container elementor-column-gap-default\">\n\t\t\t\t\t<div class=\"elementor-column elementor-col-100 elementor-top-column elementor-element elementor-element-f2ef630\" data-id=\"f2ef630\" data-element_type=\"column\">\n\t\t\t<div class=\"elementor-widget-wrap elementor-element-populated\">\n\t\t\t\t\t\t\t\t<div class=\"elementor-element elementor-element-371d13cc elementor-widget elementor-widget-image\" data-id=\"371d13cc\" data-element_type=\"widget\" data-widget_type=\"image.default\">\n\t\t\t\t<div class=\"elementor-widget-container\">\n\t\t\t<style>\/*! elementor - v3.5.6 - 28-02-2022 *\/\n.elementor-widget-image{text-align:center}.elementor-widget-image a{display:inline-block}.elementor-widget-image a img[src$=\".svg\"]{width:48px}.elementor-widget-image img{vertical-align:middle;display:inline-block}<\/style>\t\t\t\t\t\t\t\t\t\t\t\t\t<a href=\"https:\/\/induo.es\/wp-content\/uploads\/2022\/06\/larrun1.jpg\" data-elementor-open-lightbox=\"yes\" data-elementor-lightbox-title=\"larrun1\" e-action-hash=\"#elementor-action%3Aaction%3Dlightbox%26settings%3DeyJpZCI6ODc0OSwidXJsIjoiaHR0cHM6XC9cL2luZHVvLmVzXC93cC1jb250ZW50XC91cGxvYWRzXC8yMDIyXC8wNlwvbGFycnVuMS5qcGcifQ%3D%3D\">\n\t\t\t\t\t\t\t<img decoding=\"async\" width=\"1920\" height=\"1087\" src=\"https:\/\/induo.es\/wp-content\/uploads\/2022\/06\/larrun1.jpg\" class=\"attachment-full size-full\" alt=\"\" loading=\"lazy\" srcset=\"https:\/\/induo.es\/wp-content\/uploads\/2022\/06\/larrun1.jpg 1920w, https:\/\/induo.es\/wp-content\/uploads\/2022\/06\/larrun1-300x170.jpg 300w, https:\/\/induo.es\/wp-content\/uploads\/2022\/06\/larrun1-1024x580.jpg 1024w, https:\/\/induo.es\/wp-content\/uploads\/2022\/06\/larrun1-768x435.jpg 768w, https:\/\/induo.es\/wp-content\/uploads\/2022\/06\/larrun1-1536x870.jpg 1536w\" sizes=\"(max-width: 1920px) 100vw, 1920px\" \/>\t\t\t\t\t\t\t\t<\/a>\n\t\t\t\t\t\t\t\t\t\t\t\t\t\t\t<\/div>\n\t\t\t\t<\/div>\n\t\t\t\t\t<\/div>\n\t\t<\/div>\n\t\t\t\t\t\t\t<\/div>\n\t\t<\/section>\n\t\t\t\t<section class=\"elementor-section elementor-top-section elementor-element elementor-element-23bee229 elementor-section-boxed elementor-section-height-default elementor-section-height-default\" data-id=\"23bee229\" data-element_type=\"section\">\n\t\t\t\t\t\t<div class=\"elementor-container elementor-column-gap-default\">\n\t\t\t\t\t<div class=\"elementor-column elementor-col-50 elementor-top-column elementor-element elementor-element-1febc3\" data-id=\"1febc3\" data-element_type=\"column\">\n\t\t\t<div class=\"elementor-widget-wrap elementor-element-populated\">\n\t\t\t\t\t\t\t\t<div class=\"elementor-element elementor-element-43818160 elementor-widget elementor-widget-heading\" data-id=\"43818160\" data-element_type=\"widget\" data-widget_type=\"heading.default\">\n\t\t\t\t<div class=\"elementor-widget-container\">\n\t\t\t<style>\/*! elementor - v3.5.6 - 28-02-2022 *\/\n.elementor-heading-title{padding:0;margin:0;line-height:1}.elementor-widget-heading .elementor-heading-title[class*=elementor-size-]>a{color:inherit;font-size:inherit;line-height:inherit}.elementor-widget-heading .elementor-heading-title.elementor-size-small{font-size:15px}.elementor-widget-heading .elementor-heading-title.elementor-size-medium{font-size:19px}.elementor-widget-heading .elementor-heading-title.elementor-size-large{font-size:29px}.elementor-widget-heading .elementor-heading-title.elementor-size-xl{font-size:39px}.elementor-widget-heading .elementor-heading-title.elementor-size-xxl{font-size:59px}<\/style><h1 class=\"elementor-heading-title elementor-size-default\">Larr\u00fan<\/h1>\t\t<\/div>\n\t\t\t\t<\/div>\n\t\t\t\t<div class=\"elementor-element elementor-element-464c9a7 elementor-widget elementor-widget-text-editor\" data-id=\"464c9a7\" data-element_type=\"widget\" data-widget_type=\"text-editor.default\">\n\t\t\t\t<div class=\"elementor-widget-container\">\n\t\t\t<style>\/*! elementor - v3.5.6 - 28-02-2022 *\/\n.elementor-widget-text-editor.elementor-drop-cap-view-stacked .elementor-drop-cap{background-color:#818a91;color:#fff}.elementor-widget-text-editor.elementor-drop-cap-view-framed .elementor-drop-cap{color:#818a91;border:3px solid;background-color:transparent}.elementor-widget-text-editor:not(.elementor-drop-cap-view-default) .elementor-drop-cap{margin-top:8px}.elementor-widget-text-editor:not(.elementor-drop-cap-view-default) .elementor-drop-cap-letter{width:1em;height:1em}.elementor-widget-text-editor .elementor-drop-cap{float:left;text-align:center;line-height:1;font-size:50px}.elementor-widget-text-editor .elementor-drop-cap-letter{display:inline-block}<\/style>\t\t\t\t<p><span style=\"color: rgb(118, 118, 118); letter-spacing: 0.6px; text-transform: uppercase;\">ATE LERRAGARRI ESEKIAK<\/span><\/p>\n\t\t\t\t\t\t<\/div>\n\t\t\t\t<\/div>\n\t\t\t\t\t<\/div>\n\t\t<\/div>\n\t\t\t\t<div class=\"elementor-column elementor-col-50 elementor-top-column elementor-element elementor-element-61ba1904\" data-id=\"61ba1904\" data-element_type=\"column\">\n\t\t\t<div class=\"elementor-widget-wrap\">\n\t\t\t\t\t\t\t\t\t<\/div>\n\t\t<\/div>\n\t\t\t\t\t\t\t<\/div>\n\t\t<\/section>\n\t\t\t\t<section class=\"elementor-section elementor-top-section elementor-element elementor-element-4d96728c elementor-section-boxed elementor-section-height-default elementor-section-height-default\" data-id=\"4d96728c\" data-element_type=\"section\">\n\t\t\t\t\t\t<div class=\"elementor-container elementor-column-gap-default\">\n\t\t\t\t\t<div class=\"elementor-column elementor-col-50 elementor-top-column elementor-element elementor-element-5b916a7a\" data-id=\"5b916a7a\" data-element_type=\"column\">\n\t\t\t<div class=\"elementor-widget-wrap elementor-element-populated\">\n\t\t\t\t\t\t\t\t<div class=\"elementor-element elementor-element-9a51596 elementor-align-left boton-ficha elementor-widget elementor-widget-global elementor-global-11005 elementor-widget-button\" data-id=\"9a51596\" data-element_type=\"widget\" data-widget_type=\"button.default\">\n\t\t\t\t<div class=\"elementor-widget-container\">\n\t\t\t\t\t<div class=\"elementor-button-wrapper\">\n\t\t\t<a href=\"https:\/\/induo.es\/wp-content\/uploads\/2023\/11\/FichaTecnicaGeneral-2023.pdf\" target=\"_blank\" class=\"elementor-button-link elementor-button elementor-size-sm\" role=\"button\">\n\t\t\t\t\t\t<span class=\"elementor-button-content-wrapper\">\n\t\t\t\t\t\t<span class=\"elementor-button-icon elementor-align-icon-left\">\n\t\t\t\t<svg xmlns=\"http:\/\/www.w3.org\/2000\/svg\" width=\"14\" height=\"17\" viewBox=\"0 0 14 17\"><path id=\"Trazado_4278\" data-name=\"Trazado 4278\" d=\"M16.59,9H15V4a1,1,0,0,0-1-1H10A1,1,0,0,0,9,4V9H7.41a1,1,0,0,0-.71,1.71l4.59,4.59a1,1,0,0,0,1.41,0l4.59-4.59A1,1,0,0,0,16.59,9ZM5,19a1,1,0,0,0,1,1H18a1,1,0,0,0,0-2H6A1,1,0,0,0,5,19Z\" transform=\"translate(-5 -3)\" fill=\"#e6007e\"><\/path><\/svg>\t\t\t<\/span>\n\t\t\t\t\t\t<span class=\"elementor-button-text\"><span class=\"fuerte\">DATOS T\u00c9CNICOS<\/span> <BR>Ficha T\u00e9cnica<\/span>\n\t\t<\/span>\n\t\t\t\t\t<\/a>\n\t\t<\/div>\n\t\t\t\t<\/div>\n\t\t\t\t<\/div>\n\t\t\t\t\t<\/div>\n\t\t<\/div>\n\t\t\t\t<div class=\"elementor-column elementor-col-50 elementor-top-column elementor-element elementor-element-6532f073\" data-id=\"6532f073\" data-element_type=\"column\">\n\t\t\t<div class=\"elementor-widget-wrap elementor-element-populated\">\n\t\t\t\t\t\t\t\t<div class=\"elementor-element elementor-element-14c4bb6f elementor-widget elementor-widget-text-editor\" data-id=\"14c4bb6f\" data-element_type=\"widget\" data-widget_type=\"text-editor.default\">\n\t\t\t\t<div class=\"elementor-widget-container\">\n\t\t\t\t\t\t\t<p>Hormak, itxura biziagoa dauka, ateen zabalera ezberdinen jokoari eta monotonia hausten duen liburutegiari esker. Giro osoan kolore hotzen gama bera erabiltzea zurarekin konpentsatzen da, osagai natural nagusia baita eta berotasun osoz betetzen baitu konposizio guztia.<\/p>\n<p>Erdiko ateak irekitzean arropa guztiak aldi berean agerian uzten dituen jantzigela txikia sortzen da.<\/p>\n\t\t\t\t\t\t<\/div>\n\t\t\t\t<\/div>\n\t\t\t\t\t<\/div>\n\t\t<\/div>\n\t\t\t\t\t\t\t<\/div>\n\t\t<\/section>\n\t\t\t\t<section class=\"elementor-section elementor-top-section elementor-element elementor-element-409bd86d elementor-section-boxed elementor-section-height-default elementor-section-height-default\" data-id=\"409bd86d\" data-element_type=\"section\">\n\t\t\t\t\t\t<div class=\"elementor-container elementor-column-gap-default\">\n\t\t\t\t\t<div class=\"elementor-column elementor-col-100 elementor-top-column elementor-element elementor-element-2ad9178\" data-id=\"2ad9178\" data-element_type=\"column\">\n\t\t\t<div class=\"elementor-widget-wrap elementor-element-populated\">\n\t\t\t\t\t\t\t\t<div class=\"elementor-element elementor-element-1b40ce6 elementor-widget elementor-widget-image\" data-id=\"1b40ce6\" data-element_type=\"widget\" data-widget_type=\"image.default\">\n\t\t\t\t<div class=\"elementor-widget-container\">\n\t\t\t\t\t\t\t\t\t\t\t\t\t\t\t\t<a href=\"https:\/\/induo.es\/wp-content\/uploads\/2022\/06\/larrun2.jpg\" data-elementor-open-lightbox=\"yes\" data-elementor-lightbox-title=\"larrun2\" e-action-hash=\"#elementor-action%3Aaction%3Dlightbox%26settings%3DeyJpZCI6ODc1MSwidXJsIjoiaHR0cHM6XC9cL2luZHVvLmVzXC93cC1jb250ZW50XC91cGxvYWRzXC8yMDIyXC8wNlwvbGFycnVuMi5qcGcifQ%3D%3D\">\n\t\t\t\t\t\t\t<img decoding=\"async\" width=\"1920\" height=\"1087\" src=\"https:\/\/induo.es\/wp-content\/uploads\/2022\/06\/larrun2.jpg\" class=\"attachment-full size-full\" alt=\"\" loading=\"lazy\" srcset=\"https:\/\/induo.es\/wp-content\/uploads\/2022\/06\/larrun2.jpg 1920w, https:\/\/induo.es\/wp-content\/uploads\/2022\/06\/larrun2-300x170.jpg 300w, https:\/\/induo.es\/wp-content\/uploads\/2022\/06\/larrun2-1024x580.jpg 1024w, https:\/\/induo.es\/wp-content\/uploads\/2022\/06\/larrun2-768x435.jpg 768w, https:\/\/induo.es\/wp-content\/uploads\/2022\/06\/larrun2-1536x870.jpg 1536w\" sizes=\"(max-width: 1920px) 100vw, 1920px\" \/>\t\t\t\t\t\t\t\t<\/a>\n\t\t\t\t\t\t\t\t\t\t\t\t\t\t\t<\/div>\n\t\t\t\t<\/div>\n\t\t\t\t\t<\/div>\n\t\t<\/div>\n\t\t\t\t\t\t\t<\/div>\n\t\t<\/section>\n\t\t\t\t<section class=\"elementor-section elementor-top-section elementor-element elementor-element-5bc41cf9 elementor-section-boxed elementor-section-height-default elementor-section-height-default\" data-id=\"5bc41cf9\" data-element_type=\"section\">\n\t\t\t\t\t\t<div class=\"elementor-container elementor-column-gap-default\">\n\t\t\t\t\t<div class=\"elementor-column elementor-col-100 elementor-top-column elementor-element elementor-element-213c798e\" data-id=\"213c798e\" data-element_type=\"column\">\n\t\t\t<div class=\"elementor-widget-wrap elementor-element-populated\">\n\t\t\t\t\t\t\t\t<div class=\"elementor-element elementor-element-44a62811 menu-proyectos menu-proyectos-footer elementor-widget__width-initial elementor-widget elementor-widget-post-navigation\" data-id=\"44a62811\" data-element_type=\"widget\" data-widget_type=\"post-navigation.default\">\n\t\t\t\t<div class=\"elementor-widget-container\">\n\t\t\t\t\t<div class=\"elementor-post-navigation\">\n\t\t\t<div class=\"elementor-post-navigation__prev elementor-post-navigation__link\">\n\t\t\t\t<a href=\"https:\/\/induo.es\/eu\/produktoak\/neurrira-egindako-armairuak\/ate-lerragarri-esekiak\/paul\/\" rel=\"prev\"><span class=\"post-navigation__arrow-wrapper post-navigation__arrow-prev\"><i class=\"fa fa-angle-left\" aria-hidden=\"true\"><\/i><span class=\"elementor-screen-only\">Prev<\/span><\/span><span class=\"elementor-post-navigation__link__prev\"><\/span><\/a>\t\t\t<\/div>\n\t\t\t<span class=\"post-navigation-ayuda\">Men\u00fa<\/span>\n\t\t\t\t\t\t<div class=\"elementor-post-navigation__next elementor-post-navigation__link\">\n\t\t\t\t<a href=\"https:\/\/induo.es\/eu\/produktoak\/neurrira-egindako-armairuak\/ate-zabukariak\/sandra\/\" rel=\"next\"><span class=\"elementor-post-navigation__link__next\"><\/span><span class=\"post-navigation__arrow-wrapper post-navigation__arrow-next\"><i class=\"fa fa-angle-right\" aria-hidden=\"true\"><\/i><span class=\"elementor-screen-only\">Next<\/span><\/span><\/a>\t\t\t<\/div>\n\t\t<\/div>\n\t\t\t\t<\/div>\n\t\t\t\t<\/div>\n\t\t\t\t\t<\/div>\n\t\t<\/div>\n\t\t\t\t\t\t\t<\/div>\n\t\t<\/section>\n\t\t\t\t\t\t<\/div>\n\t\t\t\t\t<\/div>\n\t\t","protected":false},"excerpt":{"rendered":"<p>Larr\u00fan ATE LERRAGARRI ESEKIAK DATOS T\u00c9CNICOS Ficha T\u00e9cnica Hormak, itxura biziagoa dauka, ateen zabalera ezberdinen jokoari eta monotonia hausten duen liburutegiari esker. Giro osoan kolore hotzen gama bera erabiltzea zurarekin konpentsatzen da, osagai natural nagusia baita eta berotasun osoz betetzen baitu konposizio guztia. Erdiko ateak irekitzean arropa guztiak aldi berean agerian uzten dituen jantzigela txikia [&hellip;]<\/p>\n","protected":false},"author":2,"featured_media":0,"parent":9088,"menu_order":31,"comment_status":"closed","ping_status":"closed","template":"","meta":[],"tipos_productos":[228],"acf":[],"yoast_head":"<!-- This site is optimized with the Yoast SEO plugin v20.0 - https:\/\/yoast.com\/wordpress\/plugins\/seo\/ -->\n<title>Larr\u00fan - Ate Lerragarri Planokideak - Induo<\/title>\n<meta name=\"description\" content=\"Hormak, itxura biziagoa dauka, ateen zabalera ezberdinen jokoari eta monotonia hausten duen liburutegiari esker. Giro osoan kolore hotzen gama bera erabiltzea zurarekin konpentsatzen da, osagai natural nagusia baita eta berotasun osoz betetzen baitu konposizio guztia.\" \/>\n<meta name=\"robots\" content=\"index, follow, max-snippet:-1, max-image-preview:large, max-video-preview:-1\" \/>\n<link rel=\"canonical\" href=\"https:\/\/induo.es\/eu\/produktoak\/neurrira-egindako-armairuak\/ate-lerragarri-planokideak\/larrun\/\" \/>\n<meta property=\"og:locale\" content=\"eu_ES\" \/>\n<meta property=\"og:type\" content=\"article\" \/>\n<meta property=\"og:title\" content=\"Larr\u00fan - Ate Lerragarri Planokideak - Induo\" \/>\n<meta property=\"og:description\" content=\"Hormak, itxura biziagoa dauka, ateen zabalera ezberdinen jokoari eta monotonia hausten duen liburutegiari esker. Giro osoan kolore hotzen gama bera erabiltzea zurarekin konpentsatzen da, osagai natural nagusia baita eta berotasun osoz betetzen baitu konposizio guztia.\" \/>\n<meta property=\"og:url\" content=\"https:\/\/induo.es\/eu\/produktoak\/neurrira-egindako-armairuak\/ate-lerragarri-planokideak\/larrun\/\" \/>\n<meta property=\"og:site_name\" content=\"Induo\" \/>\n<meta property=\"article:modified_time\" content=\"2023-11-28T15:15:07+00:00\" \/>\n<meta property=\"og:image\" content=\"https:\/\/induo.es\/wp-content\/uploads\/2022\/06\/larrun1.jpg\" \/>\n<meta name=\"twitter:card\" content=\"summary_large_image\" \/>\n<script type=\"application\/ld+json\" class=\"yoast-schema-graph\">{\"@context\":\"https:\/\/schema.org\",\"@graph\":[{\"@type\":\"WebPage\",\"@id\":\"https:\/\/induo.es\/eu\/produktoak\/neurrira-egindako-armairuak\/ate-lerragarri-planokideak\/larrun\/\",\"url\":\"https:\/\/induo.es\/eu\/produktoak\/neurrira-egindako-armairuak\/ate-lerragarri-planokideak\/larrun\/\",\"name\":\"Larr\u00fan - Ate Lerragarri Planokideak - Induo\",\"isPartOf\":{\"@id\":\"https:\/\/induo.es\/eu\/#website\"},\"datePublished\":\"2022-03-03T11:49:55+00:00\",\"dateModified\":\"2023-11-28T15:15:07+00:00\",\"description\":\"Hormak, itxura biziagoa dauka, ateen zabalera ezberdinen jokoari eta monotonia hausten duen liburutegiari esker. Giro osoan kolore hotzen gama bera erabiltzea zurarekin konpentsatzen da, osagai natural nagusia baita eta berotasun osoz betetzen baitu konposizio guztia.\",\"breadcrumb\":{\"@id\":\"https:\/\/induo.es\/eu\/produktoak\/neurrira-egindako-armairuak\/ate-lerragarri-planokideak\/larrun\/#breadcrumb\"},\"inLanguage\":\"eu-ES\",\"potentialAction\":[{\"@type\":\"ReadAction\",\"target\":[\"https:\/\/induo.es\/eu\/produktoak\/neurrira-egindako-armairuak\/ate-lerragarri-planokideak\/larrun\/\"]}]},{\"@type\":\"BreadcrumbList\",\"@id\":\"https:\/\/induo.es\/eu\/produktoak\/neurrira-egindako-armairuak\/ate-lerragarri-planokideak\/larrun\/#breadcrumb\",\"itemListElement\":[{\"@type\":\"ListItem\",\"position\":1,\"name\":\"Portada\",\"item\":\"https:\/\/induo.es\/eu\/\"},{\"@type\":\"ListItem\",\"position\":2,\"name\":\"Produktoak\",\"item\":\"https:\/\/induo.es\/eu\/productos\/\"},{\"@type\":\"ListItem\",\"position\":3,\"name\":\"Neurrira Egindako Armairuak\",\"item\":\"https:\/\/induo.es\/eu\/produktoak\/neurrira-egindako-armairuak\/\"},{\"@type\":\"ListItem\",\"position\":4,\"name\":\"Ate Lerragarriak\",\"item\":\"https:\/\/induo.es\/eu\/produktoak\/neurrira-egindako-armairuak\/ate-lerragarriak\/\"},{\"@type\":\"ListItem\",\"position\":5,\"name\":\"Larr\u00fan\"}]},{\"@type\":\"WebSite\",\"@id\":\"https:\/\/induo.es\/eu\/#website\",\"url\":\"https:\/\/induo.es\/eu\/\",\"name\":\"Induo\",\"description\":\"Armarios y Cocinas\",\"publisher\":{\"@id\":\"https:\/\/induo.es\/eu\/#organization\"},\"potentialAction\":[{\"@type\":\"SearchAction\",\"target\":{\"@type\":\"EntryPoint\",\"urlTemplate\":\"https:\/\/induo.es\/eu\/?s={search_term_string}\"},\"query-input\":\"required name=search_term_string\"}],\"inLanguage\":\"eu-ES\"},{\"@type\":\"Organization\",\"@id\":\"https:\/\/induo.es\/eu\/#organization\",\"name\":\"Induo\",\"url\":\"https:\/\/induo.es\/eu\/\",\"logo\":{\"@type\":\"ImageObject\",\"inLanguage\":\"eu-ES\",\"@id\":\"https:\/\/induo.es\/eu\/#\/schema\/logo\/image\/\",\"url\":\"https:\/\/induo.es\/wp-content\/uploads\/2022\/03\/cropped-logo-1.png\",\"contentUrl\":\"https:\/\/induo.es\/wp-content\/uploads\/2022\/03\/cropped-logo-1.png\",\"width\":150,\"height\":42,\"caption\":\"Induo\"},\"image\":{\"@id\":\"https:\/\/induo.es\/eu\/#\/schema\/logo\/image\/\"}}]}<\/script>\n<!-- \/ Yoast SEO plugin. -->","yoast_head_json":{"title":"Larr\u00fan - Ate Lerragarri Planokideak - Induo","description":"Hormak, itxura biziagoa dauka, ateen zabalera ezberdinen jokoari eta monotonia hausten duen liburutegiari esker. Giro osoan kolore hotzen gama bera erabiltzea zurarekin konpentsatzen da, osagai natural nagusia baita eta berotasun osoz betetzen baitu konposizio guztia.","robots":{"index":"index","follow":"follow","max-snippet":"max-snippet:-1","max-image-preview":"max-image-preview:large","max-video-preview":"max-video-preview:-1"},"canonical":"https:\/\/induo.es\/eu\/produktoak\/neurrira-egindako-armairuak\/ate-lerragarri-planokideak\/larrun\/","og_locale":"eu_ES","og_type":"article","og_title":"Larr\u00fan - Ate Lerragarri Planokideak - Induo","og_description":"Hormak, itxura biziagoa dauka, ateen zabalera ezberdinen jokoari eta monotonia hausten duen liburutegiari esker. Giro osoan kolore hotzen gama bera erabiltzea zurarekin konpentsatzen da, osagai natural nagusia baita eta berotasun osoz betetzen baitu konposizio guztia.","og_url":"https:\/\/induo.es\/eu\/produktoak\/neurrira-egindako-armairuak\/ate-lerragarri-planokideak\/larrun\/","og_site_name":"Induo","article_modified_time":"2023-11-28T15:15:07+00:00","og_image":[{"url":"https:\/\/induo.es\/wp-content\/uploads\/2022\/06\/larrun1.jpg"}],"twitter_card":"summary_large_image","schema":{"@context":"https:\/\/schema.org","@graph":[{"@type":"WebPage","@id":"https:\/\/induo.es\/eu\/produktoak\/neurrira-egindako-armairuak\/ate-lerragarri-planokideak\/larrun\/","url":"https:\/\/induo.es\/eu\/produktoak\/neurrira-egindako-armairuak\/ate-lerragarri-planokideak\/larrun\/","name":"Larr\u00fan - Ate Lerragarri Planokideak - Induo","isPartOf":{"@id":"https:\/\/induo.es\/eu\/#website"},"datePublished":"2022-03-03T11:49:55+00:00","dateModified":"2023-11-28T15:15:07+00:00","description":"Hormak, itxura biziagoa dauka, ateen zabalera ezberdinen jokoari eta monotonia hausten duen liburutegiari esker. Giro osoan kolore hotzen gama bera erabiltzea zurarekin konpentsatzen da, osagai natural nagusia baita eta berotasun osoz betetzen baitu konposizio guztia.","breadcrumb":{"@id":"https:\/\/induo.es\/eu\/produktoak\/neurrira-egindako-armairuak\/ate-lerragarri-planokideak\/larrun\/#breadcrumb"},"inLanguage":"eu-ES","potentialAction":[{"@type":"ReadAction","target":["https:\/\/induo.es\/eu\/produktoak\/neurrira-egindako-armairuak\/ate-lerragarri-planokideak\/larrun\/"]}]},{"@type":"BreadcrumbList","@id":"https:\/\/induo.es\/eu\/produktoak\/neurrira-egindako-armairuak\/ate-lerragarri-planokideak\/larrun\/#breadcrumb","itemListElement":[{"@type":"ListItem","position":1,"name":"Portada","item":"https:\/\/induo.es\/eu\/"},{"@type":"ListItem","position":2,"name":"Produktoak","item":"https:\/\/induo.es\/eu\/productos\/"},{"@type":"ListItem","position":3,"name":"Neurrira Egindako Armairuak","item":"https:\/\/induo.es\/eu\/produktoak\/neurrira-egindako-armairuak\/"},{"@type":"ListItem","position":4,"name":"Ate Lerragarriak","item":"https:\/\/induo.es\/eu\/produktoak\/neurrira-egindako-armairuak\/ate-lerragarriak\/"},{"@type":"ListItem","position":5,"name":"Larr\u00fan"}]},{"@type":"WebSite","@id":"https:\/\/induo.es\/eu\/#website","url":"https:\/\/induo.es\/eu\/","name":"Induo","description":"Armarios y Cocinas","publisher":{"@id":"https:\/\/induo.es\/eu\/#organization"},"potentialAction":[{"@type":"SearchAction","target":{"@type":"EntryPoint","urlTemplate":"https:\/\/induo.es\/eu\/?s={search_term_string}"},"query-input":"required name=search_term_string"}],"inLanguage":"eu-ES"},{"@type":"Organization","@id":"https:\/\/induo.es\/eu\/#organization","name":"Induo","url":"https:\/\/induo.es\/eu\/","logo":{"@type":"ImageObject","inLanguage":"eu-ES","@id":"https:\/\/induo.es\/eu\/#\/schema\/logo\/image\/","url":"https:\/\/induo.es\/wp-content\/uploads\/2022\/03\/cropped-logo-1.png","contentUrl":"https:\/\/induo.es\/wp-content\/uploads\/2022\/03\/cropped-logo-1.png","width":150,"height":42,"caption":"Induo"},"image":{"@id":"https:\/\/induo.es\/eu\/#\/schema\/logo\/image\/"}}]}},"_links":{"self":[{"href":"https:\/\/induo.es\/eu\/wp-json\/wp\/v2\/pages\/9130"}],"collection":[{"href":"https:\/\/induo.es\/eu\/wp-json\/wp\/v2\/pages"}],"about":[{"href":"https:\/\/induo.es\/eu\/wp-json\/wp\/v2\/types\/page"}],"author":[{"embeddable":true,"href":"https:\/\/induo.es\/eu\/wp-json\/wp\/v2\/users\/2"}],"replies":[{"embeddable":true,"href":"https:\/\/induo.es\/eu\/wp-json\/wp\/v2\/comments?post=9130"}],"version-history":[{"count":7,"href":"https:\/\/induo.es\/eu\/wp-json\/wp\/v2\/pages\/9130\/revisions"}],"predecessor-version":[{"id":11233,"href":"https:\/\/induo.es\/eu\/wp-json\/wp\/v2\/pages\/9130\/revisions\/11233"}],"up":[{"embeddable":true,"href":"https:\/\/induo.es\/eu\/wp-json\/wp\/v2\/pages\/9088"}],"wp:attachment":[{"href":"https:\/\/induo.es\/eu\/wp-json\/wp\/v2\/media?parent=9130"}],"wp:term":[{"taxonomy":"tipos_productos","embeddable":true,"href":"https:\/\/induo.es\/eu\/wp-json\/wp\/v2\/tipos_productos?post=9130"}],"curies":[{"name":"wp","href":"https:\/\/api.w.org\/{rel}","templated":true}]}}